{"id":67846,"date":"2023-04-24T07:45:11","date_gmt":"2023-04-24T05:45:11","guid":{"rendered":"https:\/\/magnetarmagnets.com\/magnetkalapuuk-leia-endale-parim-kalastusmagnet-original-magnetar\/"},"modified":"2025-10-06T16:29:38","modified_gmt":"2025-10-06T14:29:38","slug":"magnetpuuk-leia-endale-parim-otsingumagnet-original-magnetar","status":"publish","type":"page","link":"https:\/\/test.magnetarmagnets.com\/et\/","title":{"rendered":"Magnetp\u00fc\u00fck? Leia endale parim magnetp\u00fc\u00fcgi varustus | Original Magnetar\u00ae"},"content":{"rendered":"\n\n\n\n\n\n\n\n\n\n\n\n\n\n\n\n\n\n\n\n\n\n\n\n\n\n\n\n\n\n\n\n\n\n","protected":false},"excerpt":{"rendered":"","protected":false},"author":4466,"featured_media":0,"parent":0,"menu_order":0,"comment_status":"open","ping_status":"open","template":"elementor_header_footer","meta":{"_acf_changed":false,"inline_featured_image":false,"footnotes":""},"class_list":["post-67846","page","type-page","status-publish","hentry"],"acf":[],"yoast_head":"<!-- This site is optimized with the Yoast SEO plugin v27.6 - https:\/\/yoast.com\/product\/yoast-seo-wordpress\/ -->\n<title>Magnetar Magnets\u00ae - Magnetp\u00fc\u00fck - Tugevad neod\u00fc\u00fcmmagnetid<\/title>\n<meta name=\"description\" content=\"Avasta kvaliteetsed otsingumagnetid Magnetar Magnetsist. T\u00e4iuslik nii algajatele kui ka kogenud magnetp\u00fc\u00fcgi harrastajatele. Alusta oma seiklust juba t\u00e4na.\" \/>\n<meta name=\"robots\" content=\"index, follow, max-snippet:-1, max-image-preview:large, max-video-preview:-1\" \/>\n<link rel=\"canonical\" href=\"https:\/\/test.magnetarmagnets.com\/et\/\" \/>\n<meta property=\"og:locale\" content=\"et_EE\" \/>\n<meta property=\"og:type\" content=\"article\" \/>\n<meta property=\"og:title\" content=\"Magnetar Magnets\u00ae - Magnetp\u00fc\u00fck - Tugevad neod\u00fc\u00fcmmagnetid\" \/>\n<meta property=\"og:description\" content=\"Avasta kvaliteetsed otsingumagnetid Magnetar Magnetsist. T\u00e4iuslik nii algajatele kui ka kogenud magnetp\u00fc\u00fcgi harrastajatele. Alusta oma seiklust juba t\u00e4na.\" \/>\n<meta property=\"og:url\" content=\"https:\/\/test.magnetarmagnets.com\/et\/\" \/>\n<meta property=\"og:site_name\" content=\"Magnet fishing with a Magnetar fishing magnet\" \/>\n<meta property=\"article:publisher\" content=\"https:\/\/www.facebook.com\/fishingmagnets\/\" \/>\n<meta property=\"article:modified_time\" content=\"2025-10-06T14:29:38+00:00\" \/>\n<meta name=\"twitter:card\" content=\"summary_large_image\" \/>\n<script type=\"application\/ld+json\" class=\"yoast-schema-graph\">{\"@context\":\"https:\\\/\\\/schema.org\",\"@graph\":[{\"@type\":\"WebPage\",\"@id\":\"https:\\\/\\\/test.magnetarmagnets.com\\\/et\\\/\",\"url\":\"https:\\\/\\\/test.magnetarmagnets.com\\\/et\\\/\",\"name\":\"Magnetar Magnets\u00ae - Magnetp\u00fc\u00fck - Tugevad neod\u00fc\u00fcmmagnetid\",\"isPartOf\":{\"@id\":\"https:\\\/\\\/test.magnetarmagnets.com\\\/et\\\/#website\"},\"datePublished\":\"2023-04-24T05:45:11+00:00\",\"dateModified\":\"2025-10-06T14:29:38+00:00\",\"description\":\"Avasta kvaliteetsed otsingumagnetid Magnetar Magnetsist. T\u00e4iuslik nii algajatele kui ka kogenud magnetp\u00fc\u00fcgi harrastajatele. Alusta oma seiklust juba t\u00e4na.\",\"breadcrumb\":{\"@id\":\"https:\\\/\\\/test.magnetarmagnets.com\\\/et\\\/#breadcrumb\"},\"inLanguage\":\"et\",\"potentialAction\":[{\"@type\":\"ReadAction\",\"target\":[\"https:\\\/\\\/test.magnetarmagnets.com\\\/et\\\/\"]}]},{\"@type\":\"BreadcrumbList\",\"@id\":\"https:\\\/\\\/test.magnetarmagnets.com\\\/et\\\/#breadcrumb\",\"itemListElement\":[{\"@type\":\"ListItem\",\"position\":1,\"name\":\"Home\",\"item\":\"https:\\\/\\\/test.magnetarmagnets.com\\\/et\\\/\"},{\"@type\":\"ListItem\",\"position\":2,\"name\":\"Avaleht\"}]},{\"@type\":\"WebSite\",\"@id\":\"https:\\\/\\\/test.magnetarmagnets.com\\\/et\\\/#website\",\"url\":\"https:\\\/\\\/test.magnetarmagnets.com\\\/et\\\/\",\"name\":\"Magnet fishing with a Magnetar fishing magnet\",\"description\":\"Powerful magnets for magnet fishing\",\"publisher\":{\"@id\":\"https:\\\/\\\/test.magnetarmagnets.com\\\/et\\\/#organization\"},\"potentialAction\":[{\"@type\":\"SearchAction\",\"target\":{\"@type\":\"EntryPoint\",\"urlTemplate\":\"https:\\\/\\\/test.magnetarmagnets.com\\\/et\\\/?s={search_term_string}\"},\"query-input\":{\"@type\":\"PropertyValueSpecification\",\"valueRequired\":true,\"valueName\":\"search_term_string\"}}],\"inLanguage\":\"et\"},{\"@type\":\"Organization\",\"@id\":\"https:\\\/\\\/test.magnetarmagnets.com\\\/et\\\/#organization\",\"name\":\"Magnetar\",\"url\":\"https:\\\/\\\/test.magnetarmagnets.com\\\/et\\\/\",\"logo\":{\"@type\":\"ImageObject\",\"inLanguage\":\"et\",\"@id\":\"https:\\\/\\\/test.magnetarmagnets.com\\\/et\\\/#\\\/schema\\\/logo\\\/image\\\/\",\"url\":\"https:\\\/\\\/magnetarmagnets.com\\\/wp-content\\\/uploads\\\/2021\\\/01\\\/magnetarvismagneet_logo.png\",\"contentUrl\":\"https:\\\/\\\/magnetarmagnets.com\\\/wp-content\\\/uploads\\\/2021\\\/01\\\/magnetarvismagneet_logo.png\",\"width\":209,\"height\":100,\"caption\":\"Magnetar\"},\"image\":{\"@id\":\"https:\\\/\\\/test.magnetarmagnets.com\\\/et\\\/#\\\/schema\\\/logo\\\/image\\\/\"},\"sameAs\":[\"https:\\\/\\\/www.facebook.com\\\/fishingmagnets\\\/\",\"https:\\\/\\\/www.instagram.com\\\/magnetar_magnets\\\/\",\"https:\\\/\\\/www.linkedin.com\\\/company\\\/magnetarbv\\\/?originalSubdomain=nl\",\"https:\\\/\\\/www.youtube.com\\\/c\\\/MagnetarVismagneet\"]}]}<\/script>\n<!-- \/ Yoast SEO plugin. -->","yoast_head_json":{"title":"Magnetar Magnets\u00ae - Magnetp\u00fc\u00fck - Tugevad neod\u00fc\u00fcmmagnetid","description":"Avasta kvaliteetsed otsingumagnetid Magnetar Magnetsist. T\u00e4iuslik nii algajatele kui ka kogenud magnetp\u00fc\u00fcgi harrastajatele. Alusta oma seiklust juba t\u00e4na.","robots":{"index":"index","follow":"follow","max-snippet":"max-snippet:-1","max-image-preview":"max-image-preview:large","max-video-preview":"max-video-preview:-1"},"canonical":"https:\/\/test.magnetarmagnets.com\/et\/","og_locale":"et_EE","og_type":"article","og_title":"Magnetar Magnets\u00ae - Magnetp\u00fc\u00fck - Tugevad neod\u00fc\u00fcmmagnetid","og_description":"Avasta kvaliteetsed otsingumagnetid Magnetar Magnetsist. T\u00e4iuslik nii algajatele kui ka kogenud magnetp\u00fc\u00fcgi harrastajatele. Alusta oma seiklust juba t\u00e4na.","og_url":"https:\/\/test.magnetarmagnets.com\/et\/","og_site_name":"Magnet fishing with a Magnetar fishing magnet","article_publisher":"https:\/\/www.facebook.com\/fishingmagnets\/","article_modified_time":"2025-10-06T14:29:38+00:00","twitter_card":"summary_large_image","schema":{"@context":"https:\/\/schema.org","@graph":[{"@type":"WebPage","@id":"https:\/\/test.magnetarmagnets.com\/et\/","url":"https:\/\/test.magnetarmagnets.com\/et\/","name":"Magnetar Magnets\u00ae - Magnetp\u00fc\u00fck - Tugevad neod\u00fc\u00fcmmagnetid","isPartOf":{"@id":"https:\/\/test.magnetarmagnets.com\/et\/#website"},"datePublished":"2023-04-24T05:45:11+00:00","dateModified":"2025-10-06T14:29:38+00:00","description":"Avasta kvaliteetsed otsingumagnetid Magnetar Magnetsist. T\u00e4iuslik nii algajatele kui ka kogenud magnetp\u00fc\u00fcgi harrastajatele. Alusta oma seiklust juba t\u00e4na.","breadcrumb":{"@id":"https:\/\/test.magnetarmagnets.com\/et\/#breadcrumb"},"inLanguage":"et","potentialAction":[{"@type":"ReadAction","target":["https:\/\/test.magnetarmagnets.com\/et\/"]}]},{"@type":"BreadcrumbList","@id":"https:\/\/test.magnetarmagnets.com\/et\/#breadcrumb","itemListElement":[{"@type":"ListItem","position":1,"name":"Home","item":"https:\/\/test.magnetarmagnets.com\/et\/"},{"@type":"ListItem","position":2,"name":"Avaleht"}]},{"@type":"WebSite","@id":"https:\/\/test.magnetarmagnets.com\/et\/#website","url":"https:\/\/test.magnetarmagnets.com\/et\/","name":"Magnet fishing with a Magnetar fishing magnet","description":"Powerful magnets for magnet fishing","publisher":{"@id":"https:\/\/test.magnetarmagnets.com\/et\/#organization"},"potentialAction":[{"@type":"SearchAction","target":{"@type":"EntryPoint","urlTemplate":"https:\/\/test.magnetarmagnets.com\/et\/?s={search_term_string}"},"query-input":{"@type":"PropertyValueSpecification","valueRequired":true,"valueName":"search_term_string"}}],"inLanguage":"et"},{"@type":"Organization","@id":"https:\/\/test.magnetarmagnets.com\/et\/#organization","name":"Magnetar","url":"https:\/\/test.magnetarmagnets.com\/et\/","logo":{"@type":"ImageObject","inLanguage":"et","@id":"https:\/\/test.magnetarmagnets.com\/et\/#\/schema\/logo\/image\/","url":"https:\/\/magnetarmagnets.com\/wp-content\/uploads\/2021\/01\/magnetarvismagneet_logo.png","contentUrl":"https:\/\/magnetarmagnets.com\/wp-content\/uploads\/2021\/01\/magnetarvismagneet_logo.png","width":209,"height":100,"caption":"Magnetar"},"image":{"@id":"https:\/\/test.magnetarmagnets.com\/et\/#\/schema\/logo\/image\/"},"sameAs":["https:\/\/www.facebook.com\/fishingmagnets\/","https:\/\/www.instagram.com\/magnetar_magnets\/","https:\/\/www.linkedin.com\/company\/magnetarbv\/?originalSubdomain=nl","https:\/\/www.youtube.com\/c\/MagnetarVismagneet"]}]}},"_links":{"self":[{"href":"https:\/\/test.magnetarmagnets.com\/et\/wp-json\/wp\/v2\/pages\/67846","targetHints":{"allow":["GET"]}}],"collection":[{"href":"https:\/\/test.magnetarmagnets.com\/et\/wp-json\/wp\/v2\/pages"}],"about":[{"href":"https:\/\/test.magnetarmagnets.com\/et\/wp-json\/wp\/v2\/types\/page"}],"author":[{"embeddable":true,"href":"https:\/\/test.magnetarmagnets.com\/et\/wp-json\/wp\/v2\/users\/4466"}],"replies":[{"embeddable":true,"href":"https:\/\/test.magnetarmagnets.com\/et\/wp-json\/wp\/v2\/comments?post=67846"}],"version-history":[{"count":0,"href":"https:\/\/test.magnetarmagnets.com\/et\/wp-json\/wp\/v2\/pages\/67846\/revisions"}],"wp:attachment":[{"href":"https:\/\/test.magnetarmagnets.com\/et\/wp-json\/wp\/v2\/media?parent=67846"}],"curies":[{"name":"wp","href":"https:\/\/api.w.org\/{rel}","templated":true}]}}