{"id":83309,"date":"2025-06-05T09:53:04","date_gmt":"2025-06-05T07:53:04","guid":{"rendered":"https:\/\/magnetarmagnets.com\/?post_type=product&#038;p=83309"},"modified":"2026-03-18T16:10:58","modified_gmt":"2026-03-18T15:10:58","slug":"balicek-double-impact","status":"publish","type":"product","link":"https:\/\/test.magnetarmagnets.com\/cs\/shop\/balicek-double-impact\/","title":{"rendered":"Bal\u00ed\u010dek Double Impact"},"content":{"rendered":"<p>Pou\u017e\u00edv\u00e1n\u00ed ne jednoho, ale dvou magnet\u016f pro magnetick\u00e9 ryba\u0159en\u00ed? M\u016f\u017ee to zn\u00edt trochu neobvykle, ale po pou\u017eit\u00ed Double Impact zm\u011bn\u00edte n\u00e1zor! Tento bal\u00ed\u010dek v\u00e1m umo\u017en\u00ed hledat kr\u00e1sn\u00e9 podvodn\u00ed poklady se dv\u011bma Magnetar ryb\u00e1\u0159sk\u00fdmi magnety.<\/p>\n<h2>Zvy\u0161te sv\u016fj potenci\u00e1l \u00falovku s bal\u00ed\u010dky Double Impact<\/h2>\n<p>Pokud pou\u017e\u00edv\u00e1te Magnetar ryb\u00e1\u0159sk\u00fd magnet, v\u00edte, \u017ee m\u016f\u017eete snadno vyt\u00e1hnout v\u011bt\u0161inu p\u0159edm\u011bt\u016f z vody. Nicm\u00e9n\u011b v\u017edy hled\u00e1me zp\u016fsoby, jak zv\u00fd\u0161it potenci\u00e1l \u00falovku magnetick\u00fdch ryb\u00e1\u0159\u016f, a pr\u00e1v\u011b zde p\u0159ich\u00e1zej\u00ed na \u0159adu bal\u00ed\u010dky Double Impact.<\/p>\n<p>Double Impact je nov\u00fd n\u00e1stroj pro magnetick\u00e9 ryba\u0159en\u00ed. Je to krou\u017eek, kter\u00fd spojuje dv\u011b kovov\u00e9 ty\u010de. Na tyto ty\u010de lze p\u0159ipevnit dva p\u0159ilo\u017een\u00e9 Magnetar ryb\u00e1\u0159sk\u00e9 magnety.<\/p>\n<p>S Double Impact m\u00e1te dvojn\u00e1sobn\u00fd potenci\u00e1l \u00falovku. Magnetick\u00e1 pole ryb\u00e1\u0159sk\u00fdch magnet\u016f se navz\u00e1jem odpuzuj\u00ed, co\u017e v\u00fdrazn\u011b zv\u011bt\u0161uje celkov\u00e9 magnetick\u00e9 pole, co\u017e pozitivn\u011b ovliv\u0148uje v\u00e1\u0161 potenci\u00e1l \u00falovku. Krom\u011b v\u011bt\u0161\u00edho magnetick\u00e9ho pole tento produkt poskytuje dva magnety pracuj\u00edc\u00ed spole\u010dn\u011b k vyta\u017een\u00ed je\u0161t\u011b v\u011bt\u0161\u00edch p\u0159edm\u011bt\u016f z vody.<\/p>\n<h2>Jak pou\u017e\u00edvat Double Impact?<\/h2>\n<p>Magnetick\u00e9 ryba\u0159en\u00ed lze prov\u00e1d\u011bt r\u016fzn\u00fdmi zp\u016fsoby a Double Impact lze pou\u017e\u00edt r\u016fzn\u00fdmi zp\u016fsoby. Tento n\u00e1stroj je v\u0161ak nej\u00fa\u010dinn\u011bj\u0161\u00ed p\u0159i tahu. To v\u00e1m umo\u017en\u00ed snadno pokr\u00fdt v\u011bt\u0161\u00ed oblast ve vod\u011b.<\/p>\n<h2>Bal\u00ed\u010dek Double Impact 1 a Bal\u00ed\u010dek 2<\/h2>\n<p>Jsou k dispozici dva bal\u00ed\u010dky Double Impact. Prvn\u00ed bal\u00ed\u010dek obsahuje n\u00e1sleduj\u00edc\u00ed produkty: dva <a href=\"https:\/\/test.magnetarmagnets.com\/shop\/easy-magnet\">Easy<\/a> ryb\u00e1\u0159sk\u00e9 magnety, dva ochrann\u00e9 kryty Easy, jednu tubu lepidla, jeden p\u00e1r rukavic a jednu \u0161\u0148\u016fru o pr\u016fm\u011bru 6 mm.<\/p>\n<p>Druh\u00fd, siln\u011bj\u0161\u00ed bal\u00ed\u010dek se skl\u00e1d\u00e1 ze: dvou <a href=\"https:\/\/test.magnetarmagnets.com\/shop\/hardcore-magnet-2\">Hardcore<\/a> ryb\u00e1\u0159sk\u00fdch magnet\u016f, dvou ochrann\u00fdch kryt\u016f Hardcore, jedn\u00e9 tuby lepidla, jednoho p\u00e1ru rukavic a jedn\u00e9 \u0161\u0148\u016fry o pr\u016fm\u011bru 8 mm.<\/p>\n<h2>Bezpe\u010dnostn\u00ed upozorn\u011bn\u00ed<\/h2>\n<p>V Magnetar je bezpe\u010dnost na prvn\u00edm m\u00edst\u011b. Proto v\u00e1s chceme p\u0159ed pou\u017eit\u00edm Double Impact varovat. P\u0159ibli\u017eov\u00e1n\u00ed siln\u00fdch magnet\u016f m\u016f\u017ee v\u00e9st k nebezpe\u010dn\u00fdm situac\u00edm. Bu\u010fte si v\u011bdomi rizik p\u0159i sestavov\u00e1n\u00ed produktu. Magnetar nenese odpov\u011bdnost za jak\u00e9koli zran\u011bn\u00ed zp\u016fsoben\u00e9 neopatrn\u00fdm pou\u017eit\u00edm.<\/p>\n<p>Teoreticky je mo\u017en\u00e9 pou\u017e\u00edt Double Impact v kombinaci s <a href=\"https:\/\/test.magnetarmagnets.com\/shop\/exclusive-terror-magnet\">Terror<\/a>, <a href=\"https:\/\/test.magnetarmagnets.com\/shop\/beast-magnet\">Beast<\/a> a <a href=\"https:\/\/test.magnetarmagnets.com\/shop\/barbarian-magnet\">Barbarian<\/a>. V tomto p\u0159\u00edpad\u011b v\u0161ak Magnetar nenese odpov\u011bdnost za \u017e\u00e1dn\u00e9 nehody.<\/p>\n","protected":false},"excerpt":{"rendered":"<p><strong>Zv\u00fd\u0161te sv\u00e9 \u0161ance<\/strong> na \u00falovek p\u0159i magnetick\u00e9m ryba\u0159en\u00ed s <strong>bal\u00ed\u010dky Double Impact<\/strong> od Magnetar! S t\u00edmto p\u0159\u00edslu\u0161enstv\u00edm m\u016f\u017eete <strong>kombinovat dva ryb\u00e1\u0159sk\u00e9 magnety<\/strong>.<\/p>\n","protected":false},"featured_media":80325,"comment_status":"open","ping_status":"closed","template":"","meta":{"_acf_changed":false,"inline_featured_image":false},"product_brand":[],"product_cat":[561,553,558,570,562,1000],"product_tag":[],"class_list":{"0":"post-83309","1":"product","2":"type-product","3":"status-publish","4":"has-post-thumbnail","6":"product_cat-allround-fishing-magnety-360","7":"product_cat-fishing-magnets-cs","8":"product_cat-nejsilnejsi-fishing-magnety","9":"product_cat-profesionalove","10":"product_cat-sada-na-magnet-fishing","11":"product_cat-vsechny-produkty","13":"first","14":"instock","15":"sale","16":"taxable","17":"shipping-taxable","18":"purchasable","19":"product-type-variable"},"acf":[],"yoast_head":"<!-- This site is optimized with the Yoast SEO plugin v27.6 - https:\/\/yoast.com\/product\/yoast-seo-wordpress\/ -->\n<title>Bal\u00ed\u010dek Double Impact - Magnet fishing with a Magnetar fishing magnet<\/title>\n<meta name=\"description\" content=\"Bal\u00ed\u010dek Double Impact - Z\u00e1kladn\u00ed vybaven\u00ed Magnetar pro magnetick\u00e9 ryba\u0159en\u00ed\" \/>\n<meta name=\"robots\" content=\"index, follow, max-snippet:-1, max-image-preview:large, max-video-preview:-1\" \/>\n<link rel=\"canonical\" href=\"https:\/\/test.magnetarmagnets.com\/cs\/shop\/balicek-double-impact\/\" \/>\n<meta property=\"og:locale\" content=\"cs_CZ\" \/>\n<meta property=\"og:type\" content=\"article\" \/>\n<meta property=\"og:title\" content=\"Bal\u00ed\u010dek Double Impact - Magnet fishing with a Magnetar fishing magnet\" \/>\n<meta property=\"og:description\" content=\"Bal\u00ed\u010dek Double Impact - Z\u00e1kladn\u00ed vybaven\u00ed Magnetar pro magnetick\u00e9 ryba\u0159en\u00ed\" \/>\n<meta property=\"og:url\" content=\"https:\/\/test.magnetarmagnets.com\/cs\/shop\/balicek-double-impact\/\" \/>\n<meta property=\"og:site_name\" content=\"Magnet fishing with a Magnetar fishing magnet\" \/>\n<meta property=\"article:publisher\" content=\"https:\/\/www.facebook.com\/fishingmagnets\/\" \/>\n<meta property=\"article:modified_time\" content=\"2026-03-18T15:10:58+00:00\" \/>\n<meta property=\"og:image\" content=\"https:\/\/test.magnetarmagnets.com\/wp-content\/uploads\/2023\/10\/DOUBLE-TROUBLE-HARDCORE.png\" \/>\n\t<meta property=\"og:image:width\" content=\"1500\" \/>\n\t<meta property=\"og:image:height\" content=\"1500\" \/>\n\t<meta property=\"og:image:type\" content=\"image\/png\" \/>\n<meta name=\"twitter:card\" content=\"summary_large_image\" \/>\n<meta name=\"twitter:label1\" content=\"Odhadovan\u00e1 doba \u010dten\u00ed\" \/>\n\t<meta name=\"twitter:data1\" content=\"2 minuty\" \/>\n<script type=\"application\/ld+json\" class=\"yoast-schema-graph\">{\"@context\":\"https:\\\/\\\/schema.org\",\"@graph\":[{\"@type\":[\"WebPage\",\"ItemPage\"],\"@id\":\"https:\\\/\\\/test.magnetarmagnets.com\\\/cs\\\/shop\\\/balicek-double-impact\\\/\",\"url\":\"https:\\\/\\\/test.magnetarmagnets.com\\\/cs\\\/shop\\\/balicek-double-impact\\\/\",\"name\":\"Bal\u00ed\u010dek Double Impact - Magnet fishing with a Magnetar fishing magnet\",\"isPartOf\":{\"@id\":\"https:\\\/\\\/test.magnetarmagnets.com\\\/cs\\\/#website\"},\"primaryImageOfPage\":{\"@id\":\"https:\\\/\\\/test.magnetarmagnets.com\\\/cs\\\/shop\\\/balicek-double-impact\\\/#primaryimage\"},\"image\":{\"@id\":\"https:\\\/\\\/test.magnetarmagnets.com\\\/cs\\\/shop\\\/balicek-double-impact\\\/#primaryimage\"},\"thumbnailUrl\":\"https:\\\/\\\/test.magnetarmagnets.com\\\/wp-content\\\/uploads\\\/2023\\\/10\\\/DOUBLE-TROUBLE-HARDCORE.png\",\"datePublished\":\"2025-06-05T07:53:04+00:00\",\"dateModified\":\"2026-03-18T15:10:58+00:00\",\"description\":\"Bal\u00ed\u010dek Double Impact - Z\u00e1kladn\u00ed vybaven\u00ed Magnetar pro magnetick\u00e9 ryba\u0159en\u00ed\",\"breadcrumb\":{\"@id\":\"https:\\\/\\\/test.magnetarmagnets.com\\\/cs\\\/shop\\\/balicek-double-impact\\\/#breadcrumb\"},\"inLanguage\":\"cs\",\"potentialAction\":[{\"@type\":\"ReadAction\",\"target\":[\"https:\\\/\\\/test.magnetarmagnets.com\\\/cs\\\/shop\\\/balicek-double-impact\\\/\"]}]},{\"@type\":\"ImageObject\",\"inLanguage\":\"cs\",\"@id\":\"https:\\\/\\\/test.magnetarmagnets.com\\\/cs\\\/shop\\\/balicek-double-impact\\\/#primaryimage\",\"url\":\"https:\\\/\\\/test.magnetarmagnets.com\\\/wp-content\\\/uploads\\\/2023\\\/10\\\/DOUBLE-TROUBLE-HARDCORE.png\",\"contentUrl\":\"https:\\\/\\\/test.magnetarmagnets.com\\\/wp-content\\\/uploads\\\/2023\\\/10\\\/DOUBLE-TROUBLE-HARDCORE.png\",\"width\":1500,\"height\":1500,\"caption\":\"Double package 360 magnet\"},{\"@type\":\"BreadcrumbList\",\"@id\":\"https:\\\/\\\/test.magnetarmagnets.com\\\/cs\\\/shop\\\/balicek-double-impact\\\/#breadcrumb\",\"itemListElement\":[{\"@type\":\"ListItem\",\"position\":1,\"name\":\"Home\",\"item\":\"https:\\\/\\\/test.magnetarmagnets.com\\\/cs\\\/\"},{\"@type\":\"ListItem\",\"position\":2,\"name\":\"Obchod\",\"item\":\"https:\\\/\\\/test.magnetarmagnets.com\\\/shop\\\/\"},{\"@type\":\"ListItem\",\"position\":3,\"name\":\"Fishing magnety\",\"item\":\"https:\\\/\\\/test.magnetarmagnets.com\\\/cs\\\/collections\\\/fishing-magnets-cs\\\/\"},{\"@type\":\"ListItem\",\"position\":4,\"name\":\"Allround fishing magnety 360\u00b0\",\"item\":\"https:\\\/\\\/test.magnetarmagnets.com\\\/cs\\\/collections\\\/fishing-magnets-cs\\\/allround-fishing-magnety-360\\\/\"},{\"@type\":\"ListItem\",\"position\":5,\"name\":\"Bal\u00ed\u010dek Double Impact\"}]},{\"@type\":\"WebSite\",\"@id\":\"https:\\\/\\\/test.magnetarmagnets.com\\\/cs\\\/#website\",\"url\":\"https:\\\/\\\/test.magnetarmagnets.com\\\/cs\\\/\",\"name\":\"Magnet fishing with a Magnetar fishing magnet\",\"description\":\"Powerful magnets for magnet fishing\",\"publisher\":{\"@id\":\"https:\\\/\\\/test.magnetarmagnets.com\\\/cs\\\/#organization\"},\"potentialAction\":[{\"@type\":\"SearchAction\",\"target\":{\"@type\":\"EntryPoint\",\"urlTemplate\":\"https:\\\/\\\/test.magnetarmagnets.com\\\/cs\\\/?s={search_term_string}\"},\"query-input\":{\"@type\":\"PropertyValueSpecification\",\"valueRequired\":true,\"valueName\":\"search_term_string\"}}],\"inLanguage\":\"cs\"},{\"@type\":\"Organization\",\"@id\":\"https:\\\/\\\/test.magnetarmagnets.com\\\/cs\\\/#organization\",\"name\":\"Magnetar\",\"url\":\"https:\\\/\\\/test.magnetarmagnets.com\\\/cs\\\/\",\"logo\":{\"@type\":\"ImageObject\",\"inLanguage\":\"cs\",\"@id\":\"https:\\\/\\\/test.magnetarmagnets.com\\\/cs\\\/#\\\/schema\\\/logo\\\/image\\\/\",\"url\":\"https:\\\/\\\/magnetarmagnets.com\\\/wp-content\\\/uploads\\\/2021\\\/01\\\/magnetarvismagneet_logo.png\",\"contentUrl\":\"https:\\\/\\\/magnetarmagnets.com\\\/wp-content\\\/uploads\\\/2021\\\/01\\\/magnetarvismagneet_logo.png\",\"width\":209,\"height\":100,\"caption\":\"Magnetar\"},\"image\":{\"@id\":\"https:\\\/\\\/test.magnetarmagnets.com\\\/cs\\\/#\\\/schema\\\/logo\\\/image\\\/\"},\"sameAs\":[\"https:\\\/\\\/www.facebook.com\\\/fishingmagnets\\\/\",\"https:\\\/\\\/www.instagram.com\\\/magnetar_magnets\\\/\",\"https:\\\/\\\/www.linkedin.com\\\/company\\\/magnetarbv\\\/?originalSubdomain=nl\",\"https:\\\/\\\/www.youtube.com\\\/c\\\/MagnetarVismagneet\"]}]}<\/script>\n<!-- \/ Yoast SEO plugin. -->","yoast_head_json":{"title":"Bal\u00ed\u010dek Double Impact - Magnet fishing with a Magnetar fishing magnet","description":"Bal\u00ed\u010dek Double Impact - Z\u00e1kladn\u00ed vybaven\u00ed Magnetar pro magnetick\u00e9 ryba\u0159en\u00ed","robots":{"index":"index","follow":"follow","max-snippet":"max-snippet:-1","max-image-preview":"max-image-preview:large","max-video-preview":"max-video-preview:-1"},"canonical":"https:\/\/test.magnetarmagnets.com\/cs\/shop\/balicek-double-impact\/","og_locale":"cs_CZ","og_type":"article","og_title":"Bal\u00ed\u010dek Double Impact - Magnet fishing with a Magnetar fishing magnet","og_description":"Bal\u00ed\u010dek Double Impact - Z\u00e1kladn\u00ed vybaven\u00ed Magnetar pro magnetick\u00e9 ryba\u0159en\u00ed","og_url":"https:\/\/test.magnetarmagnets.com\/cs\/shop\/balicek-double-impact\/","og_site_name":"Magnet fishing with a Magnetar fishing magnet","article_publisher":"https:\/\/www.facebook.com\/fishingmagnets\/","article_modified_time":"2026-03-18T15:10:58+00:00","og_image":[{"width":1500,"height":1500,"url":"https:\/\/test.magnetarmagnets.com\/wp-content\/uploads\/2023\/10\/DOUBLE-TROUBLE-HARDCORE.png","type":"image\/png"}],"twitter_card":"summary_large_image","twitter_misc":{"Odhadovan\u00e1 doba \u010dten\u00ed":"2 minuty"},"schema":{"@context":"https:\/\/schema.org","@graph":[{"@type":["WebPage","ItemPage"],"@id":"https:\/\/test.magnetarmagnets.com\/cs\/shop\/balicek-double-impact\/","url":"https:\/\/test.magnetarmagnets.com\/cs\/shop\/balicek-double-impact\/","name":"Bal\u00ed\u010dek Double Impact - Magnet fishing with a Magnetar fishing magnet","isPartOf":{"@id":"https:\/\/test.magnetarmagnets.com\/cs\/#website"},"primaryImageOfPage":{"@id":"https:\/\/test.magnetarmagnets.com\/cs\/shop\/balicek-double-impact\/#primaryimage"},"image":{"@id":"https:\/\/test.magnetarmagnets.com\/cs\/shop\/balicek-double-impact\/#primaryimage"},"thumbnailUrl":"https:\/\/test.magnetarmagnets.com\/wp-content\/uploads\/2023\/10\/DOUBLE-TROUBLE-HARDCORE.png","datePublished":"2025-06-05T07:53:04+00:00","dateModified":"2026-03-18T15:10:58+00:00","description":"Bal\u00ed\u010dek Double Impact - Z\u00e1kladn\u00ed vybaven\u00ed Magnetar pro magnetick\u00e9 ryba\u0159en\u00ed","breadcrumb":{"@id":"https:\/\/test.magnetarmagnets.com\/cs\/shop\/balicek-double-impact\/#breadcrumb"},"inLanguage":"cs","potentialAction":[{"@type":"ReadAction","target":["https:\/\/test.magnetarmagnets.com\/cs\/shop\/balicek-double-impact\/"]}]},{"@type":"ImageObject","inLanguage":"cs","@id":"https:\/\/test.magnetarmagnets.com\/cs\/shop\/balicek-double-impact\/#primaryimage","url":"https:\/\/test.magnetarmagnets.com\/wp-content\/uploads\/2023\/10\/DOUBLE-TROUBLE-HARDCORE.png","contentUrl":"https:\/\/test.magnetarmagnets.com\/wp-content\/uploads\/2023\/10\/DOUBLE-TROUBLE-HARDCORE.png","width":1500,"height":1500,"caption":"Double package 360 magnet"},{"@type":"BreadcrumbList","@id":"https:\/\/test.magnetarmagnets.com\/cs\/shop\/balicek-double-impact\/#breadcrumb","itemListElement":[{"@type":"ListItem","position":1,"name":"Home","item":"https:\/\/test.magnetarmagnets.com\/cs\/"},{"@type":"ListItem","position":2,"name":"Obchod","item":"https:\/\/test.magnetarmagnets.com\/shop\/"},{"@type":"ListItem","position":3,"name":"Fishing magnety","item":"https:\/\/test.magnetarmagnets.com\/cs\/collections\/fishing-magnets-cs\/"},{"@type":"ListItem","position":4,"name":"Allround fishing magnety 360\u00b0","item":"https:\/\/test.magnetarmagnets.com\/cs\/collections\/fishing-magnets-cs\/allround-fishing-magnety-360\/"},{"@type":"ListItem","position":5,"name":"Bal\u00ed\u010dek Double Impact"}]},{"@type":"WebSite","@id":"https:\/\/test.magnetarmagnets.com\/cs\/#website","url":"https:\/\/test.magnetarmagnets.com\/cs\/","name":"Magnet fishing with a Magnetar fishing magnet","description":"Powerful magnets for magnet fishing","publisher":{"@id":"https:\/\/test.magnetarmagnets.com\/cs\/#organization"},"potentialAction":[{"@type":"SearchAction","target":{"@type":"EntryPoint","urlTemplate":"https:\/\/test.magnetarmagnets.com\/cs\/?s={search_term_string}"},"query-input":{"@type":"PropertyValueSpecification","valueRequired":true,"valueName":"search_term_string"}}],"inLanguage":"cs"},{"@type":"Organization","@id":"https:\/\/test.magnetarmagnets.com\/cs\/#organization","name":"Magnetar","url":"https:\/\/test.magnetarmagnets.com\/cs\/","logo":{"@type":"ImageObject","inLanguage":"cs","@id":"https:\/\/test.magnetarmagnets.com\/cs\/#\/schema\/logo\/image\/","url":"https:\/\/magnetarmagnets.com\/wp-content\/uploads\/2021\/01\/magnetarvismagneet_logo.png","contentUrl":"https:\/\/magnetarmagnets.com\/wp-content\/uploads\/2021\/01\/magnetarvismagneet_logo.png","width":209,"height":100,"caption":"Magnetar"},"image":{"@id":"https:\/\/test.magnetarmagnets.com\/cs\/#\/schema\/logo\/image\/"},"sameAs":["https:\/\/www.facebook.com\/fishingmagnets\/","https:\/\/www.instagram.com\/magnetar_magnets\/","https:\/\/www.linkedin.com\/company\/magnetarbv\/?originalSubdomain=nl","https:\/\/www.youtube.com\/c\/MagnetarVismagneet"]}]}},"_links":{"self":[{"href":"https:\/\/test.magnetarmagnets.com\/cs\/wp-json\/wp\/v2\/product\/83309","targetHints":{"allow":["GET"]}}],"collection":[{"href":"https:\/\/test.magnetarmagnets.com\/cs\/wp-json\/wp\/v2\/product"}],"about":[{"href":"https:\/\/test.magnetarmagnets.com\/cs\/wp-json\/wp\/v2\/types\/product"}],"replies":[{"embeddable":true,"href":"https:\/\/test.magnetarmagnets.com\/cs\/wp-json\/wp\/v2\/comments?post=83309"}],"wp:featuredmedia":[{"embeddable":true,"href":"https:\/\/test.magnetarmagnets.com\/cs\/wp-json\/wp\/v2\/media\/80325"}],"wp:attachment":[{"href":"https:\/\/test.magnetarmagnets.com\/cs\/wp-json\/wp\/v2\/media?parent=83309"}],"wp:term":[{"taxonomy":"product_brand","embeddable":true,"href":"https:\/\/test.magnetarmagnets.com\/cs\/wp-json\/wp\/v2\/product_brand?post=83309"},{"taxonomy":"product_cat","embeddable":true,"href":"https:\/\/test.magnetarmagnets.com\/cs\/wp-json\/wp\/v2\/product_cat?post=83309"},{"taxonomy":"product_tag","embeddable":true,"href":"https:\/\/test.magnetarmagnets.com\/cs\/wp-json\/wp\/v2\/product_tag?post=83309"}],"curies":[{"name":"wp","href":"https:\/\/api.w.org\/{rel}","templated":true}]}}