{"id":83284,"date":"2025-06-05T09:53:44","date_gmt":"2025-06-05T07:53:44","guid":{"rendered":"https:\/\/magnetarmagnets.com\/?post_type=product&#038;p=83284"},"modified":"2026-03-16T19:01:27","modified_gmt":"2026-03-16T18:01:27","slug":"vyhrivana-pracovni-vesta-magma-l","status":"publish","type":"product","link":"https:\/\/test.magnetarmagnets.com\/cs\/shop\/vyhrivana-pracovni-vesta-magma-l\/","title":{"rendered":"Vyh\u0159\u00edvan\u00e1 pracovn\u00ed vesta Magma L"},"content":{"rendered":"<h2><img fetchpriority=\"high\" decoding=\"async\" class=\"aligncenter size-full wp-image-51853\" src=\"https:\/\/test.magnetarmagnets.com\/wp-content\/uploads\/2021\/02\/work-vest-engels.png\" alt=\"pracovn\u00ed vesta, vyh\u0159\u00edvan\u00e1 vesta, Magnetar Heat, tepl\u00e9 oble\u010den\u00ed, mikina, vesta, vyh\u0159\u00edvac\u00ed oble\u010den\u00ed\" width=\"765\" height=\"455\" srcset=\"https:\/\/test.magnetarmagnets.com\/wp-content\/uploads\/2021\/02\/work-vest-engels.png 765w, https:\/\/test.magnetarmagnets.com\/wp-content\/uploads\/2021\/02\/work-vest-engels-150x89.png 150w, https:\/\/test.magnetarmagnets.com\/wp-content\/uploads\/2021\/02\/work-vest-engels-600x357.png 600w, https:\/\/test.magnetarmagnets.com\/wp-content\/uploads\/2021\/02\/work-vest-engels-300x178.png 300w\" sizes=\"(max-width: 765px) 100vw, 765px\" \/><\/h2>\n<h2>Nejlep\u0161\u00ed vyh\u0159\u00edvan\u00e1 pracovn\u00ed vesta<\/h2>\n<p><strong>Vyh\u0159\u00edvan\u00e1 pracovn\u00ed vesta?<\/strong> Na\u0161e pracovn\u00ed vesty v\u00e1s udr\u017e\u00ed v teple i b\u011bhem chladn\u011bj\u0161\u00edch dn\u016f. Tato bateriov\u00e1 pracovn\u00ed vesta m\u00e1 t\u0159i stupn\u011b vyt\u00e1p\u011bn\u00ed, tak\u017ee si v\u017edy nastav\u00edte pohodlnou teplotu. Pracujete cel\u00fd den venku? Pracujete venku za chladn\u00e9ho po\u010das\u00ed? Chladn\u00fd letn\u00ed ve\u010der? Pr\u00e1ce ve v\u011btru nebo pozd\u011b v noci? Tato pohodln\u00e1, v\u011btru a vod\u011b odoln\u00e1 vyh\u0159\u00edvan\u00e1 pracovn\u00ed vesta v\u00e1s udr\u017e\u00ed v teple. <strong>Vesta Magnetar Heat m\u00e1 v\u011bt\u0161\u00ed velikost, proto objednejte men\u0161\u00ed!<\/strong><\/p>\n<h2>Informace o produktu Vyh\u0159\u00edvan\u00e1 pracovn\u00ed vesta<\/h2>\n<p>Sou\u010d\u00e1st\u00ed je baterie o velikosti mobiln\u00edho telefonu, kter\u00e1 v\u00e1s m\u016f\u017ee udr\u017eet v teple a\u017e <strong>9 hodin<\/strong>, v z\u00e1vislosti na nastaven\u00ed teploty. Vesta <strong>obsahuje baterii a nab\u00edje\u010dku.<\/strong> Pracovn\u00ed vesta je vyrobena z v\u011btru a vod\u011b odoln\u00e9 bavlny a vnit\u0159n\u00ed pod\u0161\u00edvka je z nylonov\u00e9ho materi\u00e1lu, kter\u00fd se snadno \u010dist\u00ed, co\u017e v\u00e1m umo\u017e\u0148uje plnou volnost pohybu b\u011bhem pr\u00e1ce. S touto vyh\u0159\u00edvanou pracovn\u00ed vestou nemus\u00edte vrstvit v\u00edce vrstev oble\u010den\u00ed, nap\u0159\u00edklad kdy\u017e pracujete na farm\u011b, jako silni\u010d\u00e1\u0159, ve stavebnictv\u00ed, jako mal\u00ed\u0159, na kon\u00edrn\u011b, p\u0159i lovu, jako zahradn\u00edk a podobn\u011b. Je to pracovn\u00ed vesta, kter\u00e1 nab\u00edz\u00ed vysok\u00fd komfort a plnou volnost pohybu.<\/p>\n<p>Vyh\u0159\u00edvac\u00ed z\u00f3ny v\u00e1m poskytnou p\u0159\u00edjemn\u00e9 teplo p\u0159esn\u011b v t\u011bch \u010d\u00e1stech horn\u00ed \u010d\u00e1sti t\u011bla, kde ho pot\u0159ebujete, na hrudi a z\u00e1dech. N\u00edzk\u00e9, st\u0159edn\u00ed a vysok\u00e9 nastaven\u00ed v\u00e1m umo\u017en\u00ed p\u0159izp\u016fsobit se prost\u0159ed\u00ed a z\u016fstat v teple po cel\u00fd den. Pot\u00e9 baterii jednodu\u0161e nabijete za 3-4 hodiny a jste p\u0159ipraveni vyrazit.<\/p>\n<p>Na\u0161e pracovn\u00ed vesty jsou vyrobeny z odoln\u00e9ho a kvalitn\u00edho materi\u00e1lu, kter\u00fd v\u00e1s udr\u017e\u00ed v teple za v\u0161ech pov\u011btrnostn\u00edch podm\u00ednek.<\/p>\n<h2>Vyh\u0159\u00edvan\u00e1 vesta s certifikac\u00ed CE<\/h2>\n<p>Vyh\u0159\u00edvan\u00e9 pracovn\u00ed vesty jsou certifikov\u00e1ny CE. Pln\u011b podporujeme n\u00e1\u0161 produkt a proto nab\u00edz\u00edme <strong>z\u00e1ruku 1 rok<\/strong>.<\/p>\n<p><strong>Vesta Magnetar Heat m\u00e1 v\u011bt\u0161\u00ed velikost, proto objednejte men\u0161\u00ed!<\/strong><\/p>\n","protected":false},"excerpt":{"rendered":"<p>Toto je vyh\u0159\u00edvan\u00e1 pracovn\u00ed vesta s mo\u017enost\u00ed nastaven\u00ed teploty ve 3 stupn\u00edch. Udr\u017e\u00ed v\u00e1s v teple, kdy\u017e to pot\u0159ebujete. Extra odoln\u00e1 proti od\u011bru.<\/p>\n","protected":false},"featured_media":77849,"comment_status":"open","ping_status":"closed","template":"","meta":{"_acf_changed":false,"inline_featured_image":false},"product_brand":[],"product_cat":[1000],"product_tag":[],"class_list":{"0":"post-83284","1":"product","2":"type-product","3":"status-publish","4":"has-post-thumbnail","6":"product_cat-vsechny-produkty","8":"first","9":"instock","10":"taxable","11":"shipping-taxable","12":"purchasable","13":"product-type-simple"},"acf":[],"yoast_head":"<!-- This site is optimized with the Yoast SEO plugin v27.6 - https:\/\/yoast.com\/product\/yoast-seo-wordpress\/ -->\n<title>Vyh\u0159\u00edvan\u00e1 pracovn\u00ed vesta Magma L - Magnet fishing with a Magnetar fishing magnet<\/title>\n<meta name=\"description\" content=\"Pracovn\u00ed vesta? Tato bateriov\u00e1 pracovn\u00ed vesta m\u00e1 t\u0159i stupn\u011b vyt\u00e1p\u011bn\u00ed, tak\u017ee si v\u017edy nastav\u00edte pohodlnou teplotu.\" \/>\n<meta name=\"robots\" content=\"index, follow, max-snippet:-1, max-image-preview:large, max-video-preview:-1\" \/>\n<link rel=\"canonical\" href=\"https:\/\/test.magnetarmagnets.com\/cs\/shop\/vyhrivana-pracovni-vesta-magma-l\/\" \/>\n<meta property=\"og:locale\" content=\"cs_CZ\" \/>\n<meta property=\"og:type\" content=\"article\" \/>\n<meta property=\"og:title\" content=\"Vyh\u0159\u00edvan\u00e1 pracovn\u00ed vesta Magma L - Magnet fishing with a Magnetar fishing magnet\" \/>\n<meta property=\"og:description\" content=\"Pracovn\u00ed vesta? Tato bateriov\u00e1 pracovn\u00ed vesta m\u00e1 t\u0159i stupn\u011b vyt\u00e1p\u011bn\u00ed, tak\u017ee si v\u017edy nastav\u00edte pohodlnou teplotu.\" \/>\n<meta property=\"og:url\" content=\"https:\/\/test.magnetarmagnets.com\/cs\/shop\/vyhrivana-pracovni-vesta-magma-l\/\" \/>\n<meta property=\"og:site_name\" content=\"Magnet fishing with a Magnetar fishing magnet\" \/>\n<meta property=\"article:publisher\" content=\"https:\/\/www.facebook.com\/fishingmagnets\/\" \/>\n<meta property=\"article:modified_time\" content=\"2026-03-16T18:01:27+00:00\" \/>\n<meta property=\"og:image\" content=\"https:\/\/test.magnetarmagnets.com\/wp-content\/uploads\/2021\/02\/heated-work-jacket-scaled.jpg\" \/>\n\t<meta property=\"og:image:width\" content=\"2330\" \/>\n\t<meta property=\"og:image:height\" content=\"2560\" \/>\n\t<meta property=\"og:image:type\" content=\"image\/jpeg\" \/>\n<meta name=\"twitter:card\" content=\"summary_large_image\" \/>\n<meta name=\"twitter:label1\" content=\"Odhadovan\u00e1 doba \u010dten\u00ed\" \/>\n\t<meta name=\"twitter:data1\" content=\"2 minuty\" \/>\n<script type=\"application\/ld+json\" class=\"yoast-schema-graph\">{\"@context\":\"https:\\\/\\\/schema.org\",\"@graph\":[{\"@type\":[\"WebPage\",\"ItemPage\"],\"@id\":\"https:\\\/\\\/test.magnetarmagnets.com\\\/cs\\\/shop\\\/vyhrivana-pracovni-vesta-magma-l\\\/\",\"url\":\"https:\\\/\\\/test.magnetarmagnets.com\\\/cs\\\/shop\\\/vyhrivana-pracovni-vesta-magma-l\\\/\",\"name\":\"Vyh\u0159\u00edvan\u00e1 pracovn\u00ed vesta Magma L - Magnet fishing with a Magnetar fishing magnet\",\"isPartOf\":{\"@id\":\"https:\\\/\\\/test.magnetarmagnets.com\\\/cs\\\/#website\"},\"primaryImageOfPage\":{\"@id\":\"https:\\\/\\\/test.magnetarmagnets.com\\\/cs\\\/shop\\\/vyhrivana-pracovni-vesta-magma-l\\\/#primaryimage\"},\"image\":{\"@id\":\"https:\\\/\\\/test.magnetarmagnets.com\\\/cs\\\/shop\\\/vyhrivana-pracovni-vesta-magma-l\\\/#primaryimage\"},\"thumbnailUrl\":\"https:\\\/\\\/test.magnetarmagnets.com\\\/wp-content\\\/uploads\\\/2021\\\/02\\\/heated-work-jacket-scaled.jpg\",\"datePublished\":\"2025-06-05T07:53:44+00:00\",\"dateModified\":\"2026-03-16T18:01:27+00:00\",\"description\":\"Pracovn\u00ed vesta? Tato bateriov\u00e1 pracovn\u00ed vesta m\u00e1 t\u0159i stupn\u011b vyt\u00e1p\u011bn\u00ed, tak\u017ee si v\u017edy nastav\u00edte pohodlnou teplotu.\",\"breadcrumb\":{\"@id\":\"https:\\\/\\\/test.magnetarmagnets.com\\\/cs\\\/shop\\\/vyhrivana-pracovni-vesta-magma-l\\\/#breadcrumb\"},\"inLanguage\":\"cs\",\"potentialAction\":[{\"@type\":\"ReadAction\",\"target\":[\"https:\\\/\\\/test.magnetarmagnets.com\\\/cs\\\/shop\\\/vyhrivana-pracovni-vesta-magma-l\\\/\"]}]},{\"@type\":\"ImageObject\",\"inLanguage\":\"cs\",\"@id\":\"https:\\\/\\\/test.magnetarmagnets.com\\\/cs\\\/shop\\\/vyhrivana-pracovni-vesta-magma-l\\\/#primaryimage\",\"url\":\"https:\\\/\\\/test.magnetarmagnets.com\\\/wp-content\\\/uploads\\\/2021\\\/02\\\/heated-work-jacket-scaled.jpg\",\"contentUrl\":\"https:\\\/\\\/test.magnetarmagnets.com\\\/wp-content\\\/uploads\\\/2021\\\/02\\\/heated-work-jacket-scaled.jpg\",\"width\":2330,\"height\":2560,\"caption\":\"heated workwear jack\"},{\"@type\":\"BreadcrumbList\",\"@id\":\"https:\\\/\\\/test.magnetarmagnets.com\\\/cs\\\/shop\\\/vyhrivana-pracovni-vesta-magma-l\\\/#breadcrumb\",\"itemListElement\":[{\"@type\":\"ListItem\",\"position\":1,\"name\":\"Home\",\"item\":\"https:\\\/\\\/test.magnetarmagnets.com\\\/cs\\\/\"},{\"@type\":\"ListItem\",\"position\":2,\"name\":\"Obchod\",\"item\":\"https:\\\/\\\/test.magnetarmagnets.com\\\/shop\\\/\"},{\"@type\":\"ListItem\",\"position\":3,\"name\":\"V\u0161echny produkty\",\"item\":\"https:\\\/\\\/test.magnetarmagnets.com\\\/cs\\\/collections\\\/vsechny-produkty\\\/\"},{\"@type\":\"ListItem\",\"position\":4,\"name\":\"Vyh\u0159\u00edvan\u00e1 pracovn\u00ed vesta Magma L\"}]},{\"@type\":\"WebSite\",\"@id\":\"https:\\\/\\\/test.magnetarmagnets.com\\\/cs\\\/#website\",\"url\":\"https:\\\/\\\/test.magnetarmagnets.com\\\/cs\\\/\",\"name\":\"Magnet fishing with a Magnetar fishing magnet\",\"description\":\"Powerful magnets for magnet fishing\",\"publisher\":{\"@id\":\"https:\\\/\\\/test.magnetarmagnets.com\\\/cs\\\/#organization\"},\"potentialAction\":[{\"@type\":\"SearchAction\",\"target\":{\"@type\":\"EntryPoint\",\"urlTemplate\":\"https:\\\/\\\/test.magnetarmagnets.com\\\/cs\\\/?s={search_term_string}\"},\"query-input\":{\"@type\":\"PropertyValueSpecification\",\"valueRequired\":true,\"valueName\":\"search_term_string\"}}],\"inLanguage\":\"cs\"},{\"@type\":\"Organization\",\"@id\":\"https:\\\/\\\/test.magnetarmagnets.com\\\/cs\\\/#organization\",\"name\":\"Magnetar\",\"url\":\"https:\\\/\\\/test.magnetarmagnets.com\\\/cs\\\/\",\"logo\":{\"@type\":\"ImageObject\",\"inLanguage\":\"cs\",\"@id\":\"https:\\\/\\\/test.magnetarmagnets.com\\\/cs\\\/#\\\/schema\\\/logo\\\/image\\\/\",\"url\":\"https:\\\/\\\/magnetarmagnets.com\\\/wp-content\\\/uploads\\\/2021\\\/01\\\/magnetarvismagneet_logo.png\",\"contentUrl\":\"https:\\\/\\\/magnetarmagnets.com\\\/wp-content\\\/uploads\\\/2021\\\/01\\\/magnetarvismagneet_logo.png\",\"width\":209,\"height\":100,\"caption\":\"Magnetar\"},\"image\":{\"@id\":\"https:\\\/\\\/test.magnetarmagnets.com\\\/cs\\\/#\\\/schema\\\/logo\\\/image\\\/\"},\"sameAs\":[\"https:\\\/\\\/www.facebook.com\\\/fishingmagnets\\\/\",\"https:\\\/\\\/www.instagram.com\\\/magnetar_magnets\\\/\",\"https:\\\/\\\/www.linkedin.com\\\/company\\\/magnetarbv\\\/?originalSubdomain=nl\",\"https:\\\/\\\/www.youtube.com\\\/c\\\/MagnetarVismagneet\"]}]}<\/script>\n<!-- \/ Yoast SEO plugin. -->","yoast_head_json":{"title":"Vyh\u0159\u00edvan\u00e1 pracovn\u00ed vesta Magma L - Magnet fishing with a Magnetar fishing magnet","description":"Pracovn\u00ed vesta? Tato bateriov\u00e1 pracovn\u00ed vesta m\u00e1 t\u0159i stupn\u011b vyt\u00e1p\u011bn\u00ed, tak\u017ee si v\u017edy nastav\u00edte pohodlnou teplotu.","robots":{"index":"index","follow":"follow","max-snippet":"max-snippet:-1","max-image-preview":"max-image-preview:large","max-video-preview":"max-video-preview:-1"},"canonical":"https:\/\/test.magnetarmagnets.com\/cs\/shop\/vyhrivana-pracovni-vesta-magma-l\/","og_locale":"cs_CZ","og_type":"article","og_title":"Vyh\u0159\u00edvan\u00e1 pracovn\u00ed vesta Magma L - Magnet fishing with a Magnetar fishing magnet","og_description":"Pracovn\u00ed vesta? Tato bateriov\u00e1 pracovn\u00ed vesta m\u00e1 t\u0159i stupn\u011b vyt\u00e1p\u011bn\u00ed, tak\u017ee si v\u017edy nastav\u00edte pohodlnou teplotu.","og_url":"https:\/\/test.magnetarmagnets.com\/cs\/shop\/vyhrivana-pracovni-vesta-magma-l\/","og_site_name":"Magnet fishing with a Magnetar fishing magnet","article_publisher":"https:\/\/www.facebook.com\/fishingmagnets\/","article_modified_time":"2026-03-16T18:01:27+00:00","og_image":[{"width":2330,"height":2560,"url":"https:\/\/test.magnetarmagnets.com\/wp-content\/uploads\/2021\/02\/heated-work-jacket-scaled.jpg","type":"image\/jpeg"}],"twitter_card":"summary_large_image","twitter_misc":{"Odhadovan\u00e1 doba \u010dten\u00ed":"2 minuty"},"schema":{"@context":"https:\/\/schema.org","@graph":[{"@type":["WebPage","ItemPage"],"@id":"https:\/\/test.magnetarmagnets.com\/cs\/shop\/vyhrivana-pracovni-vesta-magma-l\/","url":"https:\/\/test.magnetarmagnets.com\/cs\/shop\/vyhrivana-pracovni-vesta-magma-l\/","name":"Vyh\u0159\u00edvan\u00e1 pracovn\u00ed vesta Magma L - Magnet fishing with a Magnetar fishing magnet","isPartOf":{"@id":"https:\/\/test.magnetarmagnets.com\/cs\/#website"},"primaryImageOfPage":{"@id":"https:\/\/test.magnetarmagnets.com\/cs\/shop\/vyhrivana-pracovni-vesta-magma-l\/#primaryimage"},"image":{"@id":"https:\/\/test.magnetarmagnets.com\/cs\/shop\/vyhrivana-pracovni-vesta-magma-l\/#primaryimage"},"thumbnailUrl":"https:\/\/test.magnetarmagnets.com\/wp-content\/uploads\/2021\/02\/heated-work-jacket-scaled.jpg","datePublished":"2025-06-05T07:53:44+00:00","dateModified":"2026-03-16T18:01:27+00:00","description":"Pracovn\u00ed vesta? Tato bateriov\u00e1 pracovn\u00ed vesta m\u00e1 t\u0159i stupn\u011b vyt\u00e1p\u011bn\u00ed, tak\u017ee si v\u017edy nastav\u00edte pohodlnou teplotu.","breadcrumb":{"@id":"https:\/\/test.magnetarmagnets.com\/cs\/shop\/vyhrivana-pracovni-vesta-magma-l\/#breadcrumb"},"inLanguage":"cs","potentialAction":[{"@type":"ReadAction","target":["https:\/\/test.magnetarmagnets.com\/cs\/shop\/vyhrivana-pracovni-vesta-magma-l\/"]}]},{"@type":"ImageObject","inLanguage":"cs","@id":"https:\/\/test.magnetarmagnets.com\/cs\/shop\/vyhrivana-pracovni-vesta-magma-l\/#primaryimage","url":"https:\/\/test.magnetarmagnets.com\/wp-content\/uploads\/2021\/02\/heated-work-jacket-scaled.jpg","contentUrl":"https:\/\/test.magnetarmagnets.com\/wp-content\/uploads\/2021\/02\/heated-work-jacket-scaled.jpg","width":2330,"height":2560,"caption":"heated workwear jack"},{"@type":"BreadcrumbList","@id":"https:\/\/test.magnetarmagnets.com\/cs\/shop\/vyhrivana-pracovni-vesta-magma-l\/#breadcrumb","itemListElement":[{"@type":"ListItem","position":1,"name":"Home","item":"https:\/\/test.magnetarmagnets.com\/cs\/"},{"@type":"ListItem","position":2,"name":"Obchod","item":"https:\/\/test.magnetarmagnets.com\/shop\/"},{"@type":"ListItem","position":3,"name":"V\u0161echny produkty","item":"https:\/\/test.magnetarmagnets.com\/cs\/collections\/vsechny-produkty\/"},{"@type":"ListItem","position":4,"name":"Vyh\u0159\u00edvan\u00e1 pracovn\u00ed vesta Magma L"}]},{"@type":"WebSite","@id":"https:\/\/test.magnetarmagnets.com\/cs\/#website","url":"https:\/\/test.magnetarmagnets.com\/cs\/","name":"Magnet fishing with a Magnetar fishing magnet","description":"Powerful magnets for magnet fishing","publisher":{"@id":"https:\/\/test.magnetarmagnets.com\/cs\/#organization"},"potentialAction":[{"@type":"SearchAction","target":{"@type":"EntryPoint","urlTemplate":"https:\/\/test.magnetarmagnets.com\/cs\/?s={search_term_string}"},"query-input":{"@type":"PropertyValueSpecification","valueRequired":true,"valueName":"search_term_string"}}],"inLanguage":"cs"},{"@type":"Organization","@id":"https:\/\/test.magnetarmagnets.com\/cs\/#organization","name":"Magnetar","url":"https:\/\/test.magnetarmagnets.com\/cs\/","logo":{"@type":"ImageObject","inLanguage":"cs","@id":"https:\/\/test.magnetarmagnets.com\/cs\/#\/schema\/logo\/image\/","url":"https:\/\/magnetarmagnets.com\/wp-content\/uploads\/2021\/01\/magnetarvismagneet_logo.png","contentUrl":"https:\/\/magnetarmagnets.com\/wp-content\/uploads\/2021\/01\/magnetarvismagneet_logo.png","width":209,"height":100,"caption":"Magnetar"},"image":{"@id":"https:\/\/test.magnetarmagnets.com\/cs\/#\/schema\/logo\/image\/"},"sameAs":["https:\/\/www.facebook.com\/fishingmagnets\/","https:\/\/www.instagram.com\/magnetar_magnets\/","https:\/\/www.linkedin.com\/company\/magnetarbv\/?originalSubdomain=nl","https:\/\/www.youtube.com\/c\/MagnetarVismagneet"]}]}},"_links":{"self":[{"href":"https:\/\/test.magnetarmagnets.com\/cs\/wp-json\/wp\/v2\/product\/83284","targetHints":{"allow":["GET"]}}],"collection":[{"href":"https:\/\/test.magnetarmagnets.com\/cs\/wp-json\/wp\/v2\/product"}],"about":[{"href":"https:\/\/test.magnetarmagnets.com\/cs\/wp-json\/wp\/v2\/types\/product"}],"replies":[{"embeddable":true,"href":"https:\/\/test.magnetarmagnets.com\/cs\/wp-json\/wp\/v2\/comments?post=83284"}],"wp:featuredmedia":[{"embeddable":true,"href":"https:\/\/test.magnetarmagnets.com\/cs\/wp-json\/wp\/v2\/media\/77849"}],"wp:attachment":[{"href":"https:\/\/test.magnetarmagnets.com\/cs\/wp-json\/wp\/v2\/media?parent=83284"}],"wp:term":[{"taxonomy":"product_brand","embeddable":true,"href":"https:\/\/test.magnetarmagnets.com\/cs\/wp-json\/wp\/v2\/product_brand?post=83284"},{"taxonomy":"product_cat","embeddable":true,"href":"https:\/\/test.magnetarmagnets.com\/cs\/wp-json\/wp\/v2\/product_cat?post=83284"},{"taxonomy":"product_tag","embeddable":true,"href":"https:\/\/test.magnetarmagnets.com\/cs\/wp-json\/wp\/v2\/product_tag?post=83284"}],"curies":[{"name":"wp","href":"https:\/\/api.w.org\/{rel}","templated":true}]}}