{"id":83282,"date":"2025-06-05T09:53:45","date_gmt":"2025-06-05T07:53:45","guid":{"rendered":"https:\/\/magnetarmagnets.com\/?post_type=product&#038;p=83282"},"modified":"2026-03-18T19:16:48","modified_gmt":"2026-03-18T18:16:48","slug":"vyhrivana-bunda-vulcan","status":"publish","type":"product","link":"https:\/\/test.magnetarmagnets.com\/cs\/shop\/vyhrivana-bunda-vulcan\/","title":{"rendered":"Vyh\u0159\u00edvan\u00e1 bunda Vulcan"},"content":{"rendered":"<p><img fetchpriority=\"high\" decoding=\"async\" class=\"aligncenter size-full wp-image-51844\" src=\"https:\/\/test.magnetarmagnets.com\/wp-content\/uploads\/2021\/02\/Softshell-engels.png\" alt=\"vyh\u0159\u00edvan\u00e1 bunda, tepl\u00e1 bunda, magnetar heat, softshell, teplo, pracovn\u00ed bunda\" width=\"764\" height=\"436\" srcset=\"https:\/\/test.magnetarmagnets.com\/wp-content\/uploads\/2021\/02\/Softshell-engels.png 764w, https:\/\/test.magnetarmagnets.com\/wp-content\/uploads\/2021\/02\/Softshell-engels-150x86.png 150w, https:\/\/test.magnetarmagnets.com\/wp-content\/uploads\/2021\/02\/Softshell-engels-600x342.png 600w, https:\/\/test.magnetarmagnets.com\/wp-content\/uploads\/2021\/02\/Softshell-engels-300x171.png 300w\" sizes=\"(max-width: 764px) 100vw, 764px\" \/><\/p>\n<h2>Nejlep\u0161\u00ed vyh\u0159\u00edvan\u00e9 bundy<\/h2>\n<p><strong>Vyh\u0159\u00edvan\u00e1 bunda?<\/strong> Na\u0161e vyh\u0159\u00edvan\u00e9 bundy v\u00e1s udr\u017e\u00ed v teple i b\u011bhem chladn\u011bj\u0161\u00edch dn\u016f. Tato vyh\u0159\u00edvan\u00e1 bunda na baterii m\u00e1 t\u0159i stupn\u011b tepla, tak\u017ee si v\u017edy nastav\u00edte pohodlnou teplotu. Pracujete venku v chladn\u00e9m po\u010das\u00ed? Nebo na chladn\u00fd letn\u00ed ve\u010der? Tato pohodln\u00e1, v\u011btru a vod\u011b odoln\u00e1 vyh\u0159\u00edvan\u00e1 bunda v\u00e1s zah\u0159eje.<\/p>\n<h2>Informace o produktu Vyh\u0159\u00edvan\u00e1 bunda<\/h2>\n<p>P\u0159ilo\u017een\u00e1 baterie m\u00e1 velikost mobiln\u00edho telefonu a m\u016f\u017ee v\u00e1s udr\u017eet v teple a\u017e <strong>10 hodin<\/strong>, v z\u00e1vislosti na nastaven\u00ed tepla. Bunda je dod\u00e1v\u00e1na <strong>s bateri\u00ed a nab\u00edje\u010dkou<\/strong>. Bunda je vyrobena z v\u011btru a vod\u011b odoln\u00e9 l\u00e1tky a m\u00e1 na vnit\u0159n\u00ed stran\u011b extra m\u011bkkou pod\u0161\u00edvku z pol\u00e1rn\u00edho fleecu, kter\u00e1 v\u00e1m poskytuje \u00faplnou volnost pohybu b\u011bhem venkovn\u00edch aktivit. S touto bundou nemus\u00edte vrstvit n\u011bkolik vrstev oble\u010den\u00ed, nap\u0159\u00edklad p\u0159i proch\u00e1zce, pr\u00e1ci na zahrad\u011b, ryba\u0159en\u00ed nebo j\u00edzd\u011b na kole.<\/p>\n<p>Vyh\u0159\u00edvac\u00ed z\u00f3ny v\u00e1m poskytuj\u00ed p\u0159\u00edjemn\u00e9 teplo p\u0159esn\u011b v t\u011bch \u010d\u00e1stech horn\u00ed \u010d\u00e1sti t\u011bla, kde ho pot\u0159ebujete, na hrudi a z\u00e1dech. N\u00edzk\u00e9, st\u0159edn\u00ed a vysok\u00e9 nastaven\u00ed v\u00e1m umo\u017en\u00ed p\u0159izp\u016fsobit se prost\u0159ed\u00ed a z\u016fstat v teple po cel\u00fd den. Pot\u00e9 baterii jednodu\u0161e nabijete za 3-4 hodiny a jste p\u0159ipraveni vyrazit.<\/p>\n<p>Na\u0161e bundy jsou vyrobeny z odoln\u00e9ho a kvalitn\u00edho materi\u00e1lu, kter\u00fd v\u00e1s zah\u0159eje za ka\u017ed\u00e9ho po\u010das\u00ed.<\/p>\n<h2>Vyh\u0159\u00edvan\u00e9 bundy s certifikac\u00ed CE<\/h2>\n<p>Vyh\u0159\u00edvan\u00e9 bundy jsou certifikov\u00e1ny CE. Pln\u011b podporujeme n\u00e1\u0161 produkt a proto v\u00e1m nab\u00edz\u00edme <strong>z\u00e1ruku 1 rok<\/strong>.<\/p>\n","protected":false},"excerpt":{"rendered":"<p><span style=\"font-weight: 400;\">Toto je vyh\u0159\u00edvan\u00e1 bunda s topen\u00edm a 3 nastaviteln\u00fdmi stupni tepla. Udr\u017e\u00ed v\u00e1s v teple, kdy\u017e to pot\u0159ebujete.<\/span><\/p>\n","protected":false},"featured_media":81069,"comment_status":"open","ping_status":"closed","template":"","meta":{"_acf_changed":false,"inline_featured_image":false},"product_brand":[],"product_cat":[563,566],"product_tag":[],"class_list":{"0":"post-83282","1":"product","2":"type-product","3":"status-publish","4":"has-post-thumbnail","6":"product_cat-vybaveni","7":"product_cat-vyhrivane-obleceni","9":"first","10":"instock","11":"taxable","12":"shipping-taxable","13":"product-type-grouped"},"acf":[],"yoast_head":"<!-- This site is optimized with the Yoast SEO plugin v27.6 - https:\/\/yoast.com\/product\/yoast-seo-wordpress\/ -->\n<title>Vyh\u0159\u00edvan\u00e1 bunda Vulcan - Magnet fishing with a Magnetar fishing magnet<\/title>\n<meta name=\"description\" content=\"Vyh\u0159\u00edvan\u00e1 bunda Vulcan - z\u016fsta\u0148te v teple s Magnetar\" \/>\n<meta name=\"robots\" content=\"index, follow, max-snippet:-1, max-image-preview:large, max-video-preview:-1\" \/>\n<link rel=\"canonical\" href=\"https:\/\/test.magnetarmagnets.com\/cs\/shop\/vyhrivana-bunda-vulcan\/\" \/>\n<meta property=\"og:locale\" content=\"cs_CZ\" \/>\n<meta property=\"og:type\" content=\"article\" \/>\n<meta property=\"og:title\" content=\"Vyh\u0159\u00edvan\u00e1 bunda Vulcan - Magnet fishing with a Magnetar fishing magnet\" \/>\n<meta property=\"og:description\" content=\"Vyh\u0159\u00edvan\u00e1 bunda Vulcan - z\u016fsta\u0148te v teple s Magnetar\" \/>\n<meta property=\"og:url\" content=\"https:\/\/test.magnetarmagnets.com\/cs\/shop\/vyhrivana-bunda-vulcan\/\" \/>\n<meta property=\"og:site_name\" content=\"Magnet fishing with a Magnetar fishing magnet\" \/>\n<meta property=\"article:publisher\" content=\"https:\/\/www.facebook.com\/fishingmagnets\/\" \/>\n<meta property=\"article:modified_time\" content=\"2026-03-18T18:16:48+00:00\" \/>\n<meta property=\"og:image\" content=\"https:\/\/test.magnetarmagnets.com\/wp-content\/uploads\/2023\/09\/1-3.jpg\" \/>\n\t<meta property=\"og:image:width\" content=\"1500\" \/>\n\t<meta property=\"og:image:height\" content=\"1500\" \/>\n\t<meta property=\"og:image:type\" content=\"image\/jpeg\" \/>\n<meta name=\"twitter:card\" content=\"summary_large_image\" \/>\n<meta name=\"twitter:label1\" content=\"Odhadovan\u00e1 doba \u010dten\u00ed\" \/>\n\t<meta name=\"twitter:data1\" content=\"2 minuty\" \/>\n<script type=\"application\/ld+json\" class=\"yoast-schema-graph\">{\"@context\":\"https:\\\/\\\/schema.org\",\"@graph\":[{\"@type\":[\"WebPage\",\"ItemPage\"],\"@id\":\"https:\\\/\\\/test.magnetarmagnets.com\\\/cs\\\/shop\\\/vyhrivana-bunda-vulcan\\\/\",\"url\":\"https:\\\/\\\/test.magnetarmagnets.com\\\/cs\\\/shop\\\/vyhrivana-bunda-vulcan\\\/\",\"name\":\"Vyh\u0159\u00edvan\u00e1 bunda Vulcan - Magnet fishing with a Magnetar fishing magnet\",\"isPartOf\":{\"@id\":\"https:\\\/\\\/test.magnetarmagnets.com\\\/cs\\\/#website\"},\"primaryImageOfPage\":{\"@id\":\"https:\\\/\\\/test.magnetarmagnets.com\\\/cs\\\/shop\\\/vyhrivana-bunda-vulcan\\\/#primaryimage\"},\"image\":{\"@id\":\"https:\\\/\\\/test.magnetarmagnets.com\\\/cs\\\/shop\\\/vyhrivana-bunda-vulcan\\\/#primaryimage\"},\"thumbnailUrl\":\"https:\\\/\\\/test.magnetarmagnets.com\\\/wp-content\\\/uploads\\\/2023\\\/09\\\/1-3.jpg\",\"datePublished\":\"2025-06-05T07:53:45+00:00\",\"dateModified\":\"2026-03-18T18:16:48+00:00\",\"description\":\"Vyh\u0159\u00edvan\u00e1 bunda Vulcan - z\u016fsta\u0148te v teple s Magnetar\",\"breadcrumb\":{\"@id\":\"https:\\\/\\\/test.magnetarmagnets.com\\\/cs\\\/shop\\\/vyhrivana-bunda-vulcan\\\/#breadcrumb\"},\"inLanguage\":\"cs\",\"potentialAction\":[{\"@type\":\"ReadAction\",\"target\":[\"https:\\\/\\\/test.magnetarmagnets.com\\\/cs\\\/shop\\\/vyhrivana-bunda-vulcan\\\/\"]}]},{\"@type\":\"ImageObject\",\"inLanguage\":\"cs\",\"@id\":\"https:\\\/\\\/test.magnetarmagnets.com\\\/cs\\\/shop\\\/vyhrivana-bunda-vulcan\\\/#primaryimage\",\"url\":\"https:\\\/\\\/test.magnetarmagnets.com\\\/wp-content\\\/uploads\\\/2023\\\/09\\\/1-3.jpg\",\"contentUrl\":\"https:\\\/\\\/test.magnetarmagnets.com\\\/wp-content\\\/uploads\\\/2023\\\/09\\\/1-3.jpg\",\"width\":1500,\"height\":1500,\"caption\":\"VULCAN Heated Jacket Magnetar Heat Front\"},{\"@type\":\"BreadcrumbList\",\"@id\":\"https:\\\/\\\/test.magnetarmagnets.com\\\/cs\\\/shop\\\/vyhrivana-bunda-vulcan\\\/#breadcrumb\",\"itemListElement\":[{\"@type\":\"ListItem\",\"position\":1,\"name\":\"Home\",\"item\":\"https:\\\/\\\/test.magnetarmagnets.com\\\/cs\\\/\"},{\"@type\":\"ListItem\",\"position\":2,\"name\":\"Obchod\",\"item\":\"https:\\\/\\\/test.magnetarmagnets.com\\\/shop\\\/\"},{\"@type\":\"ListItem\",\"position\":3,\"name\":\"Vybaven\u00ed\",\"item\":\"https:\\\/\\\/test.magnetarmagnets.com\\\/cs\\\/collections\\\/vybaveni\\\/\"},{\"@type\":\"ListItem\",\"position\":4,\"name\":\"Vyh\u0159\u00edvan\u00e9 oble\u010den\u00ed\",\"item\":\"https:\\\/\\\/test.magnetarmagnets.com\\\/cs\\\/collections\\\/vybaveni\\\/vyhrivane-obleceni\\\/\"},{\"@type\":\"ListItem\",\"position\":5,\"name\":\"Vyh\u0159\u00edvan\u00e1 bunda Vulcan\"}]},{\"@type\":\"WebSite\",\"@id\":\"https:\\\/\\\/test.magnetarmagnets.com\\\/cs\\\/#website\",\"url\":\"https:\\\/\\\/test.magnetarmagnets.com\\\/cs\\\/\",\"name\":\"Magnet fishing with a Magnetar fishing magnet\",\"description\":\"Powerful magnets for magnet fishing\",\"publisher\":{\"@id\":\"https:\\\/\\\/test.magnetarmagnets.com\\\/cs\\\/#organization\"},\"potentialAction\":[{\"@type\":\"SearchAction\",\"target\":{\"@type\":\"EntryPoint\",\"urlTemplate\":\"https:\\\/\\\/test.magnetarmagnets.com\\\/cs\\\/?s={search_term_string}\"},\"query-input\":{\"@type\":\"PropertyValueSpecification\",\"valueRequired\":true,\"valueName\":\"search_term_string\"}}],\"inLanguage\":\"cs\"},{\"@type\":\"Organization\",\"@id\":\"https:\\\/\\\/test.magnetarmagnets.com\\\/cs\\\/#organization\",\"name\":\"Magnetar\",\"url\":\"https:\\\/\\\/test.magnetarmagnets.com\\\/cs\\\/\",\"logo\":{\"@type\":\"ImageObject\",\"inLanguage\":\"cs\",\"@id\":\"https:\\\/\\\/test.magnetarmagnets.com\\\/cs\\\/#\\\/schema\\\/logo\\\/image\\\/\",\"url\":\"https:\\\/\\\/magnetarmagnets.com\\\/wp-content\\\/uploads\\\/2021\\\/01\\\/magnetarvismagneet_logo.png\",\"contentUrl\":\"https:\\\/\\\/magnetarmagnets.com\\\/wp-content\\\/uploads\\\/2021\\\/01\\\/magnetarvismagneet_logo.png\",\"width\":209,\"height\":100,\"caption\":\"Magnetar\"},\"image\":{\"@id\":\"https:\\\/\\\/test.magnetarmagnets.com\\\/cs\\\/#\\\/schema\\\/logo\\\/image\\\/\"},\"sameAs\":[\"https:\\\/\\\/www.facebook.com\\\/fishingmagnets\\\/\",\"https:\\\/\\\/www.instagram.com\\\/magnetar_magnets\\\/\",\"https:\\\/\\\/www.linkedin.com\\\/company\\\/magnetarbv\\\/?originalSubdomain=nl\",\"https:\\\/\\\/www.youtube.com\\\/c\\\/MagnetarVismagneet\"]}]}<\/script>\n<!-- \/ Yoast SEO plugin. -->","yoast_head_json":{"title":"Vyh\u0159\u00edvan\u00e1 bunda Vulcan - Magnet fishing with a Magnetar fishing magnet","description":"Vyh\u0159\u00edvan\u00e1 bunda Vulcan - z\u016fsta\u0148te v teple s Magnetar","robots":{"index":"index","follow":"follow","max-snippet":"max-snippet:-1","max-image-preview":"max-image-preview:large","max-video-preview":"max-video-preview:-1"},"canonical":"https:\/\/test.magnetarmagnets.com\/cs\/shop\/vyhrivana-bunda-vulcan\/","og_locale":"cs_CZ","og_type":"article","og_title":"Vyh\u0159\u00edvan\u00e1 bunda Vulcan - Magnet fishing with a Magnetar fishing magnet","og_description":"Vyh\u0159\u00edvan\u00e1 bunda Vulcan - z\u016fsta\u0148te v teple s Magnetar","og_url":"https:\/\/test.magnetarmagnets.com\/cs\/shop\/vyhrivana-bunda-vulcan\/","og_site_name":"Magnet fishing with a Magnetar fishing magnet","article_publisher":"https:\/\/www.facebook.com\/fishingmagnets\/","article_modified_time":"2026-03-18T18:16:48+00:00","og_image":[{"width":1500,"height":1500,"url":"https:\/\/test.magnetarmagnets.com\/wp-content\/uploads\/2023\/09\/1-3.jpg","type":"image\/jpeg"}],"twitter_card":"summary_large_image","twitter_misc":{"Odhadovan\u00e1 doba \u010dten\u00ed":"2 minuty"},"schema":{"@context":"https:\/\/schema.org","@graph":[{"@type":["WebPage","ItemPage"],"@id":"https:\/\/test.magnetarmagnets.com\/cs\/shop\/vyhrivana-bunda-vulcan\/","url":"https:\/\/test.magnetarmagnets.com\/cs\/shop\/vyhrivana-bunda-vulcan\/","name":"Vyh\u0159\u00edvan\u00e1 bunda Vulcan - Magnet fishing with a Magnetar fishing magnet","isPartOf":{"@id":"https:\/\/test.magnetarmagnets.com\/cs\/#website"},"primaryImageOfPage":{"@id":"https:\/\/test.magnetarmagnets.com\/cs\/shop\/vyhrivana-bunda-vulcan\/#primaryimage"},"image":{"@id":"https:\/\/test.magnetarmagnets.com\/cs\/shop\/vyhrivana-bunda-vulcan\/#primaryimage"},"thumbnailUrl":"https:\/\/test.magnetarmagnets.com\/wp-content\/uploads\/2023\/09\/1-3.jpg","datePublished":"2025-06-05T07:53:45+00:00","dateModified":"2026-03-18T18:16:48+00:00","description":"Vyh\u0159\u00edvan\u00e1 bunda Vulcan - z\u016fsta\u0148te v teple s Magnetar","breadcrumb":{"@id":"https:\/\/test.magnetarmagnets.com\/cs\/shop\/vyhrivana-bunda-vulcan\/#breadcrumb"},"inLanguage":"cs","potentialAction":[{"@type":"ReadAction","target":["https:\/\/test.magnetarmagnets.com\/cs\/shop\/vyhrivana-bunda-vulcan\/"]}]},{"@type":"ImageObject","inLanguage":"cs","@id":"https:\/\/test.magnetarmagnets.com\/cs\/shop\/vyhrivana-bunda-vulcan\/#primaryimage","url":"https:\/\/test.magnetarmagnets.com\/wp-content\/uploads\/2023\/09\/1-3.jpg","contentUrl":"https:\/\/test.magnetarmagnets.com\/wp-content\/uploads\/2023\/09\/1-3.jpg","width":1500,"height":1500,"caption":"VULCAN Heated Jacket Magnetar Heat Front"},{"@type":"BreadcrumbList","@id":"https:\/\/test.magnetarmagnets.com\/cs\/shop\/vyhrivana-bunda-vulcan\/#breadcrumb","itemListElement":[{"@type":"ListItem","position":1,"name":"Home","item":"https:\/\/test.magnetarmagnets.com\/cs\/"},{"@type":"ListItem","position":2,"name":"Obchod","item":"https:\/\/test.magnetarmagnets.com\/shop\/"},{"@type":"ListItem","position":3,"name":"Vybaven\u00ed","item":"https:\/\/test.magnetarmagnets.com\/cs\/collections\/vybaveni\/"},{"@type":"ListItem","position":4,"name":"Vyh\u0159\u00edvan\u00e9 oble\u010den\u00ed","item":"https:\/\/test.magnetarmagnets.com\/cs\/collections\/vybaveni\/vyhrivane-obleceni\/"},{"@type":"ListItem","position":5,"name":"Vyh\u0159\u00edvan\u00e1 bunda Vulcan"}]},{"@type":"WebSite","@id":"https:\/\/test.magnetarmagnets.com\/cs\/#website","url":"https:\/\/test.magnetarmagnets.com\/cs\/","name":"Magnet fishing with a Magnetar fishing magnet","description":"Powerful magnets for magnet fishing","publisher":{"@id":"https:\/\/test.magnetarmagnets.com\/cs\/#organization"},"potentialAction":[{"@type":"SearchAction","target":{"@type":"EntryPoint","urlTemplate":"https:\/\/test.magnetarmagnets.com\/cs\/?s={search_term_string}"},"query-input":{"@type":"PropertyValueSpecification","valueRequired":true,"valueName":"search_term_string"}}],"inLanguage":"cs"},{"@type":"Organization","@id":"https:\/\/test.magnetarmagnets.com\/cs\/#organization","name":"Magnetar","url":"https:\/\/test.magnetarmagnets.com\/cs\/","logo":{"@type":"ImageObject","inLanguage":"cs","@id":"https:\/\/test.magnetarmagnets.com\/cs\/#\/schema\/logo\/image\/","url":"https:\/\/magnetarmagnets.com\/wp-content\/uploads\/2021\/01\/magnetarvismagneet_logo.png","contentUrl":"https:\/\/magnetarmagnets.com\/wp-content\/uploads\/2021\/01\/magnetarvismagneet_logo.png","width":209,"height":100,"caption":"Magnetar"},"image":{"@id":"https:\/\/test.magnetarmagnets.com\/cs\/#\/schema\/logo\/image\/"},"sameAs":["https:\/\/www.facebook.com\/fishingmagnets\/","https:\/\/www.instagram.com\/magnetar_magnets\/","https:\/\/www.linkedin.com\/company\/magnetarbv\/?originalSubdomain=nl","https:\/\/www.youtube.com\/c\/MagnetarVismagneet"]}]}},"_links":{"self":[{"href":"https:\/\/test.magnetarmagnets.com\/cs\/wp-json\/wp\/v2\/product\/83282","targetHints":{"allow":["GET"]}}],"collection":[{"href":"https:\/\/test.magnetarmagnets.com\/cs\/wp-json\/wp\/v2\/product"}],"about":[{"href":"https:\/\/test.magnetarmagnets.com\/cs\/wp-json\/wp\/v2\/types\/product"}],"replies":[{"embeddable":true,"href":"https:\/\/test.magnetarmagnets.com\/cs\/wp-json\/wp\/v2\/comments?post=83282"}],"wp:featuredmedia":[{"embeddable":true,"href":"https:\/\/test.magnetarmagnets.com\/cs\/wp-json\/wp\/v2\/media\/81069"}],"wp:attachment":[{"href":"https:\/\/test.magnetarmagnets.com\/cs\/wp-json\/wp\/v2\/media?parent=83282"}],"wp:term":[{"taxonomy":"product_brand","embeddable":true,"href":"https:\/\/test.magnetarmagnets.com\/cs\/wp-json\/wp\/v2\/product_brand?post=83282"},{"taxonomy":"product_cat","embeddable":true,"href":"https:\/\/test.magnetarmagnets.com\/cs\/wp-json\/wp\/v2\/product_cat?post=83282"},{"taxonomy":"product_tag","embeddable":true,"href":"https:\/\/test.magnetarmagnets.com\/cs\/wp-json\/wp\/v2\/product_tag?post=83282"}],"curies":[{"name":"wp","href":"https:\/\/api.w.org\/{rel}","templated":true}]}}