{"id":83276,"date":"2025-06-05T09:53:47","date_gmt":"2025-06-05T07:53:47","guid":{"rendered":"https:\/\/magnetarmagnets.com\/?post_type=product&#038;p=83276"},"modified":"2026-03-18T18:49:16","modified_gmt":"2026-03-18T17:49:16","slug":"vyhrivana-mikina-etna","status":"publish","type":"product","link":"https:\/\/test.magnetarmagnets.com\/cs\/shop\/vyhrivana-mikina-etna\/","title":{"rendered":"Vyh\u0159\u00edvan\u00e1 mikina Etna"},"content":{"rendered":"<h2><img fetchpriority=\"high\" decoding=\"async\" class=\"aligncenter wp-image-51837 size-full\" src=\"https:\/\/test.magnetarmagnets.com\/wp-content\/uploads\/2021\/02\/hoodie-engels.png\" alt=\"vyh\u0159\u00edvan\u00e1 mikina, CE certifikovan\u00e1 mikina, Magnetar Heat, tepl\u00e1 mikina, vesta\" width=\"765\" height=\"434\" srcset=\"https:\/\/test.magnetarmagnets.com\/wp-content\/uploads\/2021\/02\/hoodie-engels.png 765w, https:\/\/test.magnetarmagnets.com\/wp-content\/uploads\/2021\/02\/hoodie-engels-150x85.png 150w, https:\/\/test.magnetarmagnets.com\/wp-content\/uploads\/2021\/02\/hoodie-engels-600x340.png 600w, https:\/\/test.magnetarmagnets.com\/wp-content\/uploads\/2021\/02\/hoodie-engels-300x170.png 300w\" sizes=\"(max-width: 765px) 100vw, 765px\" \/><\/h2>\n<h2>Nejlep\u0161\u00ed vyh\u0159\u00edvan\u00e1 mikina<\/h2>\n<p><strong>Vyh\u0159\u00edvan\u00e1 mikina?<\/strong> Na\u0161e vyh\u0159\u00edvan\u00e9 mikiny v\u00e1s udr\u017e\u00ed v teple i b\u011bhem chladn\u011bj\u0161\u00edch dn\u016f. Tato mikina s bateriov\u00fdm vyt\u00e1p\u011bn\u00edm m\u00e1 t\u0159i stupn\u011b tepla, tak\u017ee si v\u017edy nastav\u00edte pohodlnou teplotu. Pracujete venku v chladn\u00e9m po\u010das\u00ed? Nebo si u\u017e\u00edv\u00e1te chladn\u00fd letn\u00ed ve\u010der? Nebo jen odpo\u010d\u00edv\u00e1te na gau\u010di? Tato pohodln\u00e1, v\u011btru a vod\u011b odoln\u00e1 vyh\u0159\u00edvan\u00e1 mikina v\u00e1s zah\u0159eje.<\/p>\n<h2>Informace o produktu Vyh\u0159\u00edvan\u00e1 mikina<\/h2>\n<p>Sou\u010d\u00e1st\u00ed je baterie o velikosti mobiln\u00edho telefonu, kter\u00e1 v\u00e1s m\u016f\u017ee zah\u0159\u00e1t a\u017e na <strong>10 hodin<\/strong>, v z\u00e1vislosti na nastaven\u00ed tepla. Mikina je dod\u00e1v\u00e1na <strong>s bateri\u00ed a nab\u00edje\u010dkou<\/strong>. Mikina je vyrobena z odoln\u00e9 sm\u011bsi bavlny a polyesteru a uvnit\u0159 m\u00e1 extra m\u011bkkou pod\u0161\u00edvku z polar fleece. Vyh\u0159\u00edvan\u00e1 vesta je vhodn\u00e1 pro pran\u00ed v pra\u010dce, sta\u010d\u00ed p\u0159ed pran\u00edm baterii vyjmout.<\/p>\n<p>Vyh\u0159\u00edvac\u00ed z\u00f3ny poskytuj\u00ed p\u0159\u00edjemn\u00e9 teplo p\u0159esn\u011b v t\u011bch \u010d\u00e1stech horn\u00ed \u010d\u00e1sti t\u011bla, kde ho pot\u0159ebujete \u2013 na hrudi a z\u00e1dech. Mikina je tak\u00e9 doporu\u010dov\u00e1na p\u0159i bolestech zad. N\u00edzk\u00e9, st\u0159edn\u00ed a vysok\u00e9 nastaven\u00ed umo\u017e\u0148uje p\u0159izp\u016fsobit teplotu prost\u0159ed\u00ed a z\u016fstat v teple po cel\u00fd den. Pot\u00e9 sta\u010d\u00ed baterii dob\u00edt za 3-4 hodiny a jste p\u0159ipraveni vyrazit.<\/p>\n<p>Na\u0161e vyh\u0159\u00edvan\u00e9 mikiny jsou vyrobeny z odoln\u00fdch a kvalitn\u00edch materi\u00e1l\u016f, kter\u00e9 v\u00e1s udr\u017e\u00ed v teple za v\u0161ech pov\u011btrnostn\u00edch podm\u00ednek.<\/p>\n<h2>Vyh\u0159\u00edvan\u00e9 mikiny s certifikac\u00ed CE<\/h2>\n<p>Vyh\u0159\u00edvan\u00e9 mikiny jsou certifikov\u00e1ny CE. Pln\u011b podporujeme n\u00e1\u0161 produkt a proto nab\u00edz\u00edme <strong>z\u00e1ruku 1 rok<\/strong>.<\/p>\n","protected":false},"excerpt":{"rendered":"<p><span style=\"font-weight: 400;\">Tato mikina je vyh\u0159\u00edvan\u00e1 vesta s mo\u017enost\u00ed vyt\u00e1p\u011bn\u00ed a 3 nastaviteln\u00fdmi stupni tepla. Udr\u017e\u00ed v\u00e1s v teple, kdy\u017e to pot\u0159ebujete.<\/span><\/p>\n","protected":false},"featured_media":88028,"comment_status":"open","ping_status":"closed","template":"","meta":{"_acf_changed":false,"inline_featured_image":false},"product_brand":[],"product_cat":[563,566],"product_tag":[],"class_list":{"0":"post-83276","1":"product","2":"type-product","3":"status-publish","4":"has-post-thumbnail","6":"product_cat-vybaveni","7":"product_cat-vyhrivane-obleceni","9":"first","10":"instock","11":"taxable","12":"shipping-taxable","13":"product-type-grouped"},"acf":[],"yoast_head":"<!-- This site is optimized with the Yoast SEO plugin v27.6 - https:\/\/yoast.com\/product\/yoast-seo-wordpress\/ -->\n<title>Vyh\u0159\u00edvan\u00e1 mikina Etna - Magnet fishing with a Magnetar fishing magnet<\/title>\n<meta name=\"description\" content=\"Vyh\u0159\u00edvan\u00e1 mikina Etna - zah\u0159ejte se s Magnetar\" \/>\n<meta name=\"robots\" content=\"index, follow, max-snippet:-1, max-image-preview:large, max-video-preview:-1\" \/>\n<link rel=\"canonical\" href=\"https:\/\/test.magnetarmagnets.com\/cs\/shop\/vyhrivana-mikina-etna\/\" \/>\n<meta property=\"og:locale\" content=\"cs_CZ\" \/>\n<meta property=\"og:type\" content=\"article\" \/>\n<meta property=\"og:title\" content=\"Vyh\u0159\u00edvan\u00e1 mikina Etna - Magnet fishing with a Magnetar fishing magnet\" \/>\n<meta property=\"og:description\" content=\"Vyh\u0159\u00edvan\u00e1 mikina Etna - zah\u0159ejte se s Magnetar\" \/>\n<meta property=\"og:url\" content=\"https:\/\/test.magnetarmagnets.com\/cs\/shop\/vyhrivana-mikina-etna\/\" \/>\n<meta property=\"og:site_name\" content=\"Magnet fishing with a Magnetar fishing magnet\" \/>\n<meta property=\"article:publisher\" content=\"https:\/\/www.facebook.com\/fishingmagnets\/\" \/>\n<meta property=\"article:modified_time\" content=\"2026-03-18T17:49:16+00:00\" \/>\n<meta property=\"og:image\" content=\"https:\/\/test.magnetarmagnets.com\/wp-content\/uploads\/2025\/06\/ETNA-HEAT-VOOR-ACHTER.jpg\" \/>\n\t<meta property=\"og:image:width\" content=\"1000\" \/>\n\t<meta property=\"og:image:height\" content=\"1000\" \/>\n\t<meta property=\"og:image:type\" content=\"image\/jpeg\" \/>\n<meta name=\"twitter:card\" content=\"summary_large_image\" \/>\n<meta name=\"twitter:label1\" content=\"Odhadovan\u00e1 doba \u010dten\u00ed\" \/>\n\t<meta name=\"twitter:data1\" content=\"2 minuty\" \/>\n<script type=\"application\/ld+json\" class=\"yoast-schema-graph\">{\"@context\":\"https:\\\/\\\/schema.org\",\"@graph\":[{\"@type\":[\"WebPage\",\"ItemPage\"],\"@id\":\"https:\\\/\\\/test.magnetarmagnets.com\\\/cs\\\/shop\\\/vyhrivana-mikina-etna\\\/\",\"url\":\"https:\\\/\\\/test.magnetarmagnets.com\\\/cs\\\/shop\\\/vyhrivana-mikina-etna\\\/\",\"name\":\"Vyh\u0159\u00edvan\u00e1 mikina Etna - Magnet fishing with a Magnetar fishing magnet\",\"isPartOf\":{\"@id\":\"https:\\\/\\\/test.magnetarmagnets.com\\\/cs\\\/#website\"},\"primaryImageOfPage\":{\"@id\":\"https:\\\/\\\/test.magnetarmagnets.com\\\/cs\\\/shop\\\/vyhrivana-mikina-etna\\\/#primaryimage\"},\"image\":{\"@id\":\"https:\\\/\\\/test.magnetarmagnets.com\\\/cs\\\/shop\\\/vyhrivana-mikina-etna\\\/#primaryimage\"},\"thumbnailUrl\":\"https:\\\/\\\/test.magnetarmagnets.com\\\/wp-content\\\/uploads\\\/2025\\\/06\\\/ETNA-HEAT-VOOR-ACHTER.jpg\",\"datePublished\":\"2025-06-05T07:53:47+00:00\",\"dateModified\":\"2026-03-18T17:49:16+00:00\",\"description\":\"Vyh\u0159\u00edvan\u00e1 mikina Etna - zah\u0159ejte se s Magnetar\",\"breadcrumb\":{\"@id\":\"https:\\\/\\\/test.magnetarmagnets.com\\\/cs\\\/shop\\\/vyhrivana-mikina-etna\\\/#breadcrumb\"},\"inLanguage\":\"cs\",\"potentialAction\":[{\"@type\":\"ReadAction\",\"target\":[\"https:\\\/\\\/test.magnetarmagnets.com\\\/cs\\\/shop\\\/vyhrivana-mikina-etna\\\/\"]}]},{\"@type\":\"ImageObject\",\"inLanguage\":\"cs\",\"@id\":\"https:\\\/\\\/test.magnetarmagnets.com\\\/cs\\\/shop\\\/vyhrivana-mikina-etna\\\/#primaryimage\",\"url\":\"https:\\\/\\\/test.magnetarmagnets.com\\\/wp-content\\\/uploads\\\/2025\\\/06\\\/ETNA-HEAT-VOOR-ACHTER.jpg\",\"contentUrl\":\"https:\\\/\\\/test.magnetarmagnets.com\\\/wp-content\\\/uploads\\\/2025\\\/06\\\/ETNA-HEAT-VOOR-ACHTER.jpg\",\"width\":1000,\"height\":1000},{\"@type\":\"BreadcrumbList\",\"@id\":\"https:\\\/\\\/test.magnetarmagnets.com\\\/cs\\\/shop\\\/vyhrivana-mikina-etna\\\/#breadcrumb\",\"itemListElement\":[{\"@type\":\"ListItem\",\"position\":1,\"name\":\"Home\",\"item\":\"https:\\\/\\\/test.magnetarmagnets.com\\\/cs\\\/\"},{\"@type\":\"ListItem\",\"position\":2,\"name\":\"Obchod\",\"item\":\"https:\\\/\\\/test.magnetarmagnets.com\\\/shop\\\/\"},{\"@type\":\"ListItem\",\"position\":3,\"name\":\"Vybaven\u00ed\",\"item\":\"https:\\\/\\\/test.magnetarmagnets.com\\\/cs\\\/collections\\\/vybaveni\\\/\"},{\"@type\":\"ListItem\",\"position\":4,\"name\":\"Vyh\u0159\u00edvan\u00e9 oble\u010den\u00ed\",\"item\":\"https:\\\/\\\/test.magnetarmagnets.com\\\/cs\\\/collections\\\/vybaveni\\\/vyhrivane-obleceni\\\/\"},{\"@type\":\"ListItem\",\"position\":5,\"name\":\"Vyh\u0159\u00edvan\u00e1 mikina Etna\"}]},{\"@type\":\"WebSite\",\"@id\":\"https:\\\/\\\/test.magnetarmagnets.com\\\/cs\\\/#website\",\"url\":\"https:\\\/\\\/test.magnetarmagnets.com\\\/cs\\\/\",\"name\":\"Magnet fishing with a Magnetar fishing magnet\",\"description\":\"Powerful magnets for magnet fishing\",\"publisher\":{\"@id\":\"https:\\\/\\\/test.magnetarmagnets.com\\\/cs\\\/#organization\"},\"potentialAction\":[{\"@type\":\"SearchAction\",\"target\":{\"@type\":\"EntryPoint\",\"urlTemplate\":\"https:\\\/\\\/test.magnetarmagnets.com\\\/cs\\\/?s={search_term_string}\"},\"query-input\":{\"@type\":\"PropertyValueSpecification\",\"valueRequired\":true,\"valueName\":\"search_term_string\"}}],\"inLanguage\":\"cs\"},{\"@type\":\"Organization\",\"@id\":\"https:\\\/\\\/test.magnetarmagnets.com\\\/cs\\\/#organization\",\"name\":\"Magnetar\",\"url\":\"https:\\\/\\\/test.magnetarmagnets.com\\\/cs\\\/\",\"logo\":{\"@type\":\"ImageObject\",\"inLanguage\":\"cs\",\"@id\":\"https:\\\/\\\/test.magnetarmagnets.com\\\/cs\\\/#\\\/schema\\\/logo\\\/image\\\/\",\"url\":\"https:\\\/\\\/magnetarmagnets.com\\\/wp-content\\\/uploads\\\/2021\\\/01\\\/magnetarvismagneet_logo.png\",\"contentUrl\":\"https:\\\/\\\/magnetarmagnets.com\\\/wp-content\\\/uploads\\\/2021\\\/01\\\/magnetarvismagneet_logo.png\",\"width\":209,\"height\":100,\"caption\":\"Magnetar\"},\"image\":{\"@id\":\"https:\\\/\\\/test.magnetarmagnets.com\\\/cs\\\/#\\\/schema\\\/logo\\\/image\\\/\"},\"sameAs\":[\"https:\\\/\\\/www.facebook.com\\\/fishingmagnets\\\/\",\"https:\\\/\\\/www.instagram.com\\\/magnetar_magnets\\\/\",\"https:\\\/\\\/www.linkedin.com\\\/company\\\/magnetarbv\\\/?originalSubdomain=nl\",\"https:\\\/\\\/www.youtube.com\\\/c\\\/MagnetarVismagneet\"]}]}<\/script>\n<!-- \/ Yoast SEO plugin. -->","yoast_head_json":{"title":"Vyh\u0159\u00edvan\u00e1 mikina Etna - Magnet fishing with a Magnetar fishing magnet","description":"Vyh\u0159\u00edvan\u00e1 mikina Etna - zah\u0159ejte se s Magnetar","robots":{"index":"index","follow":"follow","max-snippet":"max-snippet:-1","max-image-preview":"max-image-preview:large","max-video-preview":"max-video-preview:-1"},"canonical":"https:\/\/test.magnetarmagnets.com\/cs\/shop\/vyhrivana-mikina-etna\/","og_locale":"cs_CZ","og_type":"article","og_title":"Vyh\u0159\u00edvan\u00e1 mikina Etna - Magnet fishing with a Magnetar fishing magnet","og_description":"Vyh\u0159\u00edvan\u00e1 mikina Etna - zah\u0159ejte se s Magnetar","og_url":"https:\/\/test.magnetarmagnets.com\/cs\/shop\/vyhrivana-mikina-etna\/","og_site_name":"Magnet fishing with a Magnetar fishing magnet","article_publisher":"https:\/\/www.facebook.com\/fishingmagnets\/","article_modified_time":"2026-03-18T17:49:16+00:00","og_image":[{"width":1000,"height":1000,"url":"https:\/\/test.magnetarmagnets.com\/wp-content\/uploads\/2025\/06\/ETNA-HEAT-VOOR-ACHTER.jpg","type":"image\/jpeg"}],"twitter_card":"summary_large_image","twitter_misc":{"Odhadovan\u00e1 doba \u010dten\u00ed":"2 minuty"},"schema":{"@context":"https:\/\/schema.org","@graph":[{"@type":["WebPage","ItemPage"],"@id":"https:\/\/test.magnetarmagnets.com\/cs\/shop\/vyhrivana-mikina-etna\/","url":"https:\/\/test.magnetarmagnets.com\/cs\/shop\/vyhrivana-mikina-etna\/","name":"Vyh\u0159\u00edvan\u00e1 mikina Etna - Magnet fishing with a Magnetar fishing magnet","isPartOf":{"@id":"https:\/\/test.magnetarmagnets.com\/cs\/#website"},"primaryImageOfPage":{"@id":"https:\/\/test.magnetarmagnets.com\/cs\/shop\/vyhrivana-mikina-etna\/#primaryimage"},"image":{"@id":"https:\/\/test.magnetarmagnets.com\/cs\/shop\/vyhrivana-mikina-etna\/#primaryimage"},"thumbnailUrl":"https:\/\/test.magnetarmagnets.com\/wp-content\/uploads\/2025\/06\/ETNA-HEAT-VOOR-ACHTER.jpg","datePublished":"2025-06-05T07:53:47+00:00","dateModified":"2026-03-18T17:49:16+00:00","description":"Vyh\u0159\u00edvan\u00e1 mikina Etna - zah\u0159ejte se s Magnetar","breadcrumb":{"@id":"https:\/\/test.magnetarmagnets.com\/cs\/shop\/vyhrivana-mikina-etna\/#breadcrumb"},"inLanguage":"cs","potentialAction":[{"@type":"ReadAction","target":["https:\/\/test.magnetarmagnets.com\/cs\/shop\/vyhrivana-mikina-etna\/"]}]},{"@type":"ImageObject","inLanguage":"cs","@id":"https:\/\/test.magnetarmagnets.com\/cs\/shop\/vyhrivana-mikina-etna\/#primaryimage","url":"https:\/\/test.magnetarmagnets.com\/wp-content\/uploads\/2025\/06\/ETNA-HEAT-VOOR-ACHTER.jpg","contentUrl":"https:\/\/test.magnetarmagnets.com\/wp-content\/uploads\/2025\/06\/ETNA-HEAT-VOOR-ACHTER.jpg","width":1000,"height":1000},{"@type":"BreadcrumbList","@id":"https:\/\/test.magnetarmagnets.com\/cs\/shop\/vyhrivana-mikina-etna\/#breadcrumb","itemListElement":[{"@type":"ListItem","position":1,"name":"Home","item":"https:\/\/test.magnetarmagnets.com\/cs\/"},{"@type":"ListItem","position":2,"name":"Obchod","item":"https:\/\/test.magnetarmagnets.com\/shop\/"},{"@type":"ListItem","position":3,"name":"Vybaven\u00ed","item":"https:\/\/test.magnetarmagnets.com\/cs\/collections\/vybaveni\/"},{"@type":"ListItem","position":4,"name":"Vyh\u0159\u00edvan\u00e9 oble\u010den\u00ed","item":"https:\/\/test.magnetarmagnets.com\/cs\/collections\/vybaveni\/vyhrivane-obleceni\/"},{"@type":"ListItem","position":5,"name":"Vyh\u0159\u00edvan\u00e1 mikina Etna"}]},{"@type":"WebSite","@id":"https:\/\/test.magnetarmagnets.com\/cs\/#website","url":"https:\/\/test.magnetarmagnets.com\/cs\/","name":"Magnet fishing with a Magnetar fishing magnet","description":"Powerful magnets for magnet fishing","publisher":{"@id":"https:\/\/test.magnetarmagnets.com\/cs\/#organization"},"potentialAction":[{"@type":"SearchAction","target":{"@type":"EntryPoint","urlTemplate":"https:\/\/test.magnetarmagnets.com\/cs\/?s={search_term_string}"},"query-input":{"@type":"PropertyValueSpecification","valueRequired":true,"valueName":"search_term_string"}}],"inLanguage":"cs"},{"@type":"Organization","@id":"https:\/\/test.magnetarmagnets.com\/cs\/#organization","name":"Magnetar","url":"https:\/\/test.magnetarmagnets.com\/cs\/","logo":{"@type":"ImageObject","inLanguage":"cs","@id":"https:\/\/test.magnetarmagnets.com\/cs\/#\/schema\/logo\/image\/","url":"https:\/\/magnetarmagnets.com\/wp-content\/uploads\/2021\/01\/magnetarvismagneet_logo.png","contentUrl":"https:\/\/magnetarmagnets.com\/wp-content\/uploads\/2021\/01\/magnetarvismagneet_logo.png","width":209,"height":100,"caption":"Magnetar"},"image":{"@id":"https:\/\/test.magnetarmagnets.com\/cs\/#\/schema\/logo\/image\/"},"sameAs":["https:\/\/www.facebook.com\/fishingmagnets\/","https:\/\/www.instagram.com\/magnetar_magnets\/","https:\/\/www.linkedin.com\/company\/magnetarbv\/?originalSubdomain=nl","https:\/\/www.youtube.com\/c\/MagnetarVismagneet"]}]}},"_links":{"self":[{"href":"https:\/\/test.magnetarmagnets.com\/cs\/wp-json\/wp\/v2\/product\/83276","targetHints":{"allow":["GET"]}}],"collection":[{"href":"https:\/\/test.magnetarmagnets.com\/cs\/wp-json\/wp\/v2\/product"}],"about":[{"href":"https:\/\/test.magnetarmagnets.com\/cs\/wp-json\/wp\/v2\/types\/product"}],"replies":[{"embeddable":true,"href":"https:\/\/test.magnetarmagnets.com\/cs\/wp-json\/wp\/v2\/comments?post=83276"}],"wp:featuredmedia":[{"embeddable":true,"href":"https:\/\/test.magnetarmagnets.com\/cs\/wp-json\/wp\/v2\/media\/88028"}],"wp:attachment":[{"href":"https:\/\/test.magnetarmagnets.com\/cs\/wp-json\/wp\/v2\/media?parent=83276"}],"wp:term":[{"taxonomy":"product_brand","embeddable":true,"href":"https:\/\/test.magnetarmagnets.com\/cs\/wp-json\/wp\/v2\/product_brand?post=83276"},{"taxonomy":"product_cat","embeddable":true,"href":"https:\/\/test.magnetarmagnets.com\/cs\/wp-json\/wp\/v2\/product_cat?post=83276"},{"taxonomy":"product_tag","embeddable":true,"href":"https:\/\/test.magnetarmagnets.com\/cs\/wp-json\/wp\/v2\/product_tag?post=83276"}],"curies":[{"name":"wp","href":"https:\/\/api.w.org\/{rel}","templated":true}]}}