{"id":83255,"date":"2025-06-05T09:54:14","date_gmt":"2025-06-05T07:54:14","guid":{"rendered":"https:\/\/magnetarmagnets.com\/?post_type=product&#038;p=83255"},"modified":"2025-07-29T12:18:29","modified_gmt":"2025-07-29T10:18:29","slug":"bulldog-800-oboustranny-800-kg","status":"publish","type":"product","link":"https:\/\/test.magnetarmagnets.com\/cs\/shop\/bulldog-800-oboustranny-800-kg\/","title":{"rendered":"Bulldog 800 &#8211; oboustrann\u00fd &#8211; 800 kg"},"content":{"rendered":"<p><span style=\"font-weight: 400;\">Magnetar <\/span>Bulldog 800<span style=\"font-weight: 400;\"> je v\u011bt\u0161\u00ed bratr magnetaru <\/span>Bulldog 500<span style=\"font-weight: 400;\">, oboustrann\u00e9ho magnetu pro magnet fishing. Bulldog 800 m\u00e1 extra velk\u00fd pr\u016fm\u011br a magnetickou s\u00edlu t\u00e9m\u011b\u0159 dvojn\u00e1sobnou oproti Bulldog 500. Bulldog 800 je skute\u010dn\u00e1 s\u00edla. Tento magnet m\u00e1 celkovou magnetickou s\u00edlu ohromuj\u00edc\u00edch 880 kg. Magnetick\u00e1 s\u00edla je rozd\u011blena na dva magnety s ta\u017enou silou 440 kg ka\u017ed\u00fd: tak\u017ee v\u017edy lov\u00edte s magnetickou silou 440 kg na ka\u017ed\u00e9 stran\u011b. To zvy\u0161uje \u0161anci na nalezen\u00ed p\u0159edm\u011bt\u016f d\u00edky roz\u0161\u00ed\u0159en\u00ed magnetick\u00e9ho pole. Bulldog m\u00e1 oboustrann\u00fd magnetick\u00fd tah s krou\u017ekov\u00fdm pouzdrem, kter\u00e9 chr\u00e1n\u00ed magnet. Hled\u00e1te univerz\u00e1ln\u00ed magnet? Pod\u00edvejte se na n\u00e1\u0161 <a href=\"https:\/\/test.magnetarmagnets.com\/shop\/beast-magnet\/\">Beast<\/a> magnet pro magnet fishing.<\/span><\/p>\n<h2><strong>Bulldog 800<\/strong><\/h2>\n<p><span style=\"font-weight: 400;\">N\u00e1\u0161 magnet Bulldog p\u0159itahuje v\u0161echny p\u0159edm\u011bty ve vod\u011b. D\u00edky celkov\u00e9 magnetick\u00e9 s\u00edle 880 kg. Tato s\u00edla je rozd\u011blena na dva magnety s ta\u017enou silou 440 kg ka\u017ed\u00fd. Sl\u00edben\u00e1 s\u00edla 440 kg\/970 lb bude dosa\u017eena pouze za ide\u00e1ln\u00edch podm\u00ednek: rovn\u00fd kov o tlou\u0161\u0165ce 2 cm, bez rzi a ne\u010distot mezi magnetem a kovem. Za t\u011bchto podm\u00ednek m\u016f\u017eete vyt\u00e1hnout 440 kg p\u0159\u00edmo nahoru.<\/span><\/p>\n<p><span style=\"font-weight: 400;\">Rozd\u00edl mezi <a href=\"https:\/\/test.magnetarmagnets.com\/double-sided-fishing-magnet\/\" target=\"_blank\" rel=\"noopener\">oboustrann\u00fdm magnetem pro magnet fishing<\/a> a <a href=\"https:\/\/test.magnetarmagnets.com\/collections\/fishing-magnets\/single-sided-classic\/\" target=\"_blank\" rel=\"noopener\">jednostrann\u00fdmi magnety<\/a> je, \u017ee m\u016f\u017eete lovit dv\u011bma zp\u016fsoby m\u00edsto jedn\u00edm. P\u0159ilo\u017een\u00e9 o\u010dkov\u00e9 \u0161rouby m\u016f\u017eete p\u0159ipevnit podle pot\u0159eby. Pokud chcete magnet t\u00e1hnout vodou vodorovn\u011b (co\u017e zvy\u0161uje \u0161anci na nalezen\u00ed p\u0159edm\u011bt\u016f), p\u0159ipevn\u011bte o\u010dkov\u00fd \u0161roub na stranu magnetu. D\u00edky dv\u011bma magnet\u016fm na oboustrann\u00e9m magnetu bude v\u017edy sm\u011b\u0159ovat k mo\u017en\u00fdm poklad\u016fm.<\/span><\/p>\n<p><span style=\"font-weight: 400;\">Nev\u00fdhodou horizont\u00e1ln\u00edho magnet fishingu je, \u017ee magnet m\u016f\u017ee vyvinout men\u0161\u00ed tah na p\u0159edm\u011bt. Magnetick\u00e1 s\u00edla je nejlep\u0161\u00ed p\u0159i vertik\u00e1ln\u00edm lovu. Pokud chcete m\u00edt v\u011bt\u0161\u00ed magnetickou s\u00edlu, m\u011bli byste o\u010dkov\u00fd \u0161roub p\u0159ipevnit vertik\u00e1ln\u011b na povrch magnetu. T\u00edmto zp\u016fsobem budete schopni vyt\u00e1hnout t\u011b\u017e\u0161\u00ed p\u0159edm\u011bty, stejn\u011b jako u na\u0161ich <\/span><span style=\"font-weight: 400;\">klasick\u00fdch magnet\u016f<\/span><span style=\"font-weight: 400\">. R\u016fzn\u00e9 zp\u016fsoby pou\u017eit\u00ed tohoto magnetu z n\u011bj d\u011blaj\u00ed multifunk\u010dn\u00ed n\u00e1stroj.<\/span><\/p>\n<h2>Vysok\u00e1 kvalita<\/h2>\n<p>Na\u0161e magnety jsou vyrobeny z nejlep\u0161\u00edho neodymu. To znamen\u00e1, \u017ee na\u0161e <a href=\"https:\/\/test.magnetarmagnets.com\/\" target=\"_blank\" rel=\"noopener\">Magnetar magnety pro magnet fishing<\/a> si udr\u017e\u00ed svou magnetickou s\u00edlu a ztrat\u00ed pouze 1 % t\u00e9to s\u00edly za 100 let! V\u011bt\u0161ina ostatn\u00edch dodavatel\u016f prod\u00e1v\u00e1 magnety, kter\u00e9 ztrat\u00ed takov\u00e9 procento b\u011bhem n\u011bkolika t\u00fddn\u016f. V posledn\u00ed dob\u011b se st\u00e1le v\u00edce objevuj\u00ed tyto nekvalitn\u00ed magnety s n\u00edzkou kvalitou neodymu. D\u011blaj\u00ed to, aby sn\u00ed\u017eili cenu a magnet vypadal v\u011bt\u0161\u00ed. P\u0159i koupi takov\u00e9ho magnetu vyhazujete pen\u00edze.<\/p>\n<p>V\u0161echny na\u0161e magnety jsou osobn\u011b navr\u017eeny tak, abyste z va\u0161eho magnet fishingu z\u00edskali maximum. Testujeme na\u0161e magnety profesion\u00e1ln\u00edm vybaven\u00edm, tak\u017ee uv\u00e1d\u011bn\u00e1 ta\u017en\u00e1 s\u00edla je p\u0159esn\u00e1. D\u00edky na\u0161im zku\u0161enostem s magnet fishingem p\u0159esn\u011b v\u00edme, jak nejl\u00e9pe navrhnout magnet. M\u016f\u017eete to sami za\u017e\u00edt s na\u0161imi vysoce kvalitn\u00edmi, v\u00fdkonn\u00fdmi a spolehliv\u00fdmi magnety pro magnet fishing. Zaj\u00edm\u00e1 v\u00e1s, jak testujeme magnetickou s\u00edlu? Pod\u00edvejte se na na\u0161e video <a href=\"https:\/\/www.youtube.com\/watch?v=2McW3RURDxs\" target=\"_blank\" rel=\"noopener noreferrer\">o m\u011b\u0159en\u00ed ta\u017en\u00e9 s\u00edly.<\/a><\/p>\n<p>Nezapome\u0148te tak\u00e9 prohl\u00e9dnout <a href=\"https:\/\/test.magnetarmagnets.com\/magnet-fishing-kit\/\" target=\"_blank\" rel=\"noopener\">nejlep\u0161\u00ed sady pro magnet fishing<\/a> a na\u0161e <a href=\"https:\/\/test.magnetarmagnets.com\/accessories\/\" target=\"_blank\" rel=\"noopener\">p\u0159\u00edslu\u0161enstv\u00ed pro magnet fishing<\/a>.<\/p>\n<h2>Upozorn\u011bn\u00ed!<\/h2>\n<p>Na\u0161e neodymov\u00e9 magnety jsou extr\u00e9mn\u011b siln\u00e9 a mohou se p\u0159i bl\u00edzk\u00e9m kontaktu rychle p\u0159ichytit na kovov\u00e9 p\u0159edm\u011bty. Ur\u010dit\u011b si nenechte prsty mezi magnetem a kovem. U n\u011bkter\u00fdch na\u0161ich nejsiln\u011bj\u0161\u00edch magnet\u016f si m\u016f\u017eete snadno rozdrtit, zlomit nebo pop\u00e1lit prsty, pokud je mezi magnetem a kovov\u00fdm p\u0159edm\u011btem. P\u0159i pou\u017e\u00edv\u00e1n\u00ed na\u0161ich magnet\u016f bu\u010fte v\u017edy opatrn\u00ed. Upozorn\u011bn\u00ed: Pou\u017e\u00edv\u00e1n\u00ed na\u0161ich magnet\u016f je na vlastn\u00ed riziko. P\u0159ed pou\u017eit\u00edm si v\u017edy p\u0159e\u010dt\u011bte na\u0161e bezpe\u010dnostn\u00ed pokyny.<\/p>\n","protected":false},"excerpt":{"rendered":"<p><span style=\"font-weight: 400;\"><strong>Extr\u00e9mn\u011b siln\u00fd<\/strong> a <strong>dvojn\u00e1sobn\u011b v\u00fdkonn\u00fd<\/strong> s ta\u017enou silou 440 kg.<\/span><\/p>\n","protected":false},"featured_media":80532,"comment_status":"open","ping_status":"closed","template":"","meta":{"_acf_changed":false,"inline_featured_image":false},"product_brand":[],"product_cat":[553,558,560,569,570],"product_tag":[],"class_list":{"0":"post-83255","1":"product","2":"type-product","3":"status-publish","4":"has-post-thumbnail","6":"product_cat-fishing-magnets-cs","7":"product_cat-nejsilnejsi-fishing-magnety","8":"product_cat-oboustranne-fishing-magnety","9":"product_cat-pokrocili-dobrodruzi","10":"product_cat-profesionalove","12":"first","13":"instock","14":"taxable","15":"shipping-taxable","16":"purchasable","17":"product-type-simple"},"acf":[],"yoast_head":"<!-- This site is optimized with the Yoast SEO plugin v27.5 - https:\/\/yoast.com\/product\/yoast-seo-wordpress\/ -->\n<title>Magnetar Bulldog 800KG: Siln\u00e9 dvojit\u00e9 magnety od Magnetar!<\/title>\n<meta name=\"description\" content=\"Magnetar Bulldog 800 Kg - dvojit\u00e9 magnety\" \/>\n<meta name=\"robots\" content=\"index, follow, max-snippet:-1, max-image-preview:large, max-video-preview:-1\" \/>\n<link rel=\"canonical\" href=\"https:\/\/test.magnetarmagnets.com\/cs\/shop\/bulldog-800-oboustranny-800-kg\/\" \/>\n<meta property=\"og:locale\" content=\"cs_CZ\" \/>\n<meta property=\"og:type\" content=\"article\" \/>\n<meta property=\"og:title\" content=\"Magnetar Bulldog 800KG: Siln\u00e9 dvojit\u00e9 magnety od Magnetar!\" \/>\n<meta property=\"og:description\" content=\"Magnetar Bulldog 800 Kg - dvojit\u00e9 magnety\" \/>\n<meta property=\"og:url\" content=\"https:\/\/test.magnetarmagnets.com\/cs\/shop\/bulldog-800-oboustranny-800-kg\/\" \/>\n<meta property=\"og:site_name\" content=\"Magnet fishing with a Magnetar fishing magnet\" \/>\n<meta property=\"article:publisher\" content=\"https:\/\/www.facebook.com\/fishingmagnets\/\" \/>\n<meta property=\"article:modified_time\" content=\"2025-07-29T10:18:29+00:00\" \/>\n<meta property=\"og:image\" content=\"https:\/\/test.magnetarmagnets.com\/wp-content\/uploads\/2020\/05\/FOTO1496.jpg\" \/>\n\t<meta property=\"og:image:width\" content=\"1000\" \/>\n\t<meta property=\"og:image:height\" content=\"1000\" \/>\n\t<meta property=\"og:image:type\" content=\"image\/jpeg\" \/>\n<meta name=\"twitter:card\" content=\"summary_large_image\" \/>\n<meta name=\"twitter:label1\" content=\"Odhadovan\u00e1 doba \u010dten\u00ed\" \/>\n\t<meta name=\"twitter:data1\" content=\"4 minuty\" \/>\n<script type=\"application\/ld+json\" class=\"yoast-schema-graph\">{\"@context\":\"https:\\\/\\\/schema.org\",\"@graph\":[{\"@type\":[\"WebPage\",\"ItemPage\"],\"@id\":\"https:\\\/\\\/test.magnetarmagnets.com\\\/cs\\\/shop\\\/bulldog-800-oboustranny-800-kg\\\/\",\"url\":\"https:\\\/\\\/test.magnetarmagnets.com\\\/cs\\\/shop\\\/bulldog-800-oboustranny-800-kg\\\/\",\"name\":\"Magnetar Bulldog 800KG: Siln\u00e9 dvojit\u00e9 magnety od Magnetar!\",\"isPartOf\":{\"@id\":\"https:\\\/\\\/test.magnetarmagnets.com\\\/cs\\\/#website\"},\"primaryImageOfPage\":{\"@id\":\"https:\\\/\\\/test.magnetarmagnets.com\\\/cs\\\/shop\\\/bulldog-800-oboustranny-800-kg\\\/#primaryimage\"},\"image\":{\"@id\":\"https:\\\/\\\/test.magnetarmagnets.com\\\/cs\\\/shop\\\/bulldog-800-oboustranny-800-kg\\\/#primaryimage\"},\"thumbnailUrl\":\"https:\\\/\\\/test.magnetarmagnets.com\\\/wp-content\\\/uploads\\\/2020\\\/05\\\/FOTO1496.jpg\",\"datePublished\":\"2025-06-05T07:54:14+00:00\",\"dateModified\":\"2025-07-29T10:18:29+00:00\",\"description\":\"Magnetar Bulldog 800 Kg - dvojit\u00e9 magnety\",\"breadcrumb\":{\"@id\":\"https:\\\/\\\/test.magnetarmagnets.com\\\/cs\\\/shop\\\/bulldog-800-oboustranny-800-kg\\\/#breadcrumb\"},\"inLanguage\":\"cs\",\"potentialAction\":[{\"@type\":\"ReadAction\",\"target\":[\"https:\\\/\\\/test.magnetarmagnets.com\\\/cs\\\/shop\\\/bulldog-800-oboustranny-800-kg\\\/\"]}]},{\"@type\":\"ImageObject\",\"inLanguage\":\"cs\",\"@id\":\"https:\\\/\\\/test.magnetarmagnets.com\\\/cs\\\/shop\\\/bulldog-800-oboustranny-800-kg\\\/#primaryimage\",\"url\":\"https:\\\/\\\/test.magnetarmagnets.com\\\/wp-content\\\/uploads\\\/2020\\\/05\\\/FOTO1496.jpg\",\"contentUrl\":\"https:\\\/\\\/test.magnetarmagnets.com\\\/wp-content\\\/uploads\\\/2020\\\/05\\\/FOTO1496.jpg\",\"width\":1000,\"height\":1000,\"caption\":\"BULLDOG 800 fishing magnet\"},{\"@type\":\"BreadcrumbList\",\"@id\":\"https:\\\/\\\/test.magnetarmagnets.com\\\/cs\\\/shop\\\/bulldog-800-oboustranny-800-kg\\\/#breadcrumb\",\"itemListElement\":[{\"@type\":\"ListItem\",\"position\":1,\"name\":\"Home\",\"item\":\"https:\\\/\\\/test.magnetarmagnets.com\\\/cs\\\/\"},{\"@type\":\"ListItem\",\"position\":2,\"name\":\"Obchod\",\"item\":\"https:\\\/\\\/test.magnetarmagnets.com\\\/shop\\\/\"},{\"@type\":\"ListItem\",\"position\":3,\"name\":\"Fishing magnety\",\"item\":\"https:\\\/\\\/test.magnetarmagnets.com\\\/cs\\\/collections\\\/fishing-magnets-cs\\\/\"},{\"@type\":\"ListItem\",\"position\":4,\"name\":\"Nejsiln\u011bj\u0161\u00ed fishing magnety\",\"item\":\"https:\\\/\\\/test.magnetarmagnets.com\\\/cs\\\/collections\\\/fishing-magnets-cs\\\/nejsilnejsi-fishing-magnety\\\/\"},{\"@type\":\"ListItem\",\"position\":5,\"name\":\"Bulldog 800 &#8211; oboustrann\u00fd &#8211; 800 kg\"}]},{\"@type\":\"WebSite\",\"@id\":\"https:\\\/\\\/test.magnetarmagnets.com\\\/cs\\\/#website\",\"url\":\"https:\\\/\\\/test.magnetarmagnets.com\\\/cs\\\/\",\"name\":\"Magnet fishing with a Magnetar fishing magnet\",\"description\":\"Powerful magnets for magnet fishing\",\"publisher\":{\"@id\":\"https:\\\/\\\/test.magnetarmagnets.com\\\/cs\\\/#organization\"},\"potentialAction\":[{\"@type\":\"SearchAction\",\"target\":{\"@type\":\"EntryPoint\",\"urlTemplate\":\"https:\\\/\\\/test.magnetarmagnets.com\\\/cs\\\/?s={search_term_string}\"},\"query-input\":{\"@type\":\"PropertyValueSpecification\",\"valueRequired\":true,\"valueName\":\"search_term_string\"}}],\"inLanguage\":\"cs\"},{\"@type\":\"Organization\",\"@id\":\"https:\\\/\\\/test.magnetarmagnets.com\\\/cs\\\/#organization\",\"name\":\"Magnetar\",\"url\":\"https:\\\/\\\/test.magnetarmagnets.com\\\/cs\\\/\",\"logo\":{\"@type\":\"ImageObject\",\"inLanguage\":\"cs\",\"@id\":\"https:\\\/\\\/test.magnetarmagnets.com\\\/cs\\\/#\\\/schema\\\/logo\\\/image\\\/\",\"url\":\"https:\\\/\\\/magnetarmagnets.com\\\/wp-content\\\/uploads\\\/2021\\\/01\\\/magnetarvismagneet_logo.png\",\"contentUrl\":\"https:\\\/\\\/magnetarmagnets.com\\\/wp-content\\\/uploads\\\/2021\\\/01\\\/magnetarvismagneet_logo.png\",\"width\":209,\"height\":100,\"caption\":\"Magnetar\"},\"image\":{\"@id\":\"https:\\\/\\\/test.magnetarmagnets.com\\\/cs\\\/#\\\/schema\\\/logo\\\/image\\\/\"},\"sameAs\":[\"https:\\\/\\\/www.facebook.com\\\/fishingmagnets\\\/\",\"https:\\\/\\\/www.instagram.com\\\/magnetar_magnets\\\/\",\"https:\\\/\\\/www.linkedin.com\\\/company\\\/magnetarbv\\\/?originalSubdomain=nl\",\"https:\\\/\\\/www.youtube.com\\\/c\\\/MagnetarVismagneet\"]}]}<\/script>\n<!-- \/ Yoast SEO plugin. -->","yoast_head_json":{"title":"Magnetar Bulldog 800KG: Siln\u00e9 dvojit\u00e9 magnety od Magnetar!","description":"Magnetar Bulldog 800 Kg - dvojit\u00e9 magnety","robots":{"index":"index","follow":"follow","max-snippet":"max-snippet:-1","max-image-preview":"max-image-preview:large","max-video-preview":"max-video-preview:-1"},"canonical":"https:\/\/test.magnetarmagnets.com\/cs\/shop\/bulldog-800-oboustranny-800-kg\/","og_locale":"cs_CZ","og_type":"article","og_title":"Magnetar Bulldog 800KG: Siln\u00e9 dvojit\u00e9 magnety od Magnetar!","og_description":"Magnetar Bulldog 800 Kg - dvojit\u00e9 magnety","og_url":"https:\/\/test.magnetarmagnets.com\/cs\/shop\/bulldog-800-oboustranny-800-kg\/","og_site_name":"Magnet fishing with a Magnetar fishing magnet","article_publisher":"https:\/\/www.facebook.com\/fishingmagnets\/","article_modified_time":"2025-07-29T10:18:29+00:00","og_image":[{"width":1000,"height":1000,"url":"https:\/\/test.magnetarmagnets.com\/wp-content\/uploads\/2020\/05\/FOTO1496.jpg","type":"image\/jpeg"}],"twitter_card":"summary_large_image","twitter_misc":{"Odhadovan\u00e1 doba \u010dten\u00ed":"4 minuty"},"schema":{"@context":"https:\/\/schema.org","@graph":[{"@type":["WebPage","ItemPage"],"@id":"https:\/\/test.magnetarmagnets.com\/cs\/shop\/bulldog-800-oboustranny-800-kg\/","url":"https:\/\/test.magnetarmagnets.com\/cs\/shop\/bulldog-800-oboustranny-800-kg\/","name":"Magnetar Bulldog 800KG: Siln\u00e9 dvojit\u00e9 magnety od Magnetar!","isPartOf":{"@id":"https:\/\/test.magnetarmagnets.com\/cs\/#website"},"primaryImageOfPage":{"@id":"https:\/\/test.magnetarmagnets.com\/cs\/shop\/bulldog-800-oboustranny-800-kg\/#primaryimage"},"image":{"@id":"https:\/\/test.magnetarmagnets.com\/cs\/shop\/bulldog-800-oboustranny-800-kg\/#primaryimage"},"thumbnailUrl":"https:\/\/test.magnetarmagnets.com\/wp-content\/uploads\/2020\/05\/FOTO1496.jpg","datePublished":"2025-06-05T07:54:14+00:00","dateModified":"2025-07-29T10:18:29+00:00","description":"Magnetar Bulldog 800 Kg - dvojit\u00e9 magnety","breadcrumb":{"@id":"https:\/\/test.magnetarmagnets.com\/cs\/shop\/bulldog-800-oboustranny-800-kg\/#breadcrumb"},"inLanguage":"cs","potentialAction":[{"@type":"ReadAction","target":["https:\/\/test.magnetarmagnets.com\/cs\/shop\/bulldog-800-oboustranny-800-kg\/"]}]},{"@type":"ImageObject","inLanguage":"cs","@id":"https:\/\/test.magnetarmagnets.com\/cs\/shop\/bulldog-800-oboustranny-800-kg\/#primaryimage","url":"https:\/\/test.magnetarmagnets.com\/wp-content\/uploads\/2020\/05\/FOTO1496.jpg","contentUrl":"https:\/\/test.magnetarmagnets.com\/wp-content\/uploads\/2020\/05\/FOTO1496.jpg","width":1000,"height":1000,"caption":"BULLDOG 800 fishing magnet"},{"@type":"BreadcrumbList","@id":"https:\/\/test.magnetarmagnets.com\/cs\/shop\/bulldog-800-oboustranny-800-kg\/#breadcrumb","itemListElement":[{"@type":"ListItem","position":1,"name":"Home","item":"https:\/\/test.magnetarmagnets.com\/cs\/"},{"@type":"ListItem","position":2,"name":"Obchod","item":"https:\/\/test.magnetarmagnets.com\/shop\/"},{"@type":"ListItem","position":3,"name":"Fishing magnety","item":"https:\/\/test.magnetarmagnets.com\/cs\/collections\/fishing-magnets-cs\/"},{"@type":"ListItem","position":4,"name":"Nejsiln\u011bj\u0161\u00ed fishing magnety","item":"https:\/\/test.magnetarmagnets.com\/cs\/collections\/fishing-magnets-cs\/nejsilnejsi-fishing-magnety\/"},{"@type":"ListItem","position":5,"name":"Bulldog 800 &#8211; oboustrann\u00fd &#8211; 800 kg"}]},{"@type":"WebSite","@id":"https:\/\/test.magnetarmagnets.com\/cs\/#website","url":"https:\/\/test.magnetarmagnets.com\/cs\/","name":"Magnet fishing with a Magnetar fishing magnet","description":"Powerful magnets for magnet fishing","publisher":{"@id":"https:\/\/test.magnetarmagnets.com\/cs\/#organization"},"potentialAction":[{"@type":"SearchAction","target":{"@type":"EntryPoint","urlTemplate":"https:\/\/test.magnetarmagnets.com\/cs\/?s={search_term_string}"},"query-input":{"@type":"PropertyValueSpecification","valueRequired":true,"valueName":"search_term_string"}}],"inLanguage":"cs"},{"@type":"Organization","@id":"https:\/\/test.magnetarmagnets.com\/cs\/#organization","name":"Magnetar","url":"https:\/\/test.magnetarmagnets.com\/cs\/","logo":{"@type":"ImageObject","inLanguage":"cs","@id":"https:\/\/test.magnetarmagnets.com\/cs\/#\/schema\/logo\/image\/","url":"https:\/\/magnetarmagnets.com\/wp-content\/uploads\/2021\/01\/magnetarvismagneet_logo.png","contentUrl":"https:\/\/magnetarmagnets.com\/wp-content\/uploads\/2021\/01\/magnetarvismagneet_logo.png","width":209,"height":100,"caption":"Magnetar"},"image":{"@id":"https:\/\/test.magnetarmagnets.com\/cs\/#\/schema\/logo\/image\/"},"sameAs":["https:\/\/www.facebook.com\/fishingmagnets\/","https:\/\/www.instagram.com\/magnetar_magnets\/","https:\/\/www.linkedin.com\/company\/magnetarbv\/?originalSubdomain=nl","https:\/\/www.youtube.com\/c\/MagnetarVismagneet"]}]}},"_links":{"self":[{"href":"https:\/\/test.magnetarmagnets.com\/cs\/wp-json\/wp\/v2\/product\/83255","targetHints":{"allow":["GET"]}}],"collection":[{"href":"https:\/\/test.magnetarmagnets.com\/cs\/wp-json\/wp\/v2\/product"}],"about":[{"href":"https:\/\/test.magnetarmagnets.com\/cs\/wp-json\/wp\/v2\/types\/product"}],"replies":[{"embeddable":true,"href":"https:\/\/test.magnetarmagnets.com\/cs\/wp-json\/wp\/v2\/comments?post=83255"}],"wp:featuredmedia":[{"embeddable":true,"href":"https:\/\/test.magnetarmagnets.com\/cs\/wp-json\/wp\/v2\/media\/80532"}],"wp:attachment":[{"href":"https:\/\/test.magnetarmagnets.com\/cs\/wp-json\/wp\/v2\/media?parent=83255"}],"wp:term":[{"taxonomy":"product_brand","embeddable":true,"href":"https:\/\/test.magnetarmagnets.com\/cs\/wp-json\/wp\/v2\/product_brand?post=83255"},{"taxonomy":"product_cat","embeddable":true,"href":"https:\/\/test.magnetarmagnets.com\/cs\/wp-json\/wp\/v2\/product_cat?post=83255"},{"taxonomy":"product_tag","embeddable":true,"href":"https:\/\/test.magnetarmagnets.com\/cs\/wp-json\/wp\/v2\/product_tag?post=83255"}],"curies":[{"name":"wp","href":"https:\/\/api.w.org\/{rel}","templated":true}]}}