{"id":83254,"date":"2025-06-05T09:54:14","date_gmt":"2025-06-05T07:54:14","guid":{"rendered":"https:\/\/magnetarmagnets.com\/?post_type=product&#038;p=83254"},"modified":"2025-07-29T12:18:44","modified_gmt":"2025-07-29T10:18:44","slug":"sada-magnetu-s-dvojitou-stranou-500-kg-bulldog","status":"publish","type":"product","link":"https:\/\/test.magnetarmagnets.com\/cs\/shop\/sada-magnetu-s-dvojitou-stranou-500-kg-bulldog\/","title":{"rendered":"Sada magnet\u016f s dvojitou stranou &#8211; 500 kg &#8211; Bulldog"},"content":{"rendered":"<p>Hled\u00e1te, jak za\u010d\u00edt s magnet fishing? Sada magnet\u016f Bulldog 500 v\u00e1m to umo\u017en\u00ed. Tento kompletn\u00ed bal\u00ed\u010dek obsahuje v\u0161e, co pot\u0159ebujete, abyste se vyhnuli nep\u0159\u00edjemn\u00fdm p\u0159ekvapen\u00edm u vody. V na\u0161\u00ed sad\u011b najdete oboustrann\u00fd Bulldog 500 fishing magnet, rukavice, magnetick\u00e9 lano a kovov\u00e9 lepidlo. Hled\u00e1te 360\u00b0 v\u0161estrann\u00fd magnet? Pod\u00edvejte se na n\u00e1\u0161 <a href=\"https:\/\/test.magnetarmagnets.com\/shop\/fishmagnet-package-pro\/\"><strong>Pro <\/strong><\/a><a href=\"https:\/\/test.magnetarmagnets.com\/shop\/fishmagnet-package-pro\/\"><strong>P<\/strong><\/a><a href=\"https:\/\/test.magnetarmagnets.com\/shop\/fishmagnet-package-pro\/\"><strong>ackage<\/strong><\/a>.<\/p>\n<h2>Bulldog 500 oboustrann\u00fd fishing magnet<\/h2>\n<p>V\u0161echny na\u0161e Bulldog fishing magnety maj\u00ed dv\u011b magnetick\u00e9 strany. Bulldog 500 m\u00e1 celkovou magnetickou s\u00edlu 1100 lb \/ 500 kg, co\u017e je efektivn\u011b 550 lb \/ 250 kg na ka\u017ed\u00e9 stran\u011b. Tento siln\u00fd magnet je dostate\u010dn\u011b siln\u00fd, aby vyt\u00e1hl ty nejunik\u00e1tn\u011bj\u0161\u00ed p\u0159edm\u011bty z vody. Ve srovn\u00e1n\u00ed s jednostrann\u00fdmi magnety v\u00fdrazn\u011b zvy\u0161uj\u00ed dv\u011b magnetick\u00e9 strany \u0161ance na nalezen\u00ed skv\u011bl\u00fdch poklad\u016f.<\/p>\n<p>Oboustrann\u00e9 magnety lze pou\u017e\u00edvat r\u016fzn\u00fdmi zp\u016fsoby. Pokud chcete magnet t\u00e1hnout vodorovn\u011b vodou \u2013 co\u017e zvy\u0161uje \u0161anci, \u017ee se magnet p\u0159ichyt\u00ed k pokladu \u2013 m\u016f\u017ee b\u00fdt oko \u0161roubu namontov\u00e1no na boku magnetu. D\u00edky dv\u011bma magnetick\u00fdm stran\u00e1m je v\u017edy magnetick\u00e1 s\u00edla sm\u011b\u0159uj\u00edc\u00ed k potenci\u00e1ln\u00edmu pokladu na dn\u011b. Nev\u00fdhodou je, \u017ee horizont\u00e1ln\u00ed pohyb magnetu vyv\u00edj\u00ed men\u0161\u00ed tah na nalezen\u00e9 p\u0159edm\u011bty. Vertik\u00e1ln\u00ed magnet fishing naopak v\u017edy poskytuje optim\u00e1ln\u011bj\u0161\u00ed magnetickou s\u00edlu.<\/p>\n<p>Pokud m\u00e1te n\u011bco na h\u00e1\u010dku a chcete pou\u017e\u00edt v\u011bt\u0161\u00ed s\u00edlu, m\u016f\u017ee b\u00fdt oko \u0161roubu p\u0159ipevn\u011bno vertik\u00e1ln\u011b. To umo\u017e\u0148uje siln\u011bj\u0161\u00ed vertik\u00e1ln\u00ed tah na t\u011b\u017e\u0161\u00ed p\u0159edm\u011bty, prakticky stejn\u00fdm zp\u016fsobem jako u na\u0161ich <a href=\"https:\/\/test.magnetarmagnets.com\/collections\/fishing-magnets\/single-sided-classic\/\"><strong>klasick\u00fdch magnet\u016f<\/strong><\/a>. Univerz\u00e1ln\u00ed pou\u017eit\u00ed oboustrann\u00fdch magnet\u016f, p\u0159ipevn\u011bn\u00fdch k lanu, je \u010din\u00ed nejv\u00edce multifunk\u010dn\u00edmi magnety, kter\u00e9 nab\u00edz\u00edme.<\/p>\n<p>Hled\u00e1te oboustrann\u00fd magnet, ale m\u00e1te obavy o jeho s\u00edlu? Pod\u00edvejte se na n\u00e1\u0161 <a href=\"https:\/\/test.magnetarmagnets.com\/shop\/bulldog-800-double-sided\/\"><strong>Bulldog 800<\/strong><\/a>. Jedn\u00e1 se o t\u011b\u017e\u0161\u00ed a siln\u011bj\u0161\u00ed model s celkovou ta\u017enou silou ohromuj\u00edc\u00edch 1760 lb \/ 800 kg. Preferujete 360\u00b0 v\u0161estrann\u00fd magnet? Pod\u00edvejte se na <a href=\"https:\/\/test.magnetarmagnets.com\/shop\/exclusive-terror-magnet\/\"><strong>Terror<\/strong><\/a>. Nezapome\u0148te tak\u00e9 prohl\u00e9dnout <a href=\"https:\/\/test.magnetarmagnets.com\/collections\/fishing-magnets\/magnet-fishing-kit\/\" target=\"_blank\" rel=\"noopener\">nejlep\u0161\u00ed magnet fishing sady<\/a> nebo na\u0161e <a href=\"https:\/\/test.magnetarmagnets.com\/accessories\/\" target=\"_blank\" rel=\"noopener\">p\u0159\u00edslu\u0161enstv\u00ed pro magnet fishing<\/a>.<\/p>\n<h2>Vysok\u00e1 kvalita<\/h2>\n<p>V\u0161echny Magnetar fishing magnety jsou vyrobeny z neodymu. Tento materi\u00e1l zaji\u0161\u0165uje dlouhotrvaj\u00edc\u00ed magnetickou s\u00edlu. P\u0159i spr\u00e1vn\u00e9m pou\u017e\u00edv\u00e1n\u00ed a skladov\u00e1n\u00ed tyto magnety ztr\u00e1cej\u00ed pouze jedno procento sv\u00e9 s\u00edly za 100 let. Proto jsme si jisti, \u017ee nab\u00edz\u00edme nejkvalitn\u011bj\u0161\u00ed <a href=\"https:\/\/test.magnetarmagnets.com\/collections\/fishing-magnets\/\"><strong>fishing magnety<\/strong><\/a> na trhu.<\/p>\n<p>V posledn\u00edch letech je trh zaplaven nekvalitn\u00edmi produkty. Mnoho fishing magnet\u016f od jin\u00fdch prodejc\u016f ztr\u00e1c\u00ed s\u00edlu b\u011bhem n\u011bkolika t\u00fddn\u016f. Obvykle vid\u00edme v\u011bt\u0161\u00ed magnety, ale vyroben\u00e9 z m\u00e9n\u011b kvalitn\u00edho neodymu, kter\u00e9 jsou propagov\u00e1ny zav\u00e1d\u011bj\u00edc\u00ed reklamou. Tyto produkty mohou vypadat levn\u011b, ale dlouhodob\u011b v\u00e1s zklamou.<\/p>\n<p>Magnetar je mal\u00e1 rodinn\u00e1 firma skute\u010dn\u00fdch fanou\u0161k\u016f magnet fishingu. Kvalita je pro n\u00e1s na prvn\u00edm m\u00edst\u011b, co\u017e se odr\u00e1\u017e\u00ed v na\u0161ich produktech. V\u0161echny na\u0161e fishing magnety jsou navr\u017eeny intern\u011b, aby byla zaji\u0161t\u011bna \u0161pi\u010dkov\u00e1 kvalita. Hled\u00e1te spolehliv\u00fd, efektivn\u00ed a kvalitn\u00ed fishing magnet? Hledejte Magnetar!<\/p>\n<h2>Varov\u00e1n\u00ed:<\/h2>\n<p>Na\u0161e neodymov\u00e9 fishing magnety jsou velmi siln\u00e9. Mohou zp\u016fsobit, \u017ee jin\u00e9 p\u0159edm\u011bty budou p\u0159itahov\u00e1ny k magnetu vysokou rychlost\u00ed. To vede k potenci\u00e1ln\u011b nebezpe\u010dn\u00fdm situac\u00edm, kdy si m\u016f\u017eete prsty zachytit mezi magnet a p\u0159edm\u011bt. Doporu\u010dujeme v\u017edy s magnety zach\u00e1zet opatrn\u011b a zd\u016fraz\u0148ujeme, \u017ee tak \u010din\u00edte na vlastn\u00ed riziko. P\u0159ed pou\u017eit\u00edm si p\u0159e\u010dt\u011bte na\u0161e bezpe\u010dnostn\u00ed pokyny.<\/p>\n","protected":false},"excerpt":{"rendered":"<p>Hled\u00e1te, jak za\u010d\u00edt s magnet fishing? Sada magnet\u016f Bulldog 500 v\u00e1m to umo\u017en\u00ed. Tento kompletn\u00ed bal\u00ed\u010dek obsahuje v\u0161e, co pot\u0159ebujete, abyste se vyhnuli nep\u0159\u00edjemn\u00fdm p\u0159ekvapen\u00edm u vody. V na\u0161\u00ed sad\u011b najdete oboustrann\u00fd Bulldog 500 fishing magnet, rukavice, magnetick\u00e9 lano a kovov\u00e9 lepidlo. Hled\u00e1te 360\u00b0 v\u0161estrann\u00fd magnet? Pod\u00edvejte se na n\u00e1\u0161 Pro Package. Bulldog 500 oboustrann\u00fd [&hellip;]<\/p>\n","protected":false},"featured_media":78872,"comment_status":"open","ping_status":"closed","template":"","meta":{"_acf_changed":false,"inline_featured_image":false},"product_brand":[],"product_cat":[553,560,569,562,1000,568],"product_tag":[],"class_list":{"0":"post-83254","1":"product","2":"type-product","3":"status-publish","4":"has-post-thumbnail","6":"product_cat-fishing-magnets-cs","7":"product_cat-oboustranne-fishing-magnety","8":"product_cat-pokrocili-dobrodruzi","9":"product_cat-sada-na-magnet-fishing","10":"product_cat-vsechny-produkty","11":"product_cat-zacatecnici-a-deti","13":"first","14":"instock","15":"sale","16":"taxable","17":"shipping-taxable","18":"purchasable","19":"product-type-simple"},"acf":[],"yoast_head":"<!-- This site is optimized with the Yoast SEO plugin v27.6 - https:\/\/yoast.com\/product\/yoast-seo-wordpress\/ -->\n<title>Sada magnet\u016f s dvojitou stranou - 500 kg - Bulldog - Magnet fishing with a Magnetar fishing magnet<\/title>\n<meta name=\"description\" content=\"Magnet s dvojitou stranou - 500 Kg - Bulldog - Magnetar\" \/>\n<meta name=\"robots\" content=\"index, follow, max-snippet:-1, max-image-preview:large, max-video-preview:-1\" \/>\n<link rel=\"canonical\" href=\"https:\/\/test.magnetarmagnets.com\/cs\/shop\/sada-magnetu-s-dvojitou-stranou-500-kg-bulldog\/\" \/>\n<meta property=\"og:locale\" content=\"cs_CZ\" \/>\n<meta property=\"og:type\" content=\"article\" \/>\n<meta property=\"og:title\" content=\"Sada magnet\u016f s dvojitou stranou - 500 kg - Bulldog - Magnet fishing with a Magnetar fishing magnet\" \/>\n<meta property=\"og:description\" content=\"Magnet s dvojitou stranou - 500 Kg - Bulldog - Magnetar\" \/>\n<meta property=\"og:url\" content=\"https:\/\/test.magnetarmagnets.com\/cs\/shop\/sada-magnetu-s-dvojitou-stranou-500-kg-bulldog\/\" \/>\n<meta property=\"og:site_name\" content=\"Magnet fishing with a Magnetar fishing magnet\" \/>\n<meta property=\"article:publisher\" content=\"https:\/\/www.facebook.com\/fishingmagnets\/\" \/>\n<meta property=\"article:modified_time\" content=\"2025-07-29T10:18:44+00:00\" \/>\n<meta property=\"og:image\" content=\"https:\/\/test.magnetarmagnets.com\/wp-content\/uploads\/2021\/10\/MAGNETAR-BULLDOG-500-KIT-GOOGLE.jpg\" \/>\n\t<meta property=\"og:image:width\" content=\"1500\" \/>\n\t<meta property=\"og:image:height\" content=\"1500\" \/>\n\t<meta property=\"og:image:type\" content=\"image\/jpeg\" \/>\n<meta name=\"twitter:card\" content=\"summary_large_image\" \/>\n<meta name=\"twitter:label1\" content=\"Odhadovan\u00e1 doba \u010dten\u00ed\" \/>\n\t<meta name=\"twitter:data1\" content=\"3 minuty\" \/>\n<script type=\"application\/ld+json\" class=\"yoast-schema-graph\">{\"@context\":\"https:\\\/\\\/schema.org\",\"@graph\":[{\"@type\":[\"WebPage\",\"ItemPage\"],\"@id\":\"https:\\\/\\\/test.magnetarmagnets.com\\\/cs\\\/shop\\\/sada-magnetu-s-dvojitou-stranou-500-kg-bulldog\\\/\",\"url\":\"https:\\\/\\\/test.magnetarmagnets.com\\\/cs\\\/shop\\\/sada-magnetu-s-dvojitou-stranou-500-kg-bulldog\\\/\",\"name\":\"Sada magnet\u016f s dvojitou stranou - 500 kg - Bulldog - Magnet fishing with a Magnetar fishing magnet\",\"isPartOf\":{\"@id\":\"https:\\\/\\\/test.magnetarmagnets.com\\\/cs\\\/#website\"},\"primaryImageOfPage\":{\"@id\":\"https:\\\/\\\/test.magnetarmagnets.com\\\/cs\\\/shop\\\/sada-magnetu-s-dvojitou-stranou-500-kg-bulldog\\\/#primaryimage\"},\"image\":{\"@id\":\"https:\\\/\\\/test.magnetarmagnets.com\\\/cs\\\/shop\\\/sada-magnetu-s-dvojitou-stranou-500-kg-bulldog\\\/#primaryimage\"},\"thumbnailUrl\":\"https:\\\/\\\/test.magnetarmagnets.com\\\/wp-content\\\/uploads\\\/2021\\\/10\\\/MAGNETAR-BULLDOG-500-KIT-GOOGLE.jpg\",\"datePublished\":\"2025-06-05T07:54:14+00:00\",\"dateModified\":\"2025-07-29T10:18:44+00:00\",\"description\":\"Magnet s dvojitou stranou - 500 Kg - Bulldog - Magnetar\",\"breadcrumb\":{\"@id\":\"https:\\\/\\\/test.magnetarmagnets.com\\\/cs\\\/shop\\\/sada-magnetu-s-dvojitou-stranou-500-kg-bulldog\\\/#breadcrumb\"},\"inLanguage\":\"cs\",\"potentialAction\":[{\"@type\":\"ReadAction\",\"target\":[\"https:\\\/\\\/test.magnetarmagnets.com\\\/cs\\\/shop\\\/sada-magnetu-s-dvojitou-stranou-500-kg-bulldog\\\/\"]}]},{\"@type\":\"ImageObject\",\"inLanguage\":\"cs\",\"@id\":\"https:\\\/\\\/test.magnetarmagnets.com\\\/cs\\\/shop\\\/sada-magnetu-s-dvojitou-stranou-500-kg-bulldog\\\/#primaryimage\",\"url\":\"https:\\\/\\\/test.magnetarmagnets.com\\\/wp-content\\\/uploads\\\/2021\\\/10\\\/MAGNETAR-BULLDOG-500-KIT-GOOGLE.jpg\",\"contentUrl\":\"https:\\\/\\\/test.magnetarmagnets.com\\\/wp-content\\\/uploads\\\/2021\\\/10\\\/MAGNETAR-BULLDOG-500-KIT-GOOGLE.jpg\",\"width\":1500,\"height\":1500,\"caption\":\"MAGNETAR-BULLDOG-500-KIT\"},{\"@type\":\"BreadcrumbList\",\"@id\":\"https:\\\/\\\/test.magnetarmagnets.com\\\/cs\\\/shop\\\/sada-magnetu-s-dvojitou-stranou-500-kg-bulldog\\\/#breadcrumb\",\"itemListElement\":[{\"@type\":\"ListItem\",\"position\":1,\"name\":\"Home\",\"item\":\"https:\\\/\\\/test.magnetarmagnets.com\\\/cs\\\/\"},{\"@type\":\"ListItem\",\"position\":2,\"name\":\"Obchod\",\"item\":\"https:\\\/\\\/test.magnetarmagnets.com\\\/shop\\\/\"},{\"@type\":\"ListItem\",\"position\":3,\"name\":\"Fishing magnety\",\"item\":\"https:\\\/\\\/test.magnetarmagnets.com\\\/cs\\\/collections\\\/fishing-magnets-cs\\\/\"},{\"@type\":\"ListItem\",\"position\":4,\"name\":\"Oboustrann\u00e9 fishing magnety\",\"item\":\"https:\\\/\\\/test.magnetarmagnets.com\\\/cs\\\/collections\\\/fishing-magnets-cs\\\/oboustranne-fishing-magnety\\\/\"},{\"@type\":\"ListItem\",\"position\":5,\"name\":\"Sada magnet\u016f s dvojitou stranou &#8211; 500 kg &#8211; Bulldog\"}]},{\"@type\":\"WebSite\",\"@id\":\"https:\\\/\\\/test.magnetarmagnets.com\\\/cs\\\/#website\",\"url\":\"https:\\\/\\\/test.magnetarmagnets.com\\\/cs\\\/\",\"name\":\"Magnet fishing with a Magnetar fishing magnet\",\"description\":\"Powerful magnets for magnet fishing\",\"publisher\":{\"@id\":\"https:\\\/\\\/test.magnetarmagnets.com\\\/cs\\\/#organization\"},\"potentialAction\":[{\"@type\":\"SearchAction\",\"target\":{\"@type\":\"EntryPoint\",\"urlTemplate\":\"https:\\\/\\\/test.magnetarmagnets.com\\\/cs\\\/?s={search_term_string}\"},\"query-input\":{\"@type\":\"PropertyValueSpecification\",\"valueRequired\":true,\"valueName\":\"search_term_string\"}}],\"inLanguage\":\"cs\"},{\"@type\":\"Organization\",\"@id\":\"https:\\\/\\\/test.magnetarmagnets.com\\\/cs\\\/#organization\",\"name\":\"Magnetar\",\"url\":\"https:\\\/\\\/test.magnetarmagnets.com\\\/cs\\\/\",\"logo\":{\"@type\":\"ImageObject\",\"inLanguage\":\"cs\",\"@id\":\"https:\\\/\\\/test.magnetarmagnets.com\\\/cs\\\/#\\\/schema\\\/logo\\\/image\\\/\",\"url\":\"https:\\\/\\\/magnetarmagnets.com\\\/wp-content\\\/uploads\\\/2021\\\/01\\\/magnetarvismagneet_logo.png\",\"contentUrl\":\"https:\\\/\\\/magnetarmagnets.com\\\/wp-content\\\/uploads\\\/2021\\\/01\\\/magnetarvismagneet_logo.png\",\"width\":209,\"height\":100,\"caption\":\"Magnetar\"},\"image\":{\"@id\":\"https:\\\/\\\/test.magnetarmagnets.com\\\/cs\\\/#\\\/schema\\\/logo\\\/image\\\/\"},\"sameAs\":[\"https:\\\/\\\/www.facebook.com\\\/fishingmagnets\\\/\",\"https:\\\/\\\/www.instagram.com\\\/magnetar_magnets\\\/\",\"https:\\\/\\\/www.linkedin.com\\\/company\\\/magnetarbv\\\/?originalSubdomain=nl\",\"https:\\\/\\\/www.youtube.com\\\/c\\\/MagnetarVismagneet\"]}]}<\/script>\n<!-- \/ Yoast SEO plugin. -->","yoast_head_json":{"title":"Sada magnet\u016f s dvojitou stranou - 500 kg - Bulldog - Magnet fishing with a Magnetar fishing magnet","description":"Magnet s dvojitou stranou - 500 Kg - Bulldog - Magnetar","robots":{"index":"index","follow":"follow","max-snippet":"max-snippet:-1","max-image-preview":"max-image-preview:large","max-video-preview":"max-video-preview:-1"},"canonical":"https:\/\/test.magnetarmagnets.com\/cs\/shop\/sada-magnetu-s-dvojitou-stranou-500-kg-bulldog\/","og_locale":"cs_CZ","og_type":"article","og_title":"Sada magnet\u016f s dvojitou stranou - 500 kg - Bulldog - Magnet fishing with a Magnetar fishing magnet","og_description":"Magnet s dvojitou stranou - 500 Kg - Bulldog - Magnetar","og_url":"https:\/\/test.magnetarmagnets.com\/cs\/shop\/sada-magnetu-s-dvojitou-stranou-500-kg-bulldog\/","og_site_name":"Magnet fishing with a Magnetar fishing magnet","article_publisher":"https:\/\/www.facebook.com\/fishingmagnets\/","article_modified_time":"2025-07-29T10:18:44+00:00","og_image":[{"width":1500,"height":1500,"url":"https:\/\/test.magnetarmagnets.com\/wp-content\/uploads\/2021\/10\/MAGNETAR-BULLDOG-500-KIT-GOOGLE.jpg","type":"image\/jpeg"}],"twitter_card":"summary_large_image","twitter_misc":{"Odhadovan\u00e1 doba \u010dten\u00ed":"3 minuty"},"schema":{"@context":"https:\/\/schema.org","@graph":[{"@type":["WebPage","ItemPage"],"@id":"https:\/\/test.magnetarmagnets.com\/cs\/shop\/sada-magnetu-s-dvojitou-stranou-500-kg-bulldog\/","url":"https:\/\/test.magnetarmagnets.com\/cs\/shop\/sada-magnetu-s-dvojitou-stranou-500-kg-bulldog\/","name":"Sada magnet\u016f s dvojitou stranou - 500 kg - Bulldog - Magnet fishing with a Magnetar fishing magnet","isPartOf":{"@id":"https:\/\/test.magnetarmagnets.com\/cs\/#website"},"primaryImageOfPage":{"@id":"https:\/\/test.magnetarmagnets.com\/cs\/shop\/sada-magnetu-s-dvojitou-stranou-500-kg-bulldog\/#primaryimage"},"image":{"@id":"https:\/\/test.magnetarmagnets.com\/cs\/shop\/sada-magnetu-s-dvojitou-stranou-500-kg-bulldog\/#primaryimage"},"thumbnailUrl":"https:\/\/test.magnetarmagnets.com\/wp-content\/uploads\/2021\/10\/MAGNETAR-BULLDOG-500-KIT-GOOGLE.jpg","datePublished":"2025-06-05T07:54:14+00:00","dateModified":"2025-07-29T10:18:44+00:00","description":"Magnet s dvojitou stranou - 500 Kg - Bulldog - Magnetar","breadcrumb":{"@id":"https:\/\/test.magnetarmagnets.com\/cs\/shop\/sada-magnetu-s-dvojitou-stranou-500-kg-bulldog\/#breadcrumb"},"inLanguage":"cs","potentialAction":[{"@type":"ReadAction","target":["https:\/\/test.magnetarmagnets.com\/cs\/shop\/sada-magnetu-s-dvojitou-stranou-500-kg-bulldog\/"]}]},{"@type":"ImageObject","inLanguage":"cs","@id":"https:\/\/test.magnetarmagnets.com\/cs\/shop\/sada-magnetu-s-dvojitou-stranou-500-kg-bulldog\/#primaryimage","url":"https:\/\/test.magnetarmagnets.com\/wp-content\/uploads\/2021\/10\/MAGNETAR-BULLDOG-500-KIT-GOOGLE.jpg","contentUrl":"https:\/\/test.magnetarmagnets.com\/wp-content\/uploads\/2021\/10\/MAGNETAR-BULLDOG-500-KIT-GOOGLE.jpg","width":1500,"height":1500,"caption":"MAGNETAR-BULLDOG-500-KIT"},{"@type":"BreadcrumbList","@id":"https:\/\/test.magnetarmagnets.com\/cs\/shop\/sada-magnetu-s-dvojitou-stranou-500-kg-bulldog\/#breadcrumb","itemListElement":[{"@type":"ListItem","position":1,"name":"Home","item":"https:\/\/test.magnetarmagnets.com\/cs\/"},{"@type":"ListItem","position":2,"name":"Obchod","item":"https:\/\/test.magnetarmagnets.com\/shop\/"},{"@type":"ListItem","position":3,"name":"Fishing magnety","item":"https:\/\/test.magnetarmagnets.com\/cs\/collections\/fishing-magnets-cs\/"},{"@type":"ListItem","position":4,"name":"Oboustrann\u00e9 fishing magnety","item":"https:\/\/test.magnetarmagnets.com\/cs\/collections\/fishing-magnets-cs\/oboustranne-fishing-magnety\/"},{"@type":"ListItem","position":5,"name":"Sada magnet\u016f s dvojitou stranou &#8211; 500 kg &#8211; Bulldog"}]},{"@type":"WebSite","@id":"https:\/\/test.magnetarmagnets.com\/cs\/#website","url":"https:\/\/test.magnetarmagnets.com\/cs\/","name":"Magnet fishing with a Magnetar fishing magnet","description":"Powerful magnets for magnet fishing","publisher":{"@id":"https:\/\/test.magnetarmagnets.com\/cs\/#organization"},"potentialAction":[{"@type":"SearchAction","target":{"@type":"EntryPoint","urlTemplate":"https:\/\/test.magnetarmagnets.com\/cs\/?s={search_term_string}"},"query-input":{"@type":"PropertyValueSpecification","valueRequired":true,"valueName":"search_term_string"}}],"inLanguage":"cs"},{"@type":"Organization","@id":"https:\/\/test.magnetarmagnets.com\/cs\/#organization","name":"Magnetar","url":"https:\/\/test.magnetarmagnets.com\/cs\/","logo":{"@type":"ImageObject","inLanguage":"cs","@id":"https:\/\/test.magnetarmagnets.com\/cs\/#\/schema\/logo\/image\/","url":"https:\/\/magnetarmagnets.com\/wp-content\/uploads\/2021\/01\/magnetarvismagneet_logo.png","contentUrl":"https:\/\/magnetarmagnets.com\/wp-content\/uploads\/2021\/01\/magnetarvismagneet_logo.png","width":209,"height":100,"caption":"Magnetar"},"image":{"@id":"https:\/\/test.magnetarmagnets.com\/cs\/#\/schema\/logo\/image\/"},"sameAs":["https:\/\/www.facebook.com\/fishingmagnets\/","https:\/\/www.instagram.com\/magnetar_magnets\/","https:\/\/www.linkedin.com\/company\/magnetarbv\/?originalSubdomain=nl","https:\/\/www.youtube.com\/c\/MagnetarVismagneet"]}]}},"_links":{"self":[{"href":"https:\/\/test.magnetarmagnets.com\/cs\/wp-json\/wp\/v2\/product\/83254","targetHints":{"allow":["GET"]}}],"collection":[{"href":"https:\/\/test.magnetarmagnets.com\/cs\/wp-json\/wp\/v2\/product"}],"about":[{"href":"https:\/\/test.magnetarmagnets.com\/cs\/wp-json\/wp\/v2\/types\/product"}],"replies":[{"embeddable":true,"href":"https:\/\/test.magnetarmagnets.com\/cs\/wp-json\/wp\/v2\/comments?post=83254"}],"wp:featuredmedia":[{"embeddable":true,"href":"https:\/\/test.magnetarmagnets.com\/cs\/wp-json\/wp\/v2\/media\/78872"}],"wp:attachment":[{"href":"https:\/\/test.magnetarmagnets.com\/cs\/wp-json\/wp\/v2\/media?parent=83254"}],"wp:term":[{"taxonomy":"product_brand","embeddable":true,"href":"https:\/\/test.magnetarmagnets.com\/cs\/wp-json\/wp\/v2\/product_brand?post=83254"},{"taxonomy":"product_cat","embeddable":true,"href":"https:\/\/test.magnetarmagnets.com\/cs\/wp-json\/wp\/v2\/product_cat?post=83254"},{"taxonomy":"product_tag","embeddable":true,"href":"https:\/\/test.magnetarmagnets.com\/cs\/wp-json\/wp\/v2\/product_tag?post=83254"}],"curies":[{"name":"wp","href":"https:\/\/api.w.org\/{rel}","templated":true}]}}