{"id":83241,"date":"2025-06-19T13:55:40","date_gmt":"2025-06-19T11:55:40","guid":{"rendered":"https:\/\/magnetarmagnets.com\/?post_type=product&#038;p=83241"},"modified":"2026-01-05T00:26:10","modified_gmt":"2026-01-04T23:26:10","slug":"lano-pro-magnet-fishing-20-metru-65-stop","status":"publish","type":"product","link":"https:\/\/test.magnetarmagnets.com\/cs\/shop\/lano-pro-magnet-fishing-20-metru-65-stop\/","title":{"rendered":"Lano pro magnet fishing || 20 metr\u016f \/ 65 stop"},"content":{"rendered":"<p><span style=\"font-weight: 400;\">Nejlep\u0161\u00ed lano pro <a href=\"https:\/\/test.magnetarmagnets.com\/\" target=\"_blank\" rel=\"noopener\">magnet fishing<\/a>. Dvojit\u011b pleten\u00e9 lano unese a\u017e 4000 liber. Pod\u00edvejte se na tuto recenzi na YouTube. K n\u00e1kupu zdarma karabina a doprava do vybran\u00fdch oblast\u00ed zdarma\u2026<\/span><\/p>\n<p><span style=\"font-weight: 400;\">Lano je jednou ze z\u00e1kladn\u00edch sou\u010d\u00e1st\u00ed magnet fishing. Lano pro magnet fishing mus\u00ed m\u00edt dostate\u010dnou pevnost, aby uneslo i t\u011b\u017ek\u00e9 kovy, a nem\u011blo by prasknout p\u0159i zachycen\u00ed. Stejn\u011b jako p\u0159i koupi kvalitn\u00edho magnetu na ryba\u0159en\u00ed je d\u016fle\u017eit\u00e9 koupit tak\u00e9 dobr\u00e9 lano pro magnet fishing. Lano pro magnet fishing je lano, kter\u00e9 p\u0159ipevn\u00edte k magnetu. Pokud chcete vyt\u00e1hnout kovov\u00e9 p\u0159edm\u011bty z vody, pot\u0159ebujete lano s vysokou ta\u017enou silou a d\u00e9lkou kolem 20 metr\u016f (65 stop).\u00a0<\/span><\/p>\n<h2><strong>Pro\u010d pot\u0159ebuji lano pro magnet fishing?<\/strong><\/h2>\n<p><span style=\"font-weight: 400;\">V\u011bt\u0161ina magnetick\u00fdch ryb\u00e1\u0159\u016f se soust\u0159ed\u00ed pouze na n\u00e1kup nejlep\u0161\u00edho magnetu. Druh\u00fdm nejd\u016fle\u017eit\u011bj\u0161\u00edm vybaven\u00edm, kter\u00e9 m\u016f\u017ee rozhodnout o \u00fasp\u011bchu p\u0159i magnet fishing, je pr\u00e1v\u011b lano.<\/span><\/p>\n<h2><strong>Na co si d\u00e1t pozor u lana pro magnet fishing?<\/strong><\/h2>\n<p><span style=\"font-weight: 400;\">Je opravdu d\u016fle\u017eit\u00e9 koupit siln\u00e9, neelastick\u00e9, dvojit\u011b pleten\u00e9 lano, proto\u017ee jinak hroz\u00ed, \u017ee magnet ztrat\u00edte ve vod\u011b. Levn\u00e9 nebo elastick\u00e9 lano magnet bezpe\u010dn\u011b nep\u0159idr\u017e\u00ed a m\u016f\u017ee se uvolnit kv\u016fli kontaktu s ostr\u00fdmi p\u0159edm\u011bty, hranami nebo m\u016f\u017ee lano prasknout.\u00a0<\/span><\/p>\n<p><span style=\"font-weight: 400;\">Lana pro magnet fishing by m\u011bla m\u00edt vysokou ta\u017enou s\u00edlu. Del\u0161\u00ed lano v\u00e1m umo\u017en\u00ed hodit magnet daleko do vody a opakovan\u011b ho p\u0159itahovat k b\u0159ehu. V\u011bt\u0161ina magnetick\u00fdch ryb\u00e1\u0159\u016f \u0159\u00edk\u00e1, \u017ee ide\u00e1ln\u00ed d\u00e9lka je kolem 20 metr\u016f (65 stop).\u00a0<\/span><\/p>\n<p><span style=\"font-weight: 400;\">Je v\u017edy p\u0159\u00edjemn\u00e9 m\u00edt lano speci\u00e1ln\u011b navr\u017een\u00e9 pro magnet fishing, m\u00edsto pou\u017eit\u00ed horolezeck\u00e9ho lana. Lana pro magnet fishing maj\u00ed v\u00edce vlastnost\u00ed, kter\u00e9 p\u0159i magnet fishing ocen\u00edte.\u00a0<\/span><\/p>\n<h2><strong>Jak lano pou\u017e\u00edvat?<\/strong><\/h2>\n<p><span style=\"font-weight: 400;\">Pod\u00edvejte se na krok za krokem n\u00e1vod, jak p\u0159ipevnit va\u0161e <strong>oran\u017eov\u00e9<\/strong> lano k magnetu n\u00ed\u017ee:\u00a0<\/span><\/p>\n<ol>\n<li style=\"font-weight: 400;\"><span style=\"font-weight: 400;\"><img decoding=\"async\" class=\"\" src=\"https:\/\/test.magnetarmagnets.com\/wp-content\/uploads\/2021\/09\/0435-300x300-1.png\" alt=\"vismagneet touw\" width=\"78\" height=\"78\" \/>Vyjm\u011bte Magnetar magnet fishing lano z balen\u00ed a vezm\u011bte sv\u016fj magnet na ryba\u0159en\u00ed;<\/span><\/li>\n<li style=\"font-weight: 400;\"><span style=\"font-weight: 400;\">Prostr\u010dte lano o\u010dkem magnetu;<\/span><\/li>\n<li style=\"font-weight: 400;\"><span style=\"font-weight: 400;\">P\u0159et\u00e1hn\u011bte lano pod magnet p\u0159ed magnet fishing;<\/span><\/li>\n<li style=\"font-weight: 400;\"><span style=\"font-weight: 400;\">T\u00e1hn\u011bte za lano. T\u00edm se lano samo ut\u00e1hne. Vyrazte na magnet fishing!<\/span><\/li>\n<\/ol>\n<p><span style=\"font-weight: 400;\"><strong>Upozorn\u011bn\u00ed<\/strong>: P\u0159ipev\u0148ujete lano a magnet karabinou? M\u016f\u017eete, ale ujist\u011bte se, \u017ee oko je k magnetu p\u0159ipevn\u011bno lepidlem. Oko pevn\u011b ut\u00e1hn\u011bte. Magnet m\u00e1 d\u00edky karabin\u011b v\u00edce prostoru k pohybu, proto oko spr\u00e1vn\u011b ut\u00e1hn\u011bte.\u00a0<\/span><\/p>\n<p><span style=\"font-weight: 400;\"><strong>Upozorn\u011bn\u00ed<\/strong>: M\u00e1te v\u011bt\u0161\u00ed univerz\u00e1ln\u00ed magnet a smy\u010dka do oka magnetu nesed\u00ed? Pak smy\u010dku roz\u0159\u00edzn\u011bte no\u017eem a pod\u00edvejte se na toto <a href=\"https:\/\/www.youtube.com\/watch?v=CNox7cn2-Gs&amp;t=9s\" target=\"_blank\" rel=\"noopener\">video.<\/a><\/span><\/p>\n<p><span style=\"font-weight: 400;\">M\u016f\u017eete uv\u00e1zat Palomar uzel na konec lana k magnetu. Ten ale nemus\u00ed vydr\u017eet za v\u0161ech podm\u00ednek. Preferujeme pou\u017eit\u00ed siln\u00e9 karabiny, proto ji ke ka\u017ed\u00e9mu lanu p\u0159id\u00e1v\u00e1me.\u00a0<\/span><\/p>\n<p><span style=\"font-weight: 400;\">Pod\u00edvejte se na <\/span><a href=\"https:\/\/www.youtube.com\/watch?v=1izvqgYbtd8\" target=\"_blank\" rel=\"noopener\"><span style=\"font-weight: 400;\">toto video<\/span><\/a><span style=\"font-weight: 400;\">, kde zn\u00e1m\u00fd kan\u00e1l <\/span><i><span style=\"font-weight: 400;\">Magnet Fishing A to Z<\/span><\/i><span style=\"font-weight: 400;\"> pou\u017e\u00edv\u00e1 na\u0161e oran\u017eov\u00e9 lano s na\u0161\u00edm univerz\u00e1ln\u00edm 360\u00b0 magnetem.\u00a0<\/span><\/p>\n","protected":false},"excerpt":{"rendered":"<p><span style=\"font-weight: 400;\">Speci\u00e1ln\u011b navr\u017een\u00e9 lano pro magnet fishing s <strong>o\u010dkem<\/strong> a <strong>karabinou<\/strong>. U\u017e \u017e\u00e1dn\u00e9 uzly a <strong>100% z\u00e1ruka kvality<\/strong>.<\/span><\/p>\n","protected":false},"featured_media":77570,"comment_status":"open","ping_status":"closed","template":"","meta":{"_acf_changed":false,"inline_featured_image":false},"product_brand":[],"product_cat":[1000,563,564],"product_tag":[],"class_list":{"0":"post-83241","1":"product","2":"type-product","3":"status-publish","4":"has-post-thumbnail","6":"product_cat-vsechny-produkty","7":"product_cat-vybaveni","8":"product_cat-vybaveni-pro-magnet-fishing","10":"first","11":"instock","12":"taxable","13":"shipping-taxable","14":"purchasable","15":"product-type-variable"},"acf":[],"yoast_head":"<!-- This site is optimized with the Yoast SEO plugin v27.6 - https:\/\/yoast.com\/product\/yoast-seo-wordpress\/ -->\n<title>Lano pro magnet fishing - Magnetar \u00ae [KOUPIT NYN\u00cd]<\/title>\n<meta name=\"description\" content=\"Nakupujte nejlep\u0161\u00ed lano pro magnet fishing \u27a4 Magnetar \u00ae. Obchod se v\u0161\u00edm, co pot\u0159ebujete pro magnet fishing. Odes\u00edl\u00e1me tent\u00fd\u017e den!\" \/>\n<meta name=\"robots\" content=\"index, follow, max-snippet:-1, max-image-preview:large, max-video-preview:-1\" \/>\n<link rel=\"canonical\" href=\"https:\/\/test.magnetarmagnets.com\/cs\/shop\/lano-pro-magnet-fishing-20-metru-65-stop\/\" \/>\n<meta property=\"og:locale\" content=\"cs_CZ\" \/>\n<meta property=\"og:type\" content=\"article\" \/>\n<meta property=\"og:title\" content=\"Lano pro magnet fishing - Magnetar \u00ae [KOUPIT NYN\u00cd]\" \/>\n<meta property=\"og:description\" content=\"Nakupujte nejlep\u0161\u00ed lano pro magnet fishing \u27a4 Magnetar \u00ae. Obchod se v\u0161\u00edm, co pot\u0159ebujete pro magnet fishing. Odes\u00edl\u00e1me tent\u00fd\u017e den!\" \/>\n<meta property=\"og:url\" content=\"https:\/\/test.magnetarmagnets.com\/cs\/shop\/lano-pro-magnet-fishing-20-metru-65-stop\/\" \/>\n<meta property=\"og:site_name\" content=\"Magnet fishing with a Magnetar fishing magnet\" \/>\n<meta property=\"article:publisher\" content=\"https:\/\/www.facebook.com\/fishingmagnets\/\" \/>\n<meta property=\"article:modified_time\" content=\"2026-01-04T23:26:10+00:00\" \/>\n<meta property=\"og:image\" content=\"https:\/\/test.magnetarmagnets.com\/wp-content\/uploads\/2014\/04\/Vismagneet-touw-1.jpg\" \/>\n\t<meta property=\"og:image:width\" content=\"1000\" \/>\n\t<meta property=\"og:image:height\" content=\"1000\" \/>\n\t<meta property=\"og:image:type\" content=\"image\/jpeg\" \/>\n<meta name=\"twitter:card\" content=\"summary_large_image\" \/>\n<meta name=\"twitter:label1\" content=\"Odhadovan\u00e1 doba \u010dten\u00ed\" \/>\n\t<meta name=\"twitter:data1\" content=\"3 minuty\" \/>\n<script type=\"application\/ld+json\" class=\"yoast-schema-graph\">{\"@context\":\"https:\\\/\\\/schema.org\",\"@graph\":[{\"@type\":[\"WebPage\",\"ItemPage\"],\"@id\":\"https:\\\/\\\/test.magnetarmagnets.com\\\/cs\\\/shop\\\/lano-pro-magnet-fishing-20-metru-65-stop\\\/\",\"url\":\"https:\\\/\\\/test.magnetarmagnets.com\\\/cs\\\/shop\\\/lano-pro-magnet-fishing-20-metru-65-stop\\\/\",\"name\":\"Lano pro magnet fishing - Magnetar \u00ae [KOUPIT NYN\u00cd]\",\"isPartOf\":{\"@id\":\"https:\\\/\\\/test.magnetarmagnets.com\\\/cs\\\/#website\"},\"primaryImageOfPage\":{\"@id\":\"https:\\\/\\\/test.magnetarmagnets.com\\\/cs\\\/shop\\\/lano-pro-magnet-fishing-20-metru-65-stop\\\/#primaryimage\"},\"image\":{\"@id\":\"https:\\\/\\\/test.magnetarmagnets.com\\\/cs\\\/shop\\\/lano-pro-magnet-fishing-20-metru-65-stop\\\/#primaryimage\"},\"thumbnailUrl\":\"https:\\\/\\\/test.magnetarmagnets.com\\\/wp-content\\\/uploads\\\/2014\\\/04\\\/Vismagneet-touw-1.jpg\",\"datePublished\":\"2025-06-19T11:55:40+00:00\",\"dateModified\":\"2026-01-04T23:26:10+00:00\",\"description\":\"Nakupujte nejlep\u0161\u00ed lano pro magnet fishing \u27a4 Magnetar \u00ae. Obchod se v\u0161\u00edm, co pot\u0159ebujete pro magnet fishing. Odes\u00edl\u00e1me tent\u00fd\u017e den!\",\"breadcrumb\":{\"@id\":\"https:\\\/\\\/test.magnetarmagnets.com\\\/cs\\\/shop\\\/lano-pro-magnet-fishing-20-metru-65-stop\\\/#breadcrumb\"},\"inLanguage\":\"cs\",\"potentialAction\":[{\"@type\":\"ReadAction\",\"target\":[\"https:\\\/\\\/test.magnetarmagnets.com\\\/cs\\\/shop\\\/lano-pro-magnet-fishing-20-metru-65-stop\\\/\"]}]},{\"@type\":\"ImageObject\",\"inLanguage\":\"cs\",\"@id\":\"https:\\\/\\\/test.magnetarmagnets.com\\\/cs\\\/shop\\\/lano-pro-magnet-fishing-20-metru-65-stop\\\/#primaryimage\",\"url\":\"https:\\\/\\\/test.magnetarmagnets.com\\\/wp-content\\\/uploads\\\/2014\\\/04\\\/Vismagneet-touw-1.jpg\",\"contentUrl\":\"https:\\\/\\\/test.magnetarmagnets.com\\\/wp-content\\\/uploads\\\/2014\\\/04\\\/Vismagneet-touw-1.jpg\",\"width\":1000,\"height\":1000,\"caption\":\"fish magnet rope\"},{\"@type\":\"BreadcrumbList\",\"@id\":\"https:\\\/\\\/test.magnetarmagnets.com\\\/cs\\\/shop\\\/lano-pro-magnet-fishing-20-metru-65-stop\\\/#breadcrumb\",\"itemListElement\":[{\"@type\":\"ListItem\",\"position\":1,\"name\":\"Home\",\"item\":\"https:\\\/\\\/test.magnetarmagnets.com\\\/cs\\\/\"},{\"@type\":\"ListItem\",\"position\":2,\"name\":\"Obchod\",\"item\":\"https:\\\/\\\/test.magnetarmagnets.com\\\/shop\\\/\"},{\"@type\":\"ListItem\",\"position\":3,\"name\":\"Vybaven\u00ed\",\"item\":\"https:\\\/\\\/test.magnetarmagnets.com\\\/cs\\\/collections\\\/vybaveni\\\/\"},{\"@type\":\"ListItem\",\"position\":4,\"name\":\"Vybaven\u00ed pro magnet fishing\",\"item\":\"https:\\\/\\\/test.magnetarmagnets.com\\\/cs\\\/collections\\\/vybaveni\\\/vybaveni-pro-magnet-fishing\\\/\"},{\"@type\":\"ListItem\",\"position\":5,\"name\":\"Lano pro magnet fishing || 20 metr\u016f \\\/ 65 stop\"}]},{\"@type\":\"WebSite\",\"@id\":\"https:\\\/\\\/test.magnetarmagnets.com\\\/cs\\\/#website\",\"url\":\"https:\\\/\\\/test.magnetarmagnets.com\\\/cs\\\/\",\"name\":\"Magnet fishing with a Magnetar fishing magnet\",\"description\":\"Powerful magnets for magnet fishing\",\"publisher\":{\"@id\":\"https:\\\/\\\/test.magnetarmagnets.com\\\/cs\\\/#organization\"},\"potentialAction\":[{\"@type\":\"SearchAction\",\"target\":{\"@type\":\"EntryPoint\",\"urlTemplate\":\"https:\\\/\\\/test.magnetarmagnets.com\\\/cs\\\/?s={search_term_string}\"},\"query-input\":{\"@type\":\"PropertyValueSpecification\",\"valueRequired\":true,\"valueName\":\"search_term_string\"}}],\"inLanguage\":\"cs\"},{\"@type\":\"Organization\",\"@id\":\"https:\\\/\\\/test.magnetarmagnets.com\\\/cs\\\/#organization\",\"name\":\"Magnetar\",\"url\":\"https:\\\/\\\/test.magnetarmagnets.com\\\/cs\\\/\",\"logo\":{\"@type\":\"ImageObject\",\"inLanguage\":\"cs\",\"@id\":\"https:\\\/\\\/test.magnetarmagnets.com\\\/cs\\\/#\\\/schema\\\/logo\\\/image\\\/\",\"url\":\"https:\\\/\\\/magnetarmagnets.com\\\/wp-content\\\/uploads\\\/2021\\\/01\\\/magnetarvismagneet_logo.png\",\"contentUrl\":\"https:\\\/\\\/magnetarmagnets.com\\\/wp-content\\\/uploads\\\/2021\\\/01\\\/magnetarvismagneet_logo.png\",\"width\":209,\"height\":100,\"caption\":\"Magnetar\"},\"image\":{\"@id\":\"https:\\\/\\\/test.magnetarmagnets.com\\\/cs\\\/#\\\/schema\\\/logo\\\/image\\\/\"},\"sameAs\":[\"https:\\\/\\\/www.facebook.com\\\/fishingmagnets\\\/\",\"https:\\\/\\\/www.instagram.com\\\/magnetar_magnets\\\/\",\"https:\\\/\\\/www.linkedin.com\\\/company\\\/magnetarbv\\\/?originalSubdomain=nl\",\"https:\\\/\\\/www.youtube.com\\\/c\\\/MagnetarVismagneet\"]}]}<\/script>\n<!-- \/ Yoast SEO plugin. -->","yoast_head_json":{"title":"Lano pro magnet fishing - Magnetar \u00ae [KOUPIT NYN\u00cd]","description":"Nakupujte nejlep\u0161\u00ed lano pro magnet fishing \u27a4 Magnetar \u00ae. Obchod se v\u0161\u00edm, co pot\u0159ebujete pro magnet fishing. Odes\u00edl\u00e1me tent\u00fd\u017e den!","robots":{"index":"index","follow":"follow","max-snippet":"max-snippet:-1","max-image-preview":"max-image-preview:large","max-video-preview":"max-video-preview:-1"},"canonical":"https:\/\/test.magnetarmagnets.com\/cs\/shop\/lano-pro-magnet-fishing-20-metru-65-stop\/","og_locale":"cs_CZ","og_type":"article","og_title":"Lano pro magnet fishing - Magnetar \u00ae [KOUPIT NYN\u00cd]","og_description":"Nakupujte nejlep\u0161\u00ed lano pro magnet fishing \u27a4 Magnetar \u00ae. Obchod se v\u0161\u00edm, co pot\u0159ebujete pro magnet fishing. Odes\u00edl\u00e1me tent\u00fd\u017e den!","og_url":"https:\/\/test.magnetarmagnets.com\/cs\/shop\/lano-pro-magnet-fishing-20-metru-65-stop\/","og_site_name":"Magnet fishing with a Magnetar fishing magnet","article_publisher":"https:\/\/www.facebook.com\/fishingmagnets\/","article_modified_time":"2026-01-04T23:26:10+00:00","og_image":[{"width":1000,"height":1000,"url":"https:\/\/test.magnetarmagnets.com\/wp-content\/uploads\/2014\/04\/Vismagneet-touw-1.jpg","type":"image\/jpeg"}],"twitter_card":"summary_large_image","twitter_misc":{"Odhadovan\u00e1 doba \u010dten\u00ed":"3 minuty"},"schema":{"@context":"https:\/\/schema.org","@graph":[{"@type":["WebPage","ItemPage"],"@id":"https:\/\/test.magnetarmagnets.com\/cs\/shop\/lano-pro-magnet-fishing-20-metru-65-stop\/","url":"https:\/\/test.magnetarmagnets.com\/cs\/shop\/lano-pro-magnet-fishing-20-metru-65-stop\/","name":"Lano pro magnet fishing - Magnetar \u00ae [KOUPIT NYN\u00cd]","isPartOf":{"@id":"https:\/\/test.magnetarmagnets.com\/cs\/#website"},"primaryImageOfPage":{"@id":"https:\/\/test.magnetarmagnets.com\/cs\/shop\/lano-pro-magnet-fishing-20-metru-65-stop\/#primaryimage"},"image":{"@id":"https:\/\/test.magnetarmagnets.com\/cs\/shop\/lano-pro-magnet-fishing-20-metru-65-stop\/#primaryimage"},"thumbnailUrl":"https:\/\/test.magnetarmagnets.com\/wp-content\/uploads\/2014\/04\/Vismagneet-touw-1.jpg","datePublished":"2025-06-19T11:55:40+00:00","dateModified":"2026-01-04T23:26:10+00:00","description":"Nakupujte nejlep\u0161\u00ed lano pro magnet fishing \u27a4 Magnetar \u00ae. Obchod se v\u0161\u00edm, co pot\u0159ebujete pro magnet fishing. Odes\u00edl\u00e1me tent\u00fd\u017e den!","breadcrumb":{"@id":"https:\/\/test.magnetarmagnets.com\/cs\/shop\/lano-pro-magnet-fishing-20-metru-65-stop\/#breadcrumb"},"inLanguage":"cs","potentialAction":[{"@type":"ReadAction","target":["https:\/\/test.magnetarmagnets.com\/cs\/shop\/lano-pro-magnet-fishing-20-metru-65-stop\/"]}]},{"@type":"ImageObject","inLanguage":"cs","@id":"https:\/\/test.magnetarmagnets.com\/cs\/shop\/lano-pro-magnet-fishing-20-metru-65-stop\/#primaryimage","url":"https:\/\/test.magnetarmagnets.com\/wp-content\/uploads\/2014\/04\/Vismagneet-touw-1.jpg","contentUrl":"https:\/\/test.magnetarmagnets.com\/wp-content\/uploads\/2014\/04\/Vismagneet-touw-1.jpg","width":1000,"height":1000,"caption":"fish magnet rope"},{"@type":"BreadcrumbList","@id":"https:\/\/test.magnetarmagnets.com\/cs\/shop\/lano-pro-magnet-fishing-20-metru-65-stop\/#breadcrumb","itemListElement":[{"@type":"ListItem","position":1,"name":"Home","item":"https:\/\/test.magnetarmagnets.com\/cs\/"},{"@type":"ListItem","position":2,"name":"Obchod","item":"https:\/\/test.magnetarmagnets.com\/shop\/"},{"@type":"ListItem","position":3,"name":"Vybaven\u00ed","item":"https:\/\/test.magnetarmagnets.com\/cs\/collections\/vybaveni\/"},{"@type":"ListItem","position":4,"name":"Vybaven\u00ed pro magnet fishing","item":"https:\/\/test.magnetarmagnets.com\/cs\/collections\/vybaveni\/vybaveni-pro-magnet-fishing\/"},{"@type":"ListItem","position":5,"name":"Lano pro magnet fishing || 20 metr\u016f \/ 65 stop"}]},{"@type":"WebSite","@id":"https:\/\/test.magnetarmagnets.com\/cs\/#website","url":"https:\/\/test.magnetarmagnets.com\/cs\/","name":"Magnet fishing with a Magnetar fishing magnet","description":"Powerful magnets for magnet fishing","publisher":{"@id":"https:\/\/test.magnetarmagnets.com\/cs\/#organization"},"potentialAction":[{"@type":"SearchAction","target":{"@type":"EntryPoint","urlTemplate":"https:\/\/test.magnetarmagnets.com\/cs\/?s={search_term_string}"},"query-input":{"@type":"PropertyValueSpecification","valueRequired":true,"valueName":"search_term_string"}}],"inLanguage":"cs"},{"@type":"Organization","@id":"https:\/\/test.magnetarmagnets.com\/cs\/#organization","name":"Magnetar","url":"https:\/\/test.magnetarmagnets.com\/cs\/","logo":{"@type":"ImageObject","inLanguage":"cs","@id":"https:\/\/test.magnetarmagnets.com\/cs\/#\/schema\/logo\/image\/","url":"https:\/\/magnetarmagnets.com\/wp-content\/uploads\/2021\/01\/magnetarvismagneet_logo.png","contentUrl":"https:\/\/magnetarmagnets.com\/wp-content\/uploads\/2021\/01\/magnetarvismagneet_logo.png","width":209,"height":100,"caption":"Magnetar"},"image":{"@id":"https:\/\/test.magnetarmagnets.com\/cs\/#\/schema\/logo\/image\/"},"sameAs":["https:\/\/www.facebook.com\/fishingmagnets\/","https:\/\/www.instagram.com\/magnetar_magnets\/","https:\/\/www.linkedin.com\/company\/magnetarbv\/?originalSubdomain=nl","https:\/\/www.youtube.com\/c\/MagnetarVismagneet"]}]}},"_links":{"self":[{"href":"https:\/\/test.magnetarmagnets.com\/cs\/wp-json\/wp\/v2\/product\/83241","targetHints":{"allow":["GET"]}}],"collection":[{"href":"https:\/\/test.magnetarmagnets.com\/cs\/wp-json\/wp\/v2\/product"}],"about":[{"href":"https:\/\/test.magnetarmagnets.com\/cs\/wp-json\/wp\/v2\/types\/product"}],"replies":[{"embeddable":true,"href":"https:\/\/test.magnetarmagnets.com\/cs\/wp-json\/wp\/v2\/comments?post=83241"}],"wp:featuredmedia":[{"embeddable":true,"href":"https:\/\/test.magnetarmagnets.com\/cs\/wp-json\/wp\/v2\/media\/77570"}],"wp:attachment":[{"href":"https:\/\/test.magnetarmagnets.com\/cs\/wp-json\/wp\/v2\/media?parent=83241"}],"wp:term":[{"taxonomy":"product_brand","embeddable":true,"href":"https:\/\/test.magnetarmagnets.com\/cs\/wp-json\/wp\/v2\/product_brand?post=83241"},{"taxonomy":"product_cat","embeddable":true,"href":"https:\/\/test.magnetarmagnets.com\/cs\/wp-json\/wp\/v2\/product_cat?post=83241"},{"taxonomy":"product_tag","embeddable":true,"href":"https:\/\/test.magnetarmagnets.com\/cs\/wp-json\/wp\/v2\/product_tag?post=83241"}],"curies":[{"name":"wp","href":"https:\/\/api.w.org\/{rel}","templated":true}]}}