{"id":83232,"date":"2025-06-05T09:54:39","date_gmt":"2025-06-05T07:54:39","guid":{"rendered":"https:\/\/magnetarmagnets.com\/?post_type=product&#038;p=83232"},"modified":"2025-09-28T18:09:55","modified_gmt":"2025-09-28T16:09:55","slug":"startovaci-magnet-fishing-set-200-kg-jednostranny","status":"publish","type":"product","link":"https:\/\/test.magnetarmagnets.com\/cs\/shop\/startovaci-magnet-fishing-set-200-kg-jednostranny\/","title":{"rendered":"Startovac\u00ed magnet fishing set \u2013 200 kg \u2013 jednostrann\u00fd"},"content":{"rendered":"<p>Jak za\u010d\u00edt s magnet fishingem? S Magnetar Startovac\u00edm bal\u00ed\u010dkem \u2013 200 kg \/ 450 lb \u2013 jednostrann\u00fdm z\u00edsk\u00e1te ten nejlep\u0161\u00ed start. Tento magnet fishing set obsahuje n\u00e1\u0161 Classic 200, jednostrann\u00fd neodymov\u00fd magnet, nav\u00edc jsme p\u0159idali h\u00e1k, magnet fishing lano a magnetick\u00e9 lepidlo, aby byl set kompletn\u00ed. D\u00edky tomu budete p\u0159ipraveni na t\u00e9m\u011b\u0159 cokoliv, co u vody objev\u00edte.<\/p>\n<h2>Startovac\u00ed bal\u00ed\u010dek \u2013 200 kg \/ 450 lb \u2013 jednostrann\u00fd<\/h2>\n<p><a href=\"https:\/\/test.magnetarmagnets.com\/shop\/classic-fishing-magnet-440lb-200kg\/\"><strong>Classic Fishing Magnet 200 kg \/ 440 lb<\/strong><\/a> je ide\u00e1ln\u00ed magnet pro za\u010d\u00e1te\u010dn\u00edky a d\u011bti. Ocelov\u00e9 pouzdro chr\u00e1n\u00ed produkt p\u0159ed po\u0161kozen\u00edm p\u00e1dem \u010di n\u00e1razy \u2013 pro va\u0161i bezpe\u010dnost. Tento jednostrann\u00fd magnet m\u00e1 magnetickou s\u00edlu pouze na jedn\u00e9 stran\u011b. Ve\u0161ker\u00e1 s\u00edla je soust\u0159ed\u011bna jedn\u00edm sm\u011brem, co\u017e z t\u011bchto neodymov\u00fdch magnet\u016f \u010din\u00ed extr\u00e9mn\u011b siln\u00e9 pom\u016fcky za vhodn\u00fdch podm\u00ednek.<\/p>\n<p>S\u00edlu ta\u017en\u00e9 s\u00edly 200 kg dos\u00e1hnete pouze v ide\u00e1ln\u00edch podm\u00ednk\u00e1ch, kdy\u017e magnet p\u0159ilne na 2 cm silnou neuoxidovanou kovovou desku. \u0160ance, \u017ee se to p\u0159i magnet fishingu stane, nen\u00ed p\u0159\u00edli\u0161 vysok\u00e1. Chcete v\u011bd\u011bt, jak se zji\u0161\u0165uje ta\u017en\u00e1 s\u00edla fishing magnetu? Pod\u00edvejte se na na\u0161e video o <a href=\"https:\/\/www.youtube.com\/watch?v=2McW3RURDxs&amp;t=14s\"><strong>testu magnetick\u00e9 s\u00edly<\/strong><\/a>, kter\u00fd pou\u017e\u00edv\u00e1me.<\/p>\n<p>Dod\u00e1van\u00e9 lano je navr\u017eeno pr\u00e1v\u011b pro magnet fishing. Lano m\u00e1 p\u0159ednastavenou o\u010dko i karabinu, tak\u017ee odpad\u00e1 pot\u0159eba slo\u017eit\u00fdch uzl\u016f. Ide\u00e1ln\u00ed \u0159e\u0161en\u00ed pro za\u010d\u00e1te\u010dn\u00edky a d\u011bti! Nav\u00edc bal\u00ed\u010dek obsahuje h\u00e1k na tah\u00e1n\u00ed nemagnetick\u00fdch \u010di t\u011b\u017e\u0161\u00edch p\u0159edm\u011bt\u016f z vody. Nakonec je tu l\u00e1hev magnetick\u00e9ho lepidla \u2013 to slou\u017e\u00ed k bezpe\u010dn\u00e9mu spojen\u00ed oka a o\u010dka se samotn\u00fdm magnetem.<\/p>\n<p>Hled\u00e1te sp\u00ed\u0161e jin\u00fd bal\u00ed\u010dek s v\u00fdkonn\u011bj\u0161\u00edm jednostrann\u00fdm magnetem? Pod\u00edvejte se na n\u00e1\u0161 <a href=\"https:\/\/test.magnetarmagnets.com\/shop\/advanced-package\/\"><strong>Advanced Package<\/strong><\/a>. Nebo sp\u00ed\u0161 na 360\u00b0 all-round magnet? N\u00e1\u0161 <a href=\"https:\/\/test.magnetarmagnets.com\/shop\/fishmagnet-package-pro\/\"><strong>Pro Package<\/strong><\/a> s <a href=\"https:\/\/test.magnetarmagnets.com\/shop\/hardcore-magnet-2\/\"><strong>Hardcore<\/strong><\/a> magnetem by pro v\u00e1s mohl b\u00fdt to prav\u00e9.<\/p>\n<h2>Vysok\u00e1 kvalita<\/h2>\n<p>V\u0161echny neodymov\u00e9 magnety od Magnetar jsou vyroben\u00e9 z neodymu. Tento materi\u00e1l zaji\u0161\u0165uje dlouhodobou magnetickou s\u00edlu. P\u0159i spr\u00e1vn\u00e9m pou\u017e\u00edv\u00e1n\u00ed a skladov\u00e1n\u00ed tyto magnety ztrat\u00ed pouze jedno procento s\u00edly za 100 let. Proto jsme si jisti, \u017ee nab\u00edz\u00edme nejkvalitn\u011bj\u0161\u00ed fishing magnety na trhu.<\/p>\n<p>V posledn\u00edch letech je trh zaplaven nekvalitn\u00edmi produkty. Mnoho fishing magnet\u016f od jin\u00fdch prodejc\u016f ztr\u00e1c\u00ed s\u00edlu u\u017e b\u011bhem n\u011bkolika t\u00fddn\u016f. Obvykle se nab\u00edzej\u00ed velk\u00e9 magnety z hor\u0161\u00edho neodymu s klamavou reklamou. Takov\u00e9 produkty mohou p\u016fsobit levn\u011b, ale v dlouhodob\u00e9m horizontu v\u00e1s zklamou.<\/p>\n<p>Magnetar je mal\u00e1 rodinn\u00e1 firma skute\u010dn\u00fdch fanou\u0161k\u016f magnet fishingu. Kvalita je u n\u00e1s na prvn\u00edm m\u00edst\u011b a to se odr\u00e1\u017e\u00ed v na\u0161ich produktech. V\u0161echny fishing magnety navrhujeme intern\u011b, abychom zajistili \u0161pi\u010dkovou kvalitu. Hled\u00e1te spolehliv\u00fd, efektivn\u00ed a kvalitn\u00ed magnet? Zvolte Magnetar!<\/p>\n<h2>Upozorn\u011bn\u00ed:<\/h2>\n<p>Na\u0161e neodymov\u00e9 fishing magnety jsou velice siln\u00e9. Mohou p\u0159it\u00e1hnout jin\u00e9 p\u0159edm\u011bty k magnetu vysokou rychlost\u00ed. To m\u016f\u017ee v\u00e9st k nebezpe\u010dn\u00fdm situac\u00edm, kdy se prsty mohou zachytit mezi magnetem a p\u0159edm\u011btem. Doporu\u010dujeme pou\u017e\u00edvat magnety opatrn\u011b a podot\u00fdk\u00e1me, \u017ee tak \u010din\u00edte na vlastn\u00ed riziko. P\u0159ed pou\u017eit\u00edm si pros\u00edm p\u0159e\u010dt\u011bte na\u0161e bezpe\u010dnostn\u00ed pokyny.<\/p>\n","protected":false},"excerpt":{"rendered":"<p><span style=\"font-weight: 400;\"><strong>Dosta\u0148te<\/strong> se kompletn\u011b k vod\u011b s t\u00edmto <strong>dostupn\u00fdm magnet fishing setem<\/strong> pro <strong>za\u010d\u00e1te\u010dn\u00edky<\/strong>.<\/span><\/p>\n","protected":false},"featured_media":79488,"comment_status":"open","ping_status":"closed","template":"","meta":{"_acf_changed":false,"inline_featured_image":false},"product_brand":[],"product_cat":[528,531,534,541],"product_tag":[],"class_list":{"0":"post-83232","1":"product","2":"type-product","3":"status-publish","4":"has-post-thumbnail","6":"product_cat-horgasz-magnesek","7":"product_cat-egyoldalas-horgasz-magnesek","8":"product_cat-horgasz-magnes-keszlet","9":"product_cat-kezdok-es-gyerekek","11":"first","12":"instock","13":"sale","14":"taxable","15":"shipping-taxable","16":"purchasable","17":"product-type-simple"},"acf":[],"yoast_head":"<!-- This site is optimized with the Yoast SEO plugin v27.6 - https:\/\/yoast.com\/product\/yoast-seo-wordpress\/ -->\n<title>Startovac\u00ed magnet fishing set \u2013 200 kg \u2013 jednostrann\u00fd - Magnet fishing with a Magnetar fishing magnet<\/title>\n<meta name=\"description\" content=\"Startovac\u00ed bal\u00ed\u010dek - 200 kg jednostrann\u00fd - Magnetar\" \/>\n<meta name=\"robots\" content=\"index, follow, max-snippet:-1, max-image-preview:large, max-video-preview:-1\" \/>\n<link rel=\"canonical\" href=\"https:\/\/test.magnetarmagnets.com\/cs\/shop\/startovaci-magnet-fishing-set-200-kg-jednostranny\/\" \/>\n<meta property=\"og:locale\" content=\"cs_CZ\" \/>\n<meta property=\"og:type\" content=\"article\" \/>\n<meta property=\"og:title\" content=\"Startovac\u00ed magnet fishing set \u2013 200 kg \u2013 jednostrann\u00fd - Magnet fishing with a Magnetar fishing magnet\" \/>\n<meta property=\"og:description\" content=\"Startovac\u00ed bal\u00ed\u010dek - 200 kg jednostrann\u00fd - Magnetar\" \/>\n<meta property=\"og:url\" content=\"https:\/\/test.magnetarmagnets.com\/cs\/shop\/startovaci-magnet-fishing-set-200-kg-jednostranny\/\" \/>\n<meta property=\"og:site_name\" content=\"Magnet fishing with a Magnetar fishing magnet\" \/>\n<meta property=\"article:publisher\" content=\"https:\/\/www.facebook.com\/fishingmagnets\/\" \/>\n<meta property=\"article:modified_time\" content=\"2025-09-28T16:09:55+00:00\" \/>\n<meta property=\"og:image\" content=\"https:\/\/test.magnetarmagnets.com\/wp-content\/uploads\/2018\/05\/MAGNETAR-STARTER-SET-GOOGLE.jpg\" \/>\n\t<meta property=\"og:image:width\" content=\"1500\" \/>\n\t<meta property=\"og:image:height\" content=\"1500\" \/>\n\t<meta property=\"og:image:type\" content=\"image\/jpeg\" \/>\n<meta name=\"twitter:card\" content=\"summary_large_image\" \/>\n<meta name=\"twitter:label1\" content=\"Odhadovan\u00e1 doba \u010dten\u00ed\" \/>\n\t<meta name=\"twitter:data1\" content=\"3 minuty\" \/>\n<script type=\"application\/ld+json\" class=\"yoast-schema-graph\">{\"@context\":\"https:\\\/\\\/schema.org\",\"@graph\":[{\"@type\":[\"WebPage\",\"ItemPage\"],\"@id\":\"https:\\\/\\\/test.magnetarmagnets.com\\\/cs\\\/shop\\\/startovaci-magnet-fishing-set-200-kg-jednostranny\\\/\",\"url\":\"https:\\\/\\\/test.magnetarmagnets.com\\\/cs\\\/shop\\\/startovaci-magnet-fishing-set-200-kg-jednostranny\\\/\",\"name\":\"Startovac\u00ed magnet fishing set \u2013 200 kg \u2013 jednostrann\u00fd - Magnet fishing with a Magnetar fishing magnet\",\"isPartOf\":{\"@id\":\"https:\\\/\\\/test.magnetarmagnets.com\\\/cs\\\/#website\"},\"primaryImageOfPage\":{\"@id\":\"https:\\\/\\\/test.magnetarmagnets.com\\\/cs\\\/shop\\\/startovaci-magnet-fishing-set-200-kg-jednostranny\\\/#primaryimage\"},\"image\":{\"@id\":\"https:\\\/\\\/test.magnetarmagnets.com\\\/cs\\\/shop\\\/startovaci-magnet-fishing-set-200-kg-jednostranny\\\/#primaryimage\"},\"thumbnailUrl\":\"https:\\\/\\\/test.magnetarmagnets.com\\\/wp-content\\\/uploads\\\/2018\\\/05\\\/MAGNETAR-STARTER-SET-GOOGLE.jpg\",\"datePublished\":\"2025-06-05T07:54:39+00:00\",\"dateModified\":\"2025-09-28T16:09:55+00:00\",\"description\":\"Startovac\u00ed bal\u00ed\u010dek - 200 kg jednostrann\u00fd - Magnetar\",\"breadcrumb\":{\"@id\":\"https:\\\/\\\/test.magnetarmagnets.com\\\/cs\\\/shop\\\/startovaci-magnet-fishing-set-200-kg-jednostranny\\\/#breadcrumb\"},\"inLanguage\":\"cs\",\"potentialAction\":[{\"@type\":\"ReadAction\",\"target\":[\"https:\\\/\\\/test.magnetarmagnets.com\\\/cs\\\/shop\\\/startovaci-magnet-fishing-set-200-kg-jednostranny\\\/\"]}]},{\"@type\":\"ImageObject\",\"inLanguage\":\"cs\",\"@id\":\"https:\\\/\\\/test.magnetarmagnets.com\\\/cs\\\/shop\\\/startovaci-magnet-fishing-set-200-kg-jednostranny\\\/#primaryimage\",\"url\":\"https:\\\/\\\/test.magnetarmagnets.com\\\/wp-content\\\/uploads\\\/2018\\\/05\\\/MAGNETAR-STARTER-SET-GOOGLE.jpg\",\"contentUrl\":\"https:\\\/\\\/test.magnetarmagnets.com\\\/wp-content\\\/uploads\\\/2018\\\/05\\\/MAGNETAR-STARTER-SET-GOOGLE.jpg\",\"width\":1500,\"height\":1500},{\"@type\":\"BreadcrumbList\",\"@id\":\"https:\\\/\\\/test.magnetarmagnets.com\\\/cs\\\/shop\\\/startovaci-magnet-fishing-set-200-kg-jednostranny\\\/#breadcrumb\",\"itemListElement\":[{\"@type\":\"ListItem\",\"position\":1,\"name\":\"Home\",\"item\":\"https:\\\/\\\/test.magnetarmagnets.com\\\/cs\\\/\"},{\"@type\":\"ListItem\",\"position\":2,\"name\":\"Obchod\",\"item\":\"https:\\\/\\\/test.magnetarmagnets.com\\\/shop\\\/\"},{\"@type\":\"ListItem\",\"position\":3,\"name\":\"Fishing magnety\",\"item\":\"https:\\\/\\\/test.magnetarmagnets.com\\\/cs\\\/collections\\\/fishing-magnets-cs\\\/\"},{\"@type\":\"ListItem\",\"position\":4,\"name\":\"Jednostrann\u00e9 fishing magnety\",\"item\":\"https:\\\/\\\/test.magnetarmagnets.com\\\/cs\\\/collections\\\/fishing-magnets-cs\\\/jednostranne-fishing-magnety\\\/\"},{\"@type\":\"ListItem\",\"position\":5,\"name\":\"Startovac\u00ed magnet fishing set \u2013 200 kg \u2013 jednostrann\u00fd\"}]},{\"@type\":\"WebSite\",\"@id\":\"https:\\\/\\\/test.magnetarmagnets.com\\\/cs\\\/#website\",\"url\":\"https:\\\/\\\/test.magnetarmagnets.com\\\/cs\\\/\",\"name\":\"Magnet fishing with a Magnetar fishing magnet\",\"description\":\"Powerful magnets for magnet fishing\",\"publisher\":{\"@id\":\"https:\\\/\\\/test.magnetarmagnets.com\\\/cs\\\/#organization\"},\"potentialAction\":[{\"@type\":\"SearchAction\",\"target\":{\"@type\":\"EntryPoint\",\"urlTemplate\":\"https:\\\/\\\/test.magnetarmagnets.com\\\/cs\\\/?s={search_term_string}\"},\"query-input\":{\"@type\":\"PropertyValueSpecification\",\"valueRequired\":true,\"valueName\":\"search_term_string\"}}],\"inLanguage\":\"cs\"},{\"@type\":\"Organization\",\"@id\":\"https:\\\/\\\/test.magnetarmagnets.com\\\/cs\\\/#organization\",\"name\":\"Magnetar\",\"url\":\"https:\\\/\\\/test.magnetarmagnets.com\\\/cs\\\/\",\"logo\":{\"@type\":\"ImageObject\",\"inLanguage\":\"cs\",\"@id\":\"https:\\\/\\\/test.magnetarmagnets.com\\\/cs\\\/#\\\/schema\\\/logo\\\/image\\\/\",\"url\":\"https:\\\/\\\/magnetarmagnets.com\\\/wp-content\\\/uploads\\\/2021\\\/01\\\/magnetarvismagneet_logo.png\",\"contentUrl\":\"https:\\\/\\\/magnetarmagnets.com\\\/wp-content\\\/uploads\\\/2021\\\/01\\\/magnetarvismagneet_logo.png\",\"width\":209,\"height\":100,\"caption\":\"Magnetar\"},\"image\":{\"@id\":\"https:\\\/\\\/test.magnetarmagnets.com\\\/cs\\\/#\\\/schema\\\/logo\\\/image\\\/\"},\"sameAs\":[\"https:\\\/\\\/www.facebook.com\\\/fishingmagnets\\\/\",\"https:\\\/\\\/www.instagram.com\\\/magnetar_magnets\\\/\",\"https:\\\/\\\/www.linkedin.com\\\/company\\\/magnetarbv\\\/?originalSubdomain=nl\",\"https:\\\/\\\/www.youtube.com\\\/c\\\/MagnetarVismagneet\"]}]}<\/script>\n<!-- \/ Yoast SEO plugin. -->","yoast_head_json":{"title":"Startovac\u00ed magnet fishing set \u2013 200 kg \u2013 jednostrann\u00fd - Magnet fishing with a Magnetar fishing magnet","description":"Startovac\u00ed bal\u00ed\u010dek - 200 kg jednostrann\u00fd - Magnetar","robots":{"index":"index","follow":"follow","max-snippet":"max-snippet:-1","max-image-preview":"max-image-preview:large","max-video-preview":"max-video-preview:-1"},"canonical":"https:\/\/test.magnetarmagnets.com\/cs\/shop\/startovaci-magnet-fishing-set-200-kg-jednostranny\/","og_locale":"cs_CZ","og_type":"article","og_title":"Startovac\u00ed magnet fishing set \u2013 200 kg \u2013 jednostrann\u00fd - Magnet fishing with a Magnetar fishing magnet","og_description":"Startovac\u00ed bal\u00ed\u010dek - 200 kg jednostrann\u00fd - Magnetar","og_url":"https:\/\/test.magnetarmagnets.com\/cs\/shop\/startovaci-magnet-fishing-set-200-kg-jednostranny\/","og_site_name":"Magnet fishing with a Magnetar fishing magnet","article_publisher":"https:\/\/www.facebook.com\/fishingmagnets\/","article_modified_time":"2025-09-28T16:09:55+00:00","og_image":[{"width":1500,"height":1500,"url":"https:\/\/test.magnetarmagnets.com\/wp-content\/uploads\/2018\/05\/MAGNETAR-STARTER-SET-GOOGLE.jpg","type":"image\/jpeg"}],"twitter_card":"summary_large_image","twitter_misc":{"Odhadovan\u00e1 doba \u010dten\u00ed":"3 minuty"},"schema":{"@context":"https:\/\/schema.org","@graph":[{"@type":["WebPage","ItemPage"],"@id":"https:\/\/test.magnetarmagnets.com\/cs\/shop\/startovaci-magnet-fishing-set-200-kg-jednostranny\/","url":"https:\/\/test.magnetarmagnets.com\/cs\/shop\/startovaci-magnet-fishing-set-200-kg-jednostranny\/","name":"Startovac\u00ed magnet fishing set \u2013 200 kg \u2013 jednostrann\u00fd - Magnet fishing with a Magnetar fishing magnet","isPartOf":{"@id":"https:\/\/test.magnetarmagnets.com\/cs\/#website"},"primaryImageOfPage":{"@id":"https:\/\/test.magnetarmagnets.com\/cs\/shop\/startovaci-magnet-fishing-set-200-kg-jednostranny\/#primaryimage"},"image":{"@id":"https:\/\/test.magnetarmagnets.com\/cs\/shop\/startovaci-magnet-fishing-set-200-kg-jednostranny\/#primaryimage"},"thumbnailUrl":"https:\/\/test.magnetarmagnets.com\/wp-content\/uploads\/2018\/05\/MAGNETAR-STARTER-SET-GOOGLE.jpg","datePublished":"2025-06-05T07:54:39+00:00","dateModified":"2025-09-28T16:09:55+00:00","description":"Startovac\u00ed bal\u00ed\u010dek - 200 kg jednostrann\u00fd - Magnetar","breadcrumb":{"@id":"https:\/\/test.magnetarmagnets.com\/cs\/shop\/startovaci-magnet-fishing-set-200-kg-jednostranny\/#breadcrumb"},"inLanguage":"cs","potentialAction":[{"@type":"ReadAction","target":["https:\/\/test.magnetarmagnets.com\/cs\/shop\/startovaci-magnet-fishing-set-200-kg-jednostranny\/"]}]},{"@type":"ImageObject","inLanguage":"cs","@id":"https:\/\/test.magnetarmagnets.com\/cs\/shop\/startovaci-magnet-fishing-set-200-kg-jednostranny\/#primaryimage","url":"https:\/\/test.magnetarmagnets.com\/wp-content\/uploads\/2018\/05\/MAGNETAR-STARTER-SET-GOOGLE.jpg","contentUrl":"https:\/\/test.magnetarmagnets.com\/wp-content\/uploads\/2018\/05\/MAGNETAR-STARTER-SET-GOOGLE.jpg","width":1500,"height":1500},{"@type":"BreadcrumbList","@id":"https:\/\/test.magnetarmagnets.com\/cs\/shop\/startovaci-magnet-fishing-set-200-kg-jednostranny\/#breadcrumb","itemListElement":[{"@type":"ListItem","position":1,"name":"Home","item":"https:\/\/test.magnetarmagnets.com\/cs\/"},{"@type":"ListItem","position":2,"name":"Obchod","item":"https:\/\/test.magnetarmagnets.com\/shop\/"},{"@type":"ListItem","position":3,"name":"Fishing magnety","item":"https:\/\/test.magnetarmagnets.com\/cs\/collections\/fishing-magnets-cs\/"},{"@type":"ListItem","position":4,"name":"Jednostrann\u00e9 fishing magnety","item":"https:\/\/test.magnetarmagnets.com\/cs\/collections\/fishing-magnets-cs\/jednostranne-fishing-magnety\/"},{"@type":"ListItem","position":5,"name":"Startovac\u00ed magnet fishing set \u2013 200 kg \u2013 jednostrann\u00fd"}]},{"@type":"WebSite","@id":"https:\/\/test.magnetarmagnets.com\/cs\/#website","url":"https:\/\/test.magnetarmagnets.com\/cs\/","name":"Magnet fishing with a Magnetar fishing magnet","description":"Powerful magnets for magnet fishing","publisher":{"@id":"https:\/\/test.magnetarmagnets.com\/cs\/#organization"},"potentialAction":[{"@type":"SearchAction","target":{"@type":"EntryPoint","urlTemplate":"https:\/\/test.magnetarmagnets.com\/cs\/?s={search_term_string}"},"query-input":{"@type":"PropertyValueSpecification","valueRequired":true,"valueName":"search_term_string"}}],"inLanguage":"cs"},{"@type":"Organization","@id":"https:\/\/test.magnetarmagnets.com\/cs\/#organization","name":"Magnetar","url":"https:\/\/test.magnetarmagnets.com\/cs\/","logo":{"@type":"ImageObject","inLanguage":"cs","@id":"https:\/\/test.magnetarmagnets.com\/cs\/#\/schema\/logo\/image\/","url":"https:\/\/magnetarmagnets.com\/wp-content\/uploads\/2021\/01\/magnetarvismagneet_logo.png","contentUrl":"https:\/\/magnetarmagnets.com\/wp-content\/uploads\/2021\/01\/magnetarvismagneet_logo.png","width":209,"height":100,"caption":"Magnetar"},"image":{"@id":"https:\/\/test.magnetarmagnets.com\/cs\/#\/schema\/logo\/image\/"},"sameAs":["https:\/\/www.facebook.com\/fishingmagnets\/","https:\/\/www.instagram.com\/magnetar_magnets\/","https:\/\/www.linkedin.com\/company\/magnetarbv\/?originalSubdomain=nl","https:\/\/www.youtube.com\/c\/MagnetarVismagneet"]}]}},"_links":{"self":[{"href":"https:\/\/test.magnetarmagnets.com\/cs\/wp-json\/wp\/v2\/product\/83232","targetHints":{"allow":["GET"]}}],"collection":[{"href":"https:\/\/test.magnetarmagnets.com\/cs\/wp-json\/wp\/v2\/product"}],"about":[{"href":"https:\/\/test.magnetarmagnets.com\/cs\/wp-json\/wp\/v2\/types\/product"}],"replies":[{"embeddable":true,"href":"https:\/\/test.magnetarmagnets.com\/cs\/wp-json\/wp\/v2\/comments?post=83232"}],"wp:featuredmedia":[{"embeddable":true,"href":"https:\/\/test.magnetarmagnets.com\/cs\/wp-json\/wp\/v2\/media\/79488"}],"wp:attachment":[{"href":"https:\/\/test.magnetarmagnets.com\/cs\/wp-json\/wp\/v2\/media?parent=83232"}],"wp:term":[{"taxonomy":"product_brand","embeddable":true,"href":"https:\/\/test.magnetarmagnets.com\/cs\/wp-json\/wp\/v2\/product_brand?post=83232"},{"taxonomy":"product_cat","embeddable":true,"href":"https:\/\/test.magnetarmagnets.com\/cs\/wp-json\/wp\/v2\/product_cat?post=83232"},{"taxonomy":"product_tag","embeddable":true,"href":"https:\/\/test.magnetarmagnets.com\/cs\/wp-json\/wp\/v2\/product_tag?post=83232"}],"curies":[{"name":"wp","href":"https:\/\/api.w.org\/{rel}","templated":true}]}}